{"id":7098,"date":"2025-12-15T13:03:30","date_gmt":"2025-12-15T18:03:30","guid":{"rendered":"https:\/\/dcobys.com\/services\/uncategorized\/strategic-import-and-logistics-saudi-arabia-2\/"},"modified":"2026-01-30T21:36:11","modified_gmt":"2026-01-31T02:36:11","slug":"strategic-import-and-logistics-saudi-arabia-2","status":"publish","type":"product","link":"https:\/\/dcobys.com\/es\/services\/misiones-comerciales\/agro-tech-y-seguridad-alimentaria\/importacion-estrategica-y-centros-logisticos-alimentarios\/strategic-import-and-logistics-saudi-arabia-2\/","title":{"rendered":"Importaci\u00f3n estrat\u00e9gica y centros log\u00edsticos alimentarios  &#8211;  Arabia Saudita"},"content":{"rendered":"<p>La Misi\u00f3n Comercial en Arabia Saudita brinda acceso a un mercado en r\u00e1pida expansi\u00f3n, donde Riad y Yeda consolidan centros log\u00edsticos alimentarios clave para abastecer a una poblaci\u00f3n creciente y proyectos megaciudad como NEOM. El programa conecta a empresas con importadores, operadores de cadena en fr\u00edo, plataformas de abastecimiento institucional y clusters que buscan proveedores confiables para categor\u00edas premium, congelados, frescos y productos listos para consumo. La agenda facilita reuniones con compradores que priorizan trazabilidad, calidad y abastecimiento sostenible. Esta misi\u00f3n posiciona a las empresas dentro del ecosistema saud\u00ed en plena transformaci\u00f3n, generando oportunidades de contratos y expansi\u00f3n comercial. Fuentes: Foodex Saudi \u00b7 Saudi Food Show.<\/p>\n","protected":false},"excerpt":{"rendered":"<p>La Misi\u00f3n Comercial en Arabia Saudita brinda acceso a un mercado en r\u00e1pida expansi\u00f3n, donde Riad y Yeda consolidan centros log\u00edsticos alimentarios clave para abastecer a una poblaci\u00f3n creciente y proyectos megaciudad como NEOM. El programa conecta a empresas con importadores, operadores de cadena en fr\u00edo, plataformas de abastecimiento institucional y clusters que buscan proveedores [&hellip;]<\/p>\n","protected":false},"featured_media":7225,"template":"","meta":{"_acf_changed":false},"country":[946],"product_brand":[],"product_cat":[962,963,893],"product_tag":[924],"class_list":{"0":"post-7098","1":"product","2":"type-product","3":"status-publish","4":"has-post-thumbnail","6":"country-arabia-saudita","7":"product_cat-agro-tech-y-seguridad-alimentaria","8":"product_cat-importacion-estrategica-y-centros-logisticos-alimentarios","9":"product_cat-misiones-comerciales","10":"product_tag-misiones-comerciales","12":"first","13":"instock","14":"virtual","15":"product-type-simple"},"acf":[],"_links":{"self":[{"href":"https:\/\/dcobys.com\/es\/wp-json\/wp\/v2\/product\/7098","targetHints":{"allow":["GET"]}}],"collection":[{"href":"https:\/\/dcobys.com\/es\/wp-json\/wp\/v2\/product"}],"about":[{"href":"https:\/\/dcobys.com\/es\/wp-json\/wp\/v2\/types\/product"}],"version-history":[{"count":0,"href":"https:\/\/dcobys.com\/es\/wp-json\/wp\/v2\/product\/7098\/revisions"}],"wp:featuredmedia":[{"embeddable":true,"href":"https:\/\/dcobys.com\/es\/wp-json\/wp\/v2\/media\/7225"}],"wp:attachment":[{"href":"https:\/\/dcobys.com\/es\/wp-json\/wp\/v2\/media?parent=7098"}],"wp:term":[{"taxonomy":"country","embeddable":true,"href":"https:\/\/dcobys.com\/es\/wp-json\/wp\/v2\/country?post=7098"},{"taxonomy":"product_brand","embeddable":true,"href":"https:\/\/dcobys.com\/es\/wp-json\/wp\/v2\/product_brand?post=7098"},{"taxonomy":"product_cat","embeddable":true,"href":"https:\/\/dcobys.com\/es\/wp-json\/wp\/v2\/product_cat?post=7098"},{"taxonomy":"product_tag","embeddable":true,"href":"https:\/\/dcobys.com\/es\/wp-json\/wp\/v2\/product_tag?post=7098"}],"curies":[{"name":"wp","href":"https:\/\/api.w.org\/{rel}","templated":true}]}}