{"id":7096,"date":"2025-12-15T13:03:30","date_gmt":"2025-12-15T18:03:30","guid":{"rendered":"https:\/\/dcobys.com\/services\/uncategorized\/strategic-import-and-logistics-singapore-2\/"},"modified":"2026-01-30T21:36:11","modified_gmt":"2026-01-31T02:36:11","slug":"strategic-import-and-logistics-singapore-2","status":"publish","type":"product","link":"https:\/\/dcobys.com\/es\/services\/misiones-comerciales\/agro-tech-y-seguridad-alimentaria\/importacion-estrategica-y-centros-logisticos-alimentarios\/strategic-import-and-logistics-singapore-2\/","title":{"rendered":"Importaci\u00f3n estrat\u00e9gica y centros log\u00edsticos alimentarios  &#8211;  Singapur"},"content":{"rendered":"<p>La Misi\u00f3n Comercial en Singapur integra a los participantes en uno de los ecosistemas log\u00edsticos y agroalimentarios m\u00e1s eficientes del mundo, donde el pa\u00eds act\u00faa como hub cr\u00edtico para la entrada y redistribuci\u00f3n hacia el Sudeste Asi\u00e1tico. La visita conecta con operadores de puertos, plataformas de supply chain y centros de cadena en fr\u00edo que adoptan digitalizaci\u00f3n avanzada, sensorizaci\u00f3n y automatizaci\u00f3n para garantizar calidad y velocidad. Adem\u00e1s, permite acercamiento con compradores, importadores y distribuidores que buscan proveedores altamente confiables para abastecer un mercado con fuerte dependencia de importaciones premium. La misi\u00f3n abre oportunidades de integraci\u00f3n en redes de distribuci\u00f3n regionales y alianzas con actores estrat\u00e9gicos. Fuentes: Asia Fruit Logistica \u00b7 Cold Chain Asia.<\/p>\n","protected":false},"excerpt":{"rendered":"<p>La Misi\u00f3n Comercial en Singapur integra a los participantes en uno de los ecosistemas log\u00edsticos y agroalimentarios m\u00e1s eficientes del mundo, donde el pa\u00eds act\u00faa como hub cr\u00edtico para la entrada y redistribuci\u00f3n hacia el Sudeste Asi\u00e1tico. La visita conecta con operadores de puertos, plataformas de supply chain y centros de cadena en fr\u00edo que [&hellip;]<\/p>\n","protected":false},"featured_media":7225,"template":"","meta":{"_acf_changed":false},"country":[947],"product_brand":[],"product_cat":[962,963,893],"product_tag":[924],"class_list":{"0":"post-7096","1":"product","2":"type-product","3":"status-publish","4":"has-post-thumbnail","6":"country-singapur","7":"product_cat-agro-tech-y-seguridad-alimentaria","8":"product_cat-importacion-estrategica-y-centros-logisticos-alimentarios","9":"product_cat-misiones-comerciales","10":"product_tag-misiones-comerciales","12":"first","13":"instock","14":"virtual","15":"product-type-simple"},"acf":[],"_links":{"self":[{"href":"https:\/\/dcobys.com\/es\/wp-json\/wp\/v2\/product\/7096","targetHints":{"allow":["GET"]}}],"collection":[{"href":"https:\/\/dcobys.com\/es\/wp-json\/wp\/v2\/product"}],"about":[{"href":"https:\/\/dcobys.com\/es\/wp-json\/wp\/v2\/types\/product"}],"version-history":[{"count":0,"href":"https:\/\/dcobys.com\/es\/wp-json\/wp\/v2\/product\/7096\/revisions"}],"wp:featuredmedia":[{"embeddable":true,"href":"https:\/\/dcobys.com\/es\/wp-json\/wp\/v2\/media\/7225"}],"wp:attachment":[{"href":"https:\/\/dcobys.com\/es\/wp-json\/wp\/v2\/media?parent=7096"}],"wp:term":[{"taxonomy":"country","embeddable":true,"href":"https:\/\/dcobys.com\/es\/wp-json\/wp\/v2\/country?post=7096"},{"taxonomy":"product_brand","embeddable":true,"href":"https:\/\/dcobys.com\/es\/wp-json\/wp\/v2\/product_brand?post=7096"},{"taxonomy":"product_cat","embeddable":true,"href":"https:\/\/dcobys.com\/es\/wp-json\/wp\/v2\/product_cat?post=7096"},{"taxonomy":"product_tag","embeddable":true,"href":"https:\/\/dcobys.com\/es\/wp-json\/wp\/v2\/product_tag?post=7096"}],"curies":[{"name":"wp","href":"https:\/\/api.w.org\/{rel}","templated":true}]}}