{"id":7094,"date":"2025-12-15T13:03:30","date_gmt":"2025-12-15T18:03:30","guid":{"rendered":"https:\/\/dcobys.com\/services\/uncategorized\/strategic-import-and-logistics-uae-2\/"},"modified":"2026-01-30T21:36:11","modified_gmt":"2026-01-31T02:36:11","slug":"strategic-import-and-logistics-uae-2","status":"publish","type":"product","link":"https:\/\/dcobys.com\/es\/services\/misiones-comerciales\/agro-tech-y-seguridad-alimentaria\/importacion-estrategica-y-centros-logisticos-alimentarios\/strategic-import-and-logistics-uae-2\/","title":{"rendered":"Importaci\u00f3n estrat\u00e9gica y centros log\u00edsticos alimentarios  &#8211;  Emiratos \u00c1rabes Unidos"},"content":{"rendered":"<p>La Misi\u00f3n Comercial en Emiratos \u00c1rabes Unidos permite acceder al mayor hub log\u00edstico alimentario del Golfo, donde Dub\u00e1i y Abu Dhabi operan ecosistemas estrat\u00e9gicos de importaci\u00f3n, inspecci\u00f3n, almacenamiento y distribuci\u00f3n regional. La agenda conecta a empresas con operadores de puertos, zonas francas, centros de cadena en fr\u00edo y plataformas de abastecimiento que requieren proveedores confiables y tecnolog\u00edas para trazabilidad, automatizaci\u00f3n y seguridad alimentaria. La misi\u00f3n facilita reuniones con compradores regionales que buscan productos diferenciados, soluciones de conservaci\u00f3n y modelos de abastecimiento continuo. Es una oportunidad clave para integrarse al sistema que redistribuye alimentos a m\u00e1s de 2.000 millones de consumidores en Medio Oriente, \u00c1frica y Asia. Fuentes: Gulfood \u00b7 Middle East Cold Chain Expo.<\/p>\n","protected":false},"excerpt":{"rendered":"<p>La Misi\u00f3n Comercial en Emiratos \u00c1rabes Unidos permite acceder al mayor hub log\u00edstico alimentario del Golfo, donde Dub\u00e1i y Abu Dhabi operan ecosistemas estrat\u00e9gicos de importaci\u00f3n, inspecci\u00f3n, almacenamiento y distribuci\u00f3n regional. La agenda conecta a empresas con operadores de puertos, zonas francas, centros de cadena en fr\u00edo y plataformas de abastecimiento que requieren proveedores confiables [&hellip;]<\/p>\n","protected":false},"featured_media":7225,"template":"","meta":{"_acf_changed":false},"country":[953],"product_brand":[],"product_cat":[962,963,893],"product_tag":[924],"class_list":{"0":"post-7094","1":"product","2":"type-product","3":"status-publish","4":"has-post-thumbnail","6":"country-emiratos-arabes-unidos","7":"product_cat-agro-tech-y-seguridad-alimentaria","8":"product_cat-importacion-estrategica-y-centros-logisticos-alimentarios","9":"product_cat-misiones-comerciales","10":"product_tag-misiones-comerciales","12":"first","13":"instock","14":"virtual","15":"product-type-simple"},"acf":[],"_links":{"self":[{"href":"https:\/\/dcobys.com\/es\/wp-json\/wp\/v2\/product\/7094","targetHints":{"allow":["GET"]}}],"collection":[{"href":"https:\/\/dcobys.com\/es\/wp-json\/wp\/v2\/product"}],"about":[{"href":"https:\/\/dcobys.com\/es\/wp-json\/wp\/v2\/types\/product"}],"version-history":[{"count":0,"href":"https:\/\/dcobys.com\/es\/wp-json\/wp\/v2\/product\/7094\/revisions"}],"wp:featuredmedia":[{"embeddable":true,"href":"https:\/\/dcobys.com\/es\/wp-json\/wp\/v2\/media\/7225"}],"wp:attachment":[{"href":"https:\/\/dcobys.com\/es\/wp-json\/wp\/v2\/media?parent=7094"}],"wp:term":[{"taxonomy":"country","embeddable":true,"href":"https:\/\/dcobys.com\/es\/wp-json\/wp\/v2\/country?post=7094"},{"taxonomy":"product_brand","embeddable":true,"href":"https:\/\/dcobys.com\/es\/wp-json\/wp\/v2\/product_brand?post=7094"},{"taxonomy":"product_cat","embeddable":true,"href":"https:\/\/dcobys.com\/es\/wp-json\/wp\/v2\/product_cat?post=7094"},{"taxonomy":"product_tag","embeddable":true,"href":"https:\/\/dcobys.com\/es\/wp-json\/wp\/v2\/product_tag?post=7094"}],"curies":[{"name":"wp","href":"https:\/\/api.w.org\/{rel}","templated":true}]}}