{"id":7088,"date":"2025-12-15T13:03:30","date_gmt":"2025-12-15T18:03:30","guid":{"rendered":"https:\/\/dcobys.com\/services\/uncategorized\/vertical-farming-and-water-tech-uae-2\/"},"modified":"2026-01-30T21:36:10","modified_gmt":"2026-01-31T02:36:10","slug":"vertical-farming-and-water-tech-uae-2","status":"publish","type":"product","link":"https:\/\/dcobys.com\/es\/services\/misiones-comerciales\/agro-tech-y-seguridad-alimentaria\/agricultura-vertical-y-tecnologia-hidrica\/vertical-farming-and-water-tech-uae-2\/","title":{"rendered":"Agricultura vertical y tecnolog\u00eda h\u00eddrica  &#8211;  Emiratos \u00c1rabes Unidos"},"content":{"rendered":"<p>La Misi\u00f3n Comercial en Emiratos \u00c1rabes Unidos impulsa el acceso directo al ecosistema agr\u00edcola m\u00e1s avanzado del Golfo, donde Dub\u00e1i y Abu Dhabi lideran la adopci\u00f3n de agricultura vertical, hidropon\u00eda y soluciones de eficiencia h\u00eddrica en entornos des\u00e9rticos. La agenda conecta a empresas con desarrolladores de granjas inteligentes, centros de investigaci\u00f3n clim\u00e1ticamente controlados y operadores que buscan tecnolog\u00edas para maximizar productividad con recursos h\u00eddricos m\u00ednimos. Adem\u00e1s, abre puertas a alianzas con integradores de automatizaci\u00f3n, sensores IoT y sistemas de trazabilidad para producci\u00f3n premium. El mercado emirat\u00ed demanda soluciones escalables que reduzcan importaciones y fortalezcan la autosuficiencia alimentaria, generando oportunidades inmediatas de pilotos y supply contracts. Fuentes: Global Vertical Farming Show \u00b7 AgraME Dubai.<\/p>\n","protected":false},"excerpt":{"rendered":"<p>La Misi\u00f3n Comercial en Emiratos \u00c1rabes Unidos impulsa el acceso directo al ecosistema agr\u00edcola m\u00e1s avanzado del Golfo, donde Dub\u00e1i y Abu Dhabi lideran la adopci\u00f3n de agricultura vertical, hidropon\u00eda y soluciones de eficiencia h\u00eddrica en entornos des\u00e9rticos. La agenda conecta a empresas con desarrolladores de granjas inteligentes, centros de investigaci\u00f3n clim\u00e1ticamente controlados y operadores [&hellip;]<\/p>\n","protected":false},"featured_media":7221,"template":"","meta":{"_acf_changed":false},"country":[953],"product_brand":[],"product_cat":[964,962,893],"product_tag":[924],"class_list":{"0":"post-7088","1":"product","2":"type-product","3":"status-publish","4":"has-post-thumbnail","6":"country-emiratos-arabes-unidos","7":"product_cat-agricultura-vertical-y-tecnologia-hidrica","8":"product_cat-agro-tech-y-seguridad-alimentaria","9":"product_cat-misiones-comerciales","10":"product_tag-misiones-comerciales","12":"first","13":"instock","14":"virtual","15":"product-type-simple"},"acf":[],"_links":{"self":[{"href":"https:\/\/dcobys.com\/es\/wp-json\/wp\/v2\/product\/7088","targetHints":{"allow":["GET"]}}],"collection":[{"href":"https:\/\/dcobys.com\/es\/wp-json\/wp\/v2\/product"}],"about":[{"href":"https:\/\/dcobys.com\/es\/wp-json\/wp\/v2\/types\/product"}],"version-history":[{"count":0,"href":"https:\/\/dcobys.com\/es\/wp-json\/wp\/v2\/product\/7088\/revisions"}],"wp:featuredmedia":[{"embeddable":true,"href":"https:\/\/dcobys.com\/es\/wp-json\/wp\/v2\/media\/7221"}],"wp:attachment":[{"href":"https:\/\/dcobys.com\/es\/wp-json\/wp\/v2\/media?parent=7088"}],"wp:term":[{"taxonomy":"country","embeddable":true,"href":"https:\/\/dcobys.com\/es\/wp-json\/wp\/v2\/country?post=7088"},{"taxonomy":"product_brand","embeddable":true,"href":"https:\/\/dcobys.com\/es\/wp-json\/wp\/v2\/product_brand?post=7088"},{"taxonomy":"product_cat","embeddable":true,"href":"https:\/\/dcobys.com\/es\/wp-json\/wp\/v2\/product_cat?post=7088"},{"taxonomy":"product_tag","embeddable":true,"href":"https:\/\/dcobys.com\/es\/wp-json\/wp\/v2\/product_tag?post=7088"}],"curies":[{"name":"wp","href":"https:\/\/api.w.org\/{rel}","templated":true}]}}