{"id":7084,"date":"2025-12-15T13:03:30","date_gmt":"2025-12-15T18:03:30","guid":{"rendered":"https:\/\/dcobys.com\/services\/uncategorized\/cyber-defense-and-surveillance-uae-2\/"},"modified":"2026-01-30T21:36:10","modified_gmt":"2026-01-31T02:36:10","slug":"cyber-defense-and-surveillance-uae-2","status":"publish","type":"product","link":"https:\/\/dcobys.com\/es\/services\/misiones-comerciales\/defensa-ciberseguridad-y-tecnologia-militar\/defensa-cibernetica-y-sistemas-de-vigilancia\/cyber-defense-and-surveillance-uae-2\/","title":{"rendered":"Defensa cibern\u00e9tica y sistemas de vigilancia  &#8211;  Emiratos \u00c1rabes Unidos"},"content":{"rendered":"<p>La Misi\u00f3n Comercial en Emiratos \u00c1rabes Unidos permite a empresas tecnol\u00f3gicas y de seguridad integrarse en uno de los ecosistemas de defensa cibern\u00e9tica m\u00e1s avanzados del mundo, con epicentro en Abu Dhabi y Dub\u00e1i. Las compa\u00f1\u00edas participantes acceden a l\u00edderes en protecci\u00f3n digital, inteligencia aplicada, sistemas de vigilancia, monitoreo de amenazas y soluciones de ciberdefensa gubernamental. La agenda incluye visitas t\u00e9cnicas, reuniones con integradores de tecnolog\u00eda militar y plataformas de cooperaci\u00f3n con entidades estatales responsables de infraestructura cr\u00edtica. Adem\u00e1s, se analizan oportunidades de despliegue regional gracias al rol estrat\u00e9gico de los EAU como hub de seguridad en Medio Oriente. La misi\u00f3n tambi\u00e9n facilita interacci\u00f3n con proveedores globales, laboratorios de innovaci\u00f3n y clusters militares que integran IA, an\u00e1lisis de datos y ciberinteligencia. Fuentes: \u201cGISEC Global\u201d \u00b7 \u201cIDEX Cyber Forum\u201d.<\/p>\n","protected":false},"excerpt":{"rendered":"<p>La Misi\u00f3n Comercial en Emiratos \u00c1rabes Unidos permite a empresas tecnol\u00f3gicas y de seguridad integrarse en uno de los ecosistemas de defensa cibern\u00e9tica m\u00e1s avanzados del mundo, con epicentro en Abu Dhabi y Dub\u00e1i. Las compa\u00f1\u00edas participantes acceden a l\u00edderes en protecci\u00f3n digital, inteligencia aplicada, sistemas de vigilancia, monitoreo de amenazas y soluciones de ciberdefensa [&hellip;]<\/p>\n","protected":false},"featured_media":7381,"template":"","meta":{"_acf_changed":false},"country":[953],"product_brand":[],"product_cat":[982,980,893],"product_tag":[924],"class_list":{"0":"post-7084","1":"product","2":"type-product","3":"status-publish","4":"has-post-thumbnail","6":"country-emiratos-arabes-unidos","7":"product_cat-defensa-cibernetica-y-sistemas-de-vigilancia","8":"product_cat-defensa-ciberseguridad-y-tecnologia-militar","9":"product_cat-misiones-comerciales","10":"product_tag-misiones-comerciales","12":"first","13":"instock","14":"virtual","15":"product-type-simple"},"acf":[],"_links":{"self":[{"href":"https:\/\/dcobys.com\/es\/wp-json\/wp\/v2\/product\/7084","targetHints":{"allow":["GET"]}}],"collection":[{"href":"https:\/\/dcobys.com\/es\/wp-json\/wp\/v2\/product"}],"about":[{"href":"https:\/\/dcobys.com\/es\/wp-json\/wp\/v2\/types\/product"}],"version-history":[{"count":0,"href":"https:\/\/dcobys.com\/es\/wp-json\/wp\/v2\/product\/7084\/revisions"}],"wp:featuredmedia":[{"embeddable":true,"href":"https:\/\/dcobys.com\/es\/wp-json\/wp\/v2\/media\/7381"}],"wp:attachment":[{"href":"https:\/\/dcobys.com\/es\/wp-json\/wp\/v2\/media?parent=7084"}],"wp:term":[{"taxonomy":"country","embeddable":true,"href":"https:\/\/dcobys.com\/es\/wp-json\/wp\/v2\/country?post=7084"},{"taxonomy":"product_brand","embeddable":true,"href":"https:\/\/dcobys.com\/es\/wp-json\/wp\/v2\/product_brand?post=7084"},{"taxonomy":"product_cat","embeddable":true,"href":"https:\/\/dcobys.com\/es\/wp-json\/wp\/v2\/product_cat?post=7084"},{"taxonomy":"product_tag","embeddable":true,"href":"https:\/\/dcobys.com\/es\/wp-json\/wp\/v2\/product_tag?post=7084"}],"curies":[{"name":"wp","href":"https:\/\/api.w.org\/{rel}","templated":true}]}}