{"id":7082,"date":"2025-12-15T13:03:30","date_gmt":"2025-12-15T18:03:30","guid":{"rendered":"https:\/\/dcobys.com\/services\/uncategorized\/tactical-drones-and-autonomous-control-usa-2\/"},"modified":"2026-01-30T21:36:10","modified_gmt":"2026-01-31T02:36:10","slug":"tactical-drones-and-autonomous-control-usa-2","status":"publish","type":"product","link":"https:\/\/dcobys.com\/es\/services\/misiones-comerciales\/defensa-ciberseguridad-y-tecnologia-militar\/drones-tacticos-y-control-autonomo-edge-group\/tactical-drones-and-autonomous-control-usa-2\/","title":{"rendered":"Drones t\u00e1cticos y control aut\u00f3nomo (EDGE Group)  &#8211;  EE.UU."},"content":{"rendered":"<p>La Misi\u00f3n Comercial en Estados Unidos abre puertas a los principales centros de defensa, drones t\u00e1cticos, ciberseguridad militar y tecnolog\u00edas avanzadas del Departamento de Defensa. En Washington D.C., San Diego, Arlington y Austin, los participantes acceden a fabricantes, contratistas prime, laboratorios de defensa e integradores de sistemas aut\u00f3nomos. La misi\u00f3n facilita conexi\u00f3n con expertos en ISR, enjambres, rob\u00f3tica terrestre, espacio, ciberoperaciones y soluciones t\u00e1cticas para combate y protecci\u00f3n de infraestructuras cr\u00edticas. Adem\u00e1s, permite entender rutas de certificaci\u00f3n, procurement federal y oportunidades con el ecosistema de innovaci\u00f3n del DoD y AFWERX. La agenda integra visitas estrat\u00e9gicas, reuniones B2B y asistencia a eventos clave. Fuentes: \u201cAUSA \u00b7 DroneX \u00b7 Defense Tech Summit\u201d y \u201cRSA Conference \u00b7 AFCEA TechNet Cyber\u201d.<\/p>\n","protected":false},"excerpt":{"rendered":"<p>La Misi\u00f3n Comercial en Estados Unidos abre puertas a los principales centros de defensa, drones t\u00e1cticos, ciberseguridad militar y tecnolog\u00edas avanzadas del Departamento de Defensa. En Washington D.C., San Diego, Arlington y Austin, los participantes acceden a fabricantes, contratistas prime, laboratorios de defensa e integradores de sistemas aut\u00f3nomos. La misi\u00f3n facilita conexi\u00f3n con expertos en [&hellip;]<\/p>\n","protected":false},"featured_media":7179,"template":"","meta":{"_acf_changed":false},"country":[954],"product_brand":[],"product_cat":[980,981,893],"product_tag":[924],"class_list":{"0":"post-7082","1":"product","2":"type-product","3":"status-publish","4":"has-post-thumbnail","6":"country-ee-uu","7":"product_cat-defensa-ciberseguridad-y-tecnologia-militar","8":"product_cat-drones-tacticos-y-control-autonomo-edge-group","9":"product_cat-misiones-comerciales","10":"product_tag-misiones-comerciales","12":"first","13":"instock","14":"virtual","15":"product-type-simple"},"acf":[],"_links":{"self":[{"href":"https:\/\/dcobys.com\/es\/wp-json\/wp\/v2\/product\/7082","targetHints":{"allow":["GET"]}}],"collection":[{"href":"https:\/\/dcobys.com\/es\/wp-json\/wp\/v2\/product"}],"about":[{"href":"https:\/\/dcobys.com\/es\/wp-json\/wp\/v2\/types\/product"}],"version-history":[{"count":0,"href":"https:\/\/dcobys.com\/es\/wp-json\/wp\/v2\/product\/7082\/revisions"}],"wp:featuredmedia":[{"embeddable":true,"href":"https:\/\/dcobys.com\/es\/wp-json\/wp\/v2\/media\/7179"}],"wp:attachment":[{"href":"https:\/\/dcobys.com\/es\/wp-json\/wp\/v2\/media?parent=7082"}],"wp:term":[{"taxonomy":"country","embeddable":true,"href":"https:\/\/dcobys.com\/es\/wp-json\/wp\/v2\/country?post=7082"},{"taxonomy":"product_brand","embeddable":true,"href":"https:\/\/dcobys.com\/es\/wp-json\/wp\/v2\/product_brand?post=7082"},{"taxonomy":"product_cat","embeddable":true,"href":"https:\/\/dcobys.com\/es\/wp-json\/wp\/v2\/product_cat?post=7082"},{"taxonomy":"product_tag","embeddable":true,"href":"https:\/\/dcobys.com\/es\/wp-json\/wp\/v2\/product_tag?post=7082"}],"curies":[{"name":"wp","href":"https:\/\/api.w.org\/{rel}","templated":true}]}}