{"id":7078,"date":"2025-12-15T13:03:30","date_gmt":"2025-12-15T18:03:30","guid":{"rendered":"https:\/\/dcobys.com\/services\/uncategorized\/tactical-drones-and-autonomous-control-uae-2\/"},"modified":"2026-01-30T21:36:10","modified_gmt":"2026-01-31T02:36:10","slug":"tactical-drones-and-autonomous-control-uae-2","status":"publish","type":"product","link":"https:\/\/dcobys.com\/es\/services\/misiones-comerciales\/defensa-ciberseguridad-y-tecnologia-militar\/drones-tacticos-y-control-autonomo-edge-group\/tactical-drones-and-autonomous-control-uae-2\/","title":{"rendered":"Drones t\u00e1cticos y control aut\u00f3nomo (EDGE Group)  &#8211;  Emiratos \u00c1rabes Unidos"},"content":{"rendered":"<p>La Misi\u00f3n Comercial en Emiratos \u00c1rabes Unidos impulsa el acceso estrat\u00e9gico a un ecosistema l\u00edder en drones t\u00e1cticos, control aut\u00f3nomo y sistemas militares avanzados, con base en Abu Dhabi y Dub\u00e1i. Esta misi\u00f3n permite interactuar directamente con integradores, fabricantes y desarrolladores vinculados a operaciones de defensa, vigilancia y respuesta r\u00e1pida. Las empresas participantes podr\u00e1n conocer tecnolog\u00edas del EDGE Group, capacidades C4ISR, contramedidas, enjambres aut\u00f3nomos y plataformas de interoperabilidad. Incluye reuniones con autoridades, clusters tecnol\u00f3gicos y zonas francas militares para explorar alianzas de transferencia, especificaci\u00f3n o certificaci\u00f3n. El entorno emirat\u00ed facilita negociaciones \u00e1giles, pilotos acelerados y rutas de escalamiento comercial a Oriente Medio, \u00c1frica y Asia. La agenda combina ferias especializadas, visitas t\u00e9cnicas y mesas de negocio personalizadas. Fuentes: \u201cIDEX \u00b7 UMEX \u00b7 NAVDEX\u201d y \u201cGISEC Global \u00b7 IDEX Cyber Forum\u201d.<\/p>\n","protected":false},"excerpt":{"rendered":"<p>La Misi\u00f3n Comercial en Emiratos \u00c1rabes Unidos impulsa el acceso estrat\u00e9gico a un ecosistema l\u00edder en drones t\u00e1cticos, control aut\u00f3nomo y sistemas militares avanzados, con base en Abu Dhabi y Dub\u00e1i. Esta misi\u00f3n permite interactuar directamente con integradores, fabricantes y desarrolladores vinculados a operaciones de defensa, vigilancia y respuesta r\u00e1pida. Las empresas participantes podr\u00e1n conocer [&hellip;]<\/p>\n","protected":false},"featured_media":7179,"template":"","meta":{"_acf_changed":false},"country":[953],"product_brand":[],"product_cat":[980,981,893],"product_tag":[924],"class_list":{"0":"post-7078","1":"product","2":"type-product","3":"status-publish","4":"has-post-thumbnail","6":"country-emiratos-arabes-unidos","7":"product_cat-defensa-ciberseguridad-y-tecnologia-militar","8":"product_cat-drones-tacticos-y-control-autonomo-edge-group","9":"product_cat-misiones-comerciales","10":"product_tag-misiones-comerciales","12":"first","13":"instock","14":"virtual","15":"product-type-simple"},"acf":[],"_links":{"self":[{"href":"https:\/\/dcobys.com\/es\/wp-json\/wp\/v2\/product\/7078","targetHints":{"allow":["GET"]}}],"collection":[{"href":"https:\/\/dcobys.com\/es\/wp-json\/wp\/v2\/product"}],"about":[{"href":"https:\/\/dcobys.com\/es\/wp-json\/wp\/v2\/types\/product"}],"version-history":[{"count":0,"href":"https:\/\/dcobys.com\/es\/wp-json\/wp\/v2\/product\/7078\/revisions"}],"wp:featuredmedia":[{"embeddable":true,"href":"https:\/\/dcobys.com\/es\/wp-json\/wp\/v2\/media\/7179"}],"wp:attachment":[{"href":"https:\/\/dcobys.com\/es\/wp-json\/wp\/v2\/media?parent=7078"}],"wp:term":[{"taxonomy":"country","embeddable":true,"href":"https:\/\/dcobys.com\/es\/wp-json\/wp\/v2\/country?post=7078"},{"taxonomy":"product_brand","embeddable":true,"href":"https:\/\/dcobys.com\/es\/wp-json\/wp\/v2\/product_brand?post=7078"},{"taxonomy":"product_cat","embeddable":true,"href":"https:\/\/dcobys.com\/es\/wp-json\/wp\/v2\/product_cat?post=7078"},{"taxonomy":"product_tag","embeddable":true,"href":"https:\/\/dcobys.com\/es\/wp-json\/wp\/v2\/product_tag?post=7078"}],"curies":[{"name":"wp","href":"https:\/\/api.w.org\/{rel}","templated":true}]}}