{"id":7076,"date":"2025-12-15T13:03:22","date_gmt":"2025-12-15T18:03:22","guid":{"rendered":"https:\/\/dcobys.com\/services\/uncategorized\/proptech-and-state-digitalization-finland-2\/"},"modified":"2026-01-30T21:36:10","modified_gmt":"2026-01-31T02:36:10","slug":"proptech-and-state-digitalization-finland-2","status":"publish","type":"product","link":"https:\/\/dcobys.com\/es\/services\/misiones-comerciales\/tecnologia-ciudades-inteligentes-y-servicios-digitales\/proptech-y-digitalizacion-estatal\/proptech-and-state-digitalization-finland-2\/","title":{"rendered":"PropTech y digitalizaci\u00f3n estatal  &#8211;  Finlandia"},"content":{"rendered":"<p>La Misi\u00f3n Comercial en Finlandia permite acceder a uno de los pa\u00edses m\u00e1s innovadores en soluciones urbanas, tecnolog\u00eda sostenible y programaci\u00f3n aplicada al desarrollo inmobiliario. Helsinki y Espoo destacan por su enfoque en ciudades clim\u00e1ticamente neutras, edificios inteligentes, gemelos digitales y plataformas abiertas de datos urbanos. La agenda incluye reuniones con clusters tecnol\u00f3gicos, desarrolladores y organismos p\u00fablicos que impulsan proyectos de alta sofisticaci\u00f3n t\u00e9cnica. El entorno facilita oportunidades para alianzas europeas, pilotos y escalamiento regional. Fuentes: \u201cSlush Helsinki \u00b7 Smart City Nordic Summit\u201d.<\/p>\n","protected":false},"excerpt":{"rendered":"<p>La Misi\u00f3n Comercial en Finlandia permite acceder a uno de los pa\u00edses m\u00e1s innovadores en soluciones urbanas, tecnolog\u00eda sostenible y programaci\u00f3n aplicada al desarrollo inmobiliario. Helsinki y Espoo destacan por su enfoque en ciudades clim\u00e1ticamente neutras, edificios inteligentes, gemelos digitales y plataformas abiertas de datos urbanos. La agenda incluye reuniones con clusters tecnol\u00f3gicos, desarrolladores y [&hellip;]<\/p>\n","protected":false},"featured_media":7720,"template":"","meta":{"_acf_changed":false},"country":[932],"product_brand":[],"product_cat":[893,1042,1040],"product_tag":[924],"class_list":{"0":"post-7076","1":"product","2":"type-product","3":"status-publish","4":"has-post-thumbnail","6":"country-finlandia","7":"product_cat-misiones-comerciales","8":"product_cat-proptech-y-digitalizacion-estatal","9":"product_cat-tecnologia-ciudades-inteligentes-y-servicios-digitales","10":"product_tag-misiones-comerciales","12":"first","13":"instock","14":"virtual","15":"product-type-simple"},"acf":[],"_links":{"self":[{"href":"https:\/\/dcobys.com\/es\/wp-json\/wp\/v2\/product\/7076","targetHints":{"allow":["GET"]}}],"collection":[{"href":"https:\/\/dcobys.com\/es\/wp-json\/wp\/v2\/product"}],"about":[{"href":"https:\/\/dcobys.com\/es\/wp-json\/wp\/v2\/types\/product"}],"version-history":[{"count":0,"href":"https:\/\/dcobys.com\/es\/wp-json\/wp\/v2\/product\/7076\/revisions"}],"wp:featuredmedia":[{"embeddable":true,"href":"https:\/\/dcobys.com\/es\/wp-json\/wp\/v2\/media\/7720"}],"wp:attachment":[{"href":"https:\/\/dcobys.com\/es\/wp-json\/wp\/v2\/media?parent=7076"}],"wp:term":[{"taxonomy":"country","embeddable":true,"href":"https:\/\/dcobys.com\/es\/wp-json\/wp\/v2\/country?post=7076"},{"taxonomy":"product_brand","embeddable":true,"href":"https:\/\/dcobys.com\/es\/wp-json\/wp\/v2\/product_brand?post=7076"},{"taxonomy":"product_cat","embeddable":true,"href":"https:\/\/dcobys.com\/es\/wp-json\/wp\/v2\/product_cat?post=7076"},{"taxonomy":"product_tag","embeddable":true,"href":"https:\/\/dcobys.com\/es\/wp-json\/wp\/v2\/product_tag?post=7076"}],"curies":[{"name":"wp","href":"https:\/\/api.w.org\/{rel}","templated":true}]}}