{"id":7074,"date":"2025-12-15T13:03:22","date_gmt":"2025-12-15T18:03:22","guid":{"rendered":"https:\/\/dcobys.com\/services\/uncategorized\/proptech-and-state-digitalization-estonia-2\/"},"modified":"2026-01-30T21:36:10","modified_gmt":"2026-01-31T02:36:10","slug":"proptech-and-state-digitalization-estonia-2","status":"publish","type":"product","link":"https:\/\/dcobys.com\/es\/services\/misiones-comerciales\/tecnologia-ciudades-inteligentes-y-servicios-digitales\/proptech-y-digitalizacion-estatal\/proptech-and-state-digitalization-estonia-2\/","title":{"rendered":"PropTech y digitalizaci\u00f3n estatal  &#8211;  Estonia"},"content":{"rendered":"<p>La Misi\u00f3n Comercial en Estonia acerca a las empresas al pa\u00eds m\u00e1s digitalizado del mundo, reconocido por su e-Government, identidad electr\u00f3nica y ecosistema abierto para soluciones de PropTech y gesti\u00f3n urbana. El programa permite explorar modelos de interoperabilidad estatal, automatizaci\u00f3n del catastro, plataformas urbanas y sistemas de gobernanza digital que pueden adaptarse a otros mercados. Los encuentros con entidades p\u00fablicas, startups y laboratorios de innovaci\u00f3n facilitan alianzas para transferencia tecnol\u00f3gica y proyectos piloto. Fuentes: \u201ce-Governance Conference \u00b7 Digital Nation Forum\u201d.<\/p>\n","protected":false},"excerpt":{"rendered":"<p>La Misi\u00f3n Comercial en Estonia acerca a las empresas al pa\u00eds m\u00e1s digitalizado del mundo, reconocido por su e-Government, identidad electr\u00f3nica y ecosistema abierto para soluciones de PropTech y gesti\u00f3n urbana. El programa permite explorar modelos de interoperabilidad estatal, automatizaci\u00f3n del catastro, plataformas urbanas y sistemas de gobernanza digital que pueden adaptarse a otros mercados. [&hellip;]<\/p>\n","protected":false},"featured_media":7720,"template":"","meta":{"_acf_changed":false},"country":[931],"product_brand":[],"product_cat":[893,1042,1040],"product_tag":[924],"class_list":{"0":"post-7074","1":"product","2":"type-product","3":"status-publish","4":"has-post-thumbnail","6":"country-estonia","7":"product_cat-misiones-comerciales","8":"product_cat-proptech-y-digitalizacion-estatal","9":"product_cat-tecnologia-ciudades-inteligentes-y-servicios-digitales","10":"product_tag-misiones-comerciales","12":"first","13":"instock","14":"virtual","15":"product-type-simple"},"acf":[],"_links":{"self":[{"href":"https:\/\/dcobys.com\/es\/wp-json\/wp\/v2\/product\/7074","targetHints":{"allow":["GET"]}}],"collection":[{"href":"https:\/\/dcobys.com\/es\/wp-json\/wp\/v2\/product"}],"about":[{"href":"https:\/\/dcobys.com\/es\/wp-json\/wp\/v2\/types\/product"}],"version-history":[{"count":0,"href":"https:\/\/dcobys.com\/es\/wp-json\/wp\/v2\/product\/7074\/revisions"}],"wp:featuredmedia":[{"embeddable":true,"href":"https:\/\/dcobys.com\/es\/wp-json\/wp\/v2\/media\/7720"}],"wp:attachment":[{"href":"https:\/\/dcobys.com\/es\/wp-json\/wp\/v2\/media?parent=7074"}],"wp:term":[{"taxonomy":"country","embeddable":true,"href":"https:\/\/dcobys.com\/es\/wp-json\/wp\/v2\/country?post=7074"},{"taxonomy":"product_brand","embeddable":true,"href":"https:\/\/dcobys.com\/es\/wp-json\/wp\/v2\/product_brand?post=7074"},{"taxonomy":"product_cat","embeddable":true,"href":"https:\/\/dcobys.com\/es\/wp-json\/wp\/v2\/product_cat?post=7074"},{"taxonomy":"product_tag","embeddable":true,"href":"https:\/\/dcobys.com\/es\/wp-json\/wp\/v2\/product_tag?post=7074"}],"curies":[{"name":"wp","href":"https:\/\/api.w.org\/{rel}","templated":true}]}}