{"id":7072,"date":"2025-12-15T13:03:22","date_gmt":"2025-12-15T18:03:22","guid":{"rendered":"https:\/\/dcobys.com\/services\/uncategorized\/proptech-and-state-digitalization-uae-2\/"},"modified":"2026-01-30T21:36:10","modified_gmt":"2026-01-31T02:36:10","slug":"proptech-and-state-digitalization-uae-2","status":"publish","type":"product","link":"https:\/\/dcobys.com\/es\/services\/misiones-comerciales\/tecnologia-ciudades-inteligentes-y-servicios-digitales\/proptech-y-digitalizacion-estatal\/proptech-and-state-digitalization-uae-2\/","title":{"rendered":"PropTech y digitalizaci\u00f3n estatal  &#8211;  Emiratos \u00c1rabes Unidos"},"content":{"rendered":"<p>La Misi\u00f3n Comercial en Emiratos \u00c1rabes Unidos en PropTech y digitalizaci\u00f3n estatal conecta a empresas con los proyectos inmobiliarios m\u00e1s ambiciosos del mundo, donde la automatizaci\u00f3n, los gemelos digitales y la gesti\u00f3n inteligente de activos son prioridad estrat\u00e9gica. A trav\u00e9s de visitas y reuniones con desarrolladores, fondos y entidades p\u00fablicas, se identifican oportunidades en soluciones para planificaci\u00f3n urbana, anal\u00edtica de edificios, automatizaci\u00f3n de infraestructura y digitalizaci\u00f3n de propiedad. Dub\u00e1i y Abu Dhabi ofrecen un entorno propicio para alianzas, pilotos y escalamiento regional. Fuentes: \u201cCityscape Global \u00b7 PropTech Middle East\u201d.<\/p>\n","protected":false},"excerpt":{"rendered":"<p>La Misi\u00f3n Comercial en Emiratos \u00c1rabes Unidos en PropTech y digitalizaci\u00f3n estatal conecta a empresas con los proyectos inmobiliarios m\u00e1s ambiciosos del mundo, donde la automatizaci\u00f3n, los gemelos digitales y la gesti\u00f3n inteligente de activos son prioridad estrat\u00e9gica. A trav\u00e9s de visitas y reuniones con desarrolladores, fondos y entidades p\u00fablicas, se identifican oportunidades en soluciones [&hellip;]<\/p>\n","protected":false},"featured_media":7720,"template":"","meta":{"_acf_changed":false},"country":[953],"product_brand":[],"product_cat":[893,1042,1040],"product_tag":[924],"class_list":{"0":"post-7072","1":"product","2":"type-product","3":"status-publish","4":"has-post-thumbnail","6":"country-emiratos-arabes-unidos","7":"product_cat-misiones-comerciales","8":"product_cat-proptech-y-digitalizacion-estatal","9":"product_cat-tecnologia-ciudades-inteligentes-y-servicios-digitales","10":"product_tag-misiones-comerciales","12":"first","13":"instock","14":"virtual","15":"product-type-simple"},"acf":[],"_links":{"self":[{"href":"https:\/\/dcobys.com\/es\/wp-json\/wp\/v2\/product\/7072","targetHints":{"allow":["GET"]}}],"collection":[{"href":"https:\/\/dcobys.com\/es\/wp-json\/wp\/v2\/product"}],"about":[{"href":"https:\/\/dcobys.com\/es\/wp-json\/wp\/v2\/types\/product"}],"version-history":[{"count":0,"href":"https:\/\/dcobys.com\/es\/wp-json\/wp\/v2\/product\/7072\/revisions"}],"wp:featuredmedia":[{"embeddable":true,"href":"https:\/\/dcobys.com\/es\/wp-json\/wp\/v2\/media\/7720"}],"wp:attachment":[{"href":"https:\/\/dcobys.com\/es\/wp-json\/wp\/v2\/media?parent=7072"}],"wp:term":[{"taxonomy":"country","embeddable":true,"href":"https:\/\/dcobys.com\/es\/wp-json\/wp\/v2\/country?post=7072"},{"taxonomy":"product_brand","embeddable":true,"href":"https:\/\/dcobys.com\/es\/wp-json\/wp\/v2\/product_brand?post=7072"},{"taxonomy":"product_cat","embeddable":true,"href":"https:\/\/dcobys.com\/es\/wp-json\/wp\/v2\/product_cat?post=7072"},{"taxonomy":"product_tag","embeddable":true,"href":"https:\/\/dcobys.com\/es\/wp-json\/wp\/v2\/product_tag?post=7072"}],"curies":[{"name":"wp","href":"https:\/\/api.w.org\/{rel}","templated":true}]}}