{"id":7070,"date":"2025-12-15T13:03:22","date_gmt":"2025-12-15T18:03:22","guid":{"rendered":"https:\/\/dcobys.com\/services\/uncategorized\/applied-ai-fintech-govtech-south-korea-2\/"},"modified":"2026-01-30T21:36:10","modified_gmt":"2026-01-31T02:36:10","slug":"applied-ai-fintech-govtech-south-korea-2","status":"publish","type":"product","link":"https:\/\/dcobys.com\/es\/services\/misiones-comerciales\/tecnologia-ciudades-inteligentes-y-servicios-digitales\/ia-aplicada-fintech-govtech-smart-infrastructure\/applied-ai-fintech-govtech-south-korea-2\/","title":{"rendered":"IA aplicada, FinTech, GovTech, Smart Infrastructure  &#8211;  Corea del Sur"},"content":{"rendered":"<p>La Misi\u00f3n Comercial en Corea del Sur impulsa la conexi\u00f3n con un mercado altamente digitalizado donde la IA, los servicios 5G y las plataformas urbanas inteligentes se integran en la vida cotidiana. El programa permite identificar oportunidades en automatizaci\u00f3n urbana, movilidad inteligente, ciberseguridad y sistemas financieros avanzados utilizados en Se\u00fal y Busan. Se desarrollan encuentros con clusters tecnol\u00f3gicos, municipalidades y empresas l\u00edderes que impulsan modelos escalables de ciudad inteligente. La experiencia facilita detectar rutas de entrada para pilotos, licenciamiento y alianzas estrat\u00e9gicas con empresas locales. Fuentes: \u201cSmart City Korea \u00b7 AI Expo Korea\u201d.<\/p>\n","protected":false},"excerpt":{"rendered":"<p>La Misi\u00f3n Comercial en Corea del Sur impulsa la conexi\u00f3n con un mercado altamente digitalizado donde la IA, los servicios 5G y las plataformas urbanas inteligentes se integran en la vida cotidiana. El programa permite identificar oportunidades en automatizaci\u00f3n urbana, movilidad inteligente, ciberseguridad y sistemas financieros avanzados utilizados en Se\u00fal y Busan. Se desarrollan encuentros [&hellip;]<\/p>\n","protected":false},"featured_media":7715,"template":"","meta":{"_acf_changed":false},"country":[948],"product_brand":[],"product_cat":[1041,893,1040],"product_tag":[924],"class_list":{"0":"post-7070","1":"product","2":"type-product","3":"status-publish","4":"has-post-thumbnail","6":"country-corea-del-sur","7":"product_cat-ia-aplicada-fintech-govtech-smart-infrastructure","8":"product_cat-misiones-comerciales","9":"product_cat-tecnologia-ciudades-inteligentes-y-servicios-digitales","10":"product_tag-misiones-comerciales","12":"first","13":"instock","14":"virtual","15":"product-type-simple"},"acf":[],"_links":{"self":[{"href":"https:\/\/dcobys.com\/es\/wp-json\/wp\/v2\/product\/7070","targetHints":{"allow":["GET"]}}],"collection":[{"href":"https:\/\/dcobys.com\/es\/wp-json\/wp\/v2\/product"}],"about":[{"href":"https:\/\/dcobys.com\/es\/wp-json\/wp\/v2\/types\/product"}],"version-history":[{"count":0,"href":"https:\/\/dcobys.com\/es\/wp-json\/wp\/v2\/product\/7070\/revisions"}],"wp:featuredmedia":[{"embeddable":true,"href":"https:\/\/dcobys.com\/es\/wp-json\/wp\/v2\/media\/7715"}],"wp:attachment":[{"href":"https:\/\/dcobys.com\/es\/wp-json\/wp\/v2\/media?parent=7070"}],"wp:term":[{"taxonomy":"country","embeddable":true,"href":"https:\/\/dcobys.com\/es\/wp-json\/wp\/v2\/country?post=7070"},{"taxonomy":"product_brand","embeddable":true,"href":"https:\/\/dcobys.com\/es\/wp-json\/wp\/v2\/product_brand?post=7070"},{"taxonomy":"product_cat","embeddable":true,"href":"https:\/\/dcobys.com\/es\/wp-json\/wp\/v2\/product_cat?post=7070"},{"taxonomy":"product_tag","embeddable":true,"href":"https:\/\/dcobys.com\/es\/wp-json\/wp\/v2\/product_tag?post=7070"}],"curies":[{"name":"wp","href":"https:\/\/api.w.org\/{rel}","templated":true}]}}