{"id":7068,"date":"2025-12-15T13:03:22","date_gmt":"2025-12-15T18:03:22","guid":{"rendered":"https:\/\/dcobys.com\/services\/uncategorized\/applied-ai-fintech-govtech-singapore-2\/"},"modified":"2026-01-30T21:36:10","modified_gmt":"2026-01-31T02:36:10","slug":"applied-ai-fintech-govtech-singapore-2","status":"publish","type":"product","link":"https:\/\/dcobys.com\/es\/services\/misiones-comerciales\/tecnologia-ciudades-inteligentes-y-servicios-digitales\/ia-aplicada-fintech-govtech-smart-infrastructure\/applied-ai-fintech-govtech-singapore-2\/","title":{"rendered":"IA aplicada, FinTech, GovTech, Smart Infrastructure  &#8211;  Singapur"},"content":{"rendered":"<p>La Misi\u00f3n Comercial en Singapur abre acceso directo al pa\u00eds l\u00edder de Asia en digitalizaci\u00f3n gubernamental, FinTech regulado y adopci\u00f3n de IA para servicios p\u00fablicos y financieros. A trav\u00e9s de reuniones con agencias estatales, aceleradoras y corporativos, los participantes identifican oportunidades en pagos, insurtech, identidades digitales, ciberseguridad y soluciones de Smart Nation. El recorrido por hubs tecnol\u00f3gicos permite analizar modelos de innovaci\u00f3n p\u00fablico-privada y esquemas de pilotaje r\u00e1pido que caracterizan al pa\u00eds. Adem\u00e1s, los espacios de networking facilitan acuerdos para proyectos regionales en ASEAN. Fuentes: \u201cSingapore FinTech Festival \u00b7 Smart Nation Expo\u201d.<\/p>\n","protected":false},"excerpt":{"rendered":"<p>La Misi\u00f3n Comercial en Singapur abre acceso directo al pa\u00eds l\u00edder de Asia en digitalizaci\u00f3n gubernamental, FinTech regulado y adopci\u00f3n de IA para servicios p\u00fablicos y financieros. A trav\u00e9s de reuniones con agencias estatales, aceleradoras y corporativos, los participantes identifican oportunidades en pagos, insurtech, identidades digitales, ciberseguridad y soluciones de Smart Nation. El recorrido por [&hellip;]<\/p>\n","protected":false},"featured_media":7715,"template":"","meta":{"_acf_changed":false},"country":[947],"product_brand":[],"product_cat":[1041,893,1040],"product_tag":[924],"class_list":{"0":"post-7068","1":"product","2":"type-product","3":"status-publish","4":"has-post-thumbnail","6":"country-singapur","7":"product_cat-ia-aplicada-fintech-govtech-smart-infrastructure","8":"product_cat-misiones-comerciales","9":"product_cat-tecnologia-ciudades-inteligentes-y-servicios-digitales","10":"product_tag-misiones-comerciales","12":"first","13":"instock","14":"virtual","15":"product-type-simple"},"acf":[],"_links":{"self":[{"href":"https:\/\/dcobys.com\/es\/wp-json\/wp\/v2\/product\/7068","targetHints":{"allow":["GET"]}}],"collection":[{"href":"https:\/\/dcobys.com\/es\/wp-json\/wp\/v2\/product"}],"about":[{"href":"https:\/\/dcobys.com\/es\/wp-json\/wp\/v2\/types\/product"}],"version-history":[{"count":0,"href":"https:\/\/dcobys.com\/es\/wp-json\/wp\/v2\/product\/7068\/revisions"}],"wp:featuredmedia":[{"embeddable":true,"href":"https:\/\/dcobys.com\/es\/wp-json\/wp\/v2\/media\/7715"}],"wp:attachment":[{"href":"https:\/\/dcobys.com\/es\/wp-json\/wp\/v2\/media?parent=7068"}],"wp:term":[{"taxonomy":"country","embeddable":true,"href":"https:\/\/dcobys.com\/es\/wp-json\/wp\/v2\/country?post=7068"},{"taxonomy":"product_brand","embeddable":true,"href":"https:\/\/dcobys.com\/es\/wp-json\/wp\/v2\/product_brand?post=7068"},{"taxonomy":"product_cat","embeddable":true,"href":"https:\/\/dcobys.com\/es\/wp-json\/wp\/v2\/product_cat?post=7068"},{"taxonomy":"product_tag","embeddable":true,"href":"https:\/\/dcobys.com\/es\/wp-json\/wp\/v2\/product_tag?post=7068"}],"curies":[{"name":"wp","href":"https:\/\/api.w.org\/{rel}","templated":true}]}}