{"id":7066,"date":"2025-12-15T13:03:22","date_gmt":"2025-12-15T18:03:22","guid":{"rendered":"https:\/\/dcobys.com\/services\/uncategorized\/applied-ai-fintech-govtech-uae-2\/"},"modified":"2026-01-30T21:36:10","modified_gmt":"2026-01-31T02:36:10","slug":"applied-ai-fintech-govtech-uae-2","status":"publish","type":"product","link":"https:\/\/dcobys.com\/es\/services\/misiones-comerciales\/tecnologia-ciudades-inteligentes-y-servicios-digitales\/ia-aplicada-fintech-govtech-smart-infrastructure\/applied-ai-fintech-govtech-uae-2\/","title":{"rendered":"IA aplicada, FinTech, GovTech, Smart Infrastructure  &#8211;  Emiratos \u00c1rabes Unidos"},"content":{"rendered":"<p>La Misi\u00f3n Comercial en Emiratos \u00c1rabes Unidos permite a las empresas explorar uno de los ecosistemas digitales m\u00e1s avanzados del mundo, donde Dub\u00e1i y Abu Dhabi impulsan inversiones en IA aplicada, FinTech, GovTech y Smart Infrastructure con una adopci\u00f3n acelerada desde el sector gubernamental y corporativo. El programa conecta a los participantes con innovaciones en automatizaci\u00f3n urbana, soluciones de pago, plataformas de gobierno digital y modelos de ciudad inteligente de escala global. Las reuniones con hubs tecnol\u00f3gicos, fondos y operadores de soluciones p\u00fablicas permiten validar oportunidades en implementaci\u00f3n, integraci\u00f3n y co-desarrollo. Las visitas estrat\u00e9gicas fortalecen alianzas con actores que lideran la digitalizaci\u00f3n estatal y la infraestructura tecnol\u00f3gica regional. Fuentes: \u201cGITEX Global \u00b7 AI Everything \u00b7 Smart City Expo Dubai\u201d.<\/p>\n","protected":false},"excerpt":{"rendered":"<p>La Misi\u00f3n Comercial en Emiratos \u00c1rabes Unidos permite a las empresas explorar uno de los ecosistemas digitales m\u00e1s avanzados del mundo, donde Dub\u00e1i y Abu Dhabi impulsan inversiones en IA aplicada, FinTech, GovTech y Smart Infrastructure con una adopci\u00f3n acelerada desde el sector gubernamental y corporativo. El programa conecta a los participantes con innovaciones en [&hellip;]<\/p>\n","protected":false},"featured_media":7715,"template":"","meta":{"_acf_changed":false},"country":[953],"product_brand":[],"product_cat":[1041,893,1040],"product_tag":[924],"class_list":{"0":"post-7066","1":"product","2":"type-product","3":"status-publish","4":"has-post-thumbnail","6":"country-emiratos-arabes-unidos","7":"product_cat-ia-aplicada-fintech-govtech-smart-infrastructure","8":"product_cat-misiones-comerciales","9":"product_cat-tecnologia-ciudades-inteligentes-y-servicios-digitales","10":"product_tag-misiones-comerciales","12":"first","13":"instock","14":"virtual","15":"product-type-simple"},"acf":[],"_links":{"self":[{"href":"https:\/\/dcobys.com\/es\/wp-json\/wp\/v2\/product\/7066","targetHints":{"allow":["GET"]}}],"collection":[{"href":"https:\/\/dcobys.com\/es\/wp-json\/wp\/v2\/product"}],"about":[{"href":"https:\/\/dcobys.com\/es\/wp-json\/wp\/v2\/types\/product"}],"version-history":[{"count":0,"href":"https:\/\/dcobys.com\/es\/wp-json\/wp\/v2\/product\/7066\/revisions"}],"wp:featuredmedia":[{"embeddable":true,"href":"https:\/\/dcobys.com\/es\/wp-json\/wp\/v2\/media\/7715"}],"wp:attachment":[{"href":"https:\/\/dcobys.com\/es\/wp-json\/wp\/v2\/media?parent=7066"}],"wp:term":[{"taxonomy":"country","embeddable":true,"href":"https:\/\/dcobys.com\/es\/wp-json\/wp\/v2\/country?post=7066"},{"taxonomy":"product_brand","embeddable":true,"href":"https:\/\/dcobys.com\/es\/wp-json\/wp\/v2\/product_brand?post=7066"},{"taxonomy":"product_cat","embeddable":true,"href":"https:\/\/dcobys.com\/es\/wp-json\/wp\/v2\/product_cat?post=7066"},{"taxonomy":"product_tag","embeddable":true,"href":"https:\/\/dcobys.com\/es\/wp-json\/wp\/v2\/product_tag?post=7066"}],"curies":[{"name":"wp","href":"https:\/\/api.w.org\/{rel}","templated":true}]}}