{"id":7060,"date":"2025-12-15T13:03:22","date_gmt":"2025-12-15T18:03:22","guid":{"rendered":"https:\/\/dcobys.com\/services\/uncategorized\/medical-and-gastronomic-tourism-uae-2\/"},"modified":"2026-01-30T21:36:10","modified_gmt":"2026-01-31T02:36:10","slug":"medical-and-gastronomic-tourism-uae-2","status":"publish","type":"product","link":"https:\/\/dcobys.com\/es\/services\/misiones-comerciales\/turismo-premium-hospitality-y-mega-real-estate\/turismo-medico-y-gastronomico\/medical-and-gastronomic-tourism-uae-2\/","title":{"rendered":"Turismo m\u00e9dico y gastron\u00f3mico  &#8211;  Emiratos \u00c1rabes Unidos"},"content":{"rendered":"<p>La Misi\u00f3n Comercial en Emiratos \u00c1rabes Unidos permite entender un mercado de turismo m\u00e9dico y gastron\u00f3mico en acelerado crecimiento, donde Dub\u00e1i y Abu Dhabi combinan hospitales de clase mundial, cl\u00ednicas especializadas, spas m\u00e9dicos, gastronom\u00eda de autor y experiencias wellness integrales. La agenda incorpora reuniones con hospitales acreditados internacionalmente, inversionistas del sector salud y operadores gastron\u00f3micos que buscan innovaci\u00f3n, tecnolog\u00eda y servicios complementarios. Este ecosistema ofrece oportunidades para proveedores de equipamiento, bienestar, nutrici\u00f3n avanzada y experiencias m\u00e9dicas premium orientadas al viajero internacional. Fuentes: \u201cArab Health\u201d, \u201cGlobal Wellness Summit\u201d.<\/p>\n","protected":false},"excerpt":{"rendered":"<p>La Misi\u00f3n Comercial en Emiratos \u00c1rabes Unidos permite entender un mercado de turismo m\u00e9dico y gastron\u00f3mico en acelerado crecimiento, donde Dub\u00e1i y Abu Dhabi combinan hospitales de clase mundial, cl\u00ednicas especializadas, spas m\u00e9dicos, gastronom\u00eda de autor y experiencias wellness integrales. La agenda incorpora reuniones con hospitales acreditados internacionalmente, inversionistas del sector salud y operadores gastron\u00f3micos [&hellip;]<\/p>\n","protected":false},"featured_media":7676,"template":"","meta":{"_acf_changed":false},"country":[953],"product_brand":[],"product_cat":[893,1033,1031],"product_tag":[924],"class_list":{"0":"post-7060","1":"product","2":"type-product","3":"status-publish","4":"has-post-thumbnail","6":"country-emiratos-arabes-unidos","7":"product_cat-misiones-comerciales","8":"product_cat-turismo-medico-y-gastronomico","9":"product_cat-turismo-premium-hospitality-y-mega-real-estate","10":"product_tag-misiones-comerciales","12":"first","13":"instock","14":"virtual","15":"product-type-simple"},"acf":[],"_links":{"self":[{"href":"https:\/\/dcobys.com\/es\/wp-json\/wp\/v2\/product\/7060","targetHints":{"allow":["GET"]}}],"collection":[{"href":"https:\/\/dcobys.com\/es\/wp-json\/wp\/v2\/product"}],"about":[{"href":"https:\/\/dcobys.com\/es\/wp-json\/wp\/v2\/types\/product"}],"version-history":[{"count":0,"href":"https:\/\/dcobys.com\/es\/wp-json\/wp\/v2\/product\/7060\/revisions"}],"wp:featuredmedia":[{"embeddable":true,"href":"https:\/\/dcobys.com\/es\/wp-json\/wp\/v2\/media\/7676"}],"wp:attachment":[{"href":"https:\/\/dcobys.com\/es\/wp-json\/wp\/v2\/media?parent=7060"}],"wp:term":[{"taxonomy":"country","embeddable":true,"href":"https:\/\/dcobys.com\/es\/wp-json\/wp\/v2\/country?post=7060"},{"taxonomy":"product_brand","embeddable":true,"href":"https:\/\/dcobys.com\/es\/wp-json\/wp\/v2\/product_brand?post=7060"},{"taxonomy":"product_cat","embeddable":true,"href":"https:\/\/dcobys.com\/es\/wp-json\/wp\/v2\/product_cat?post=7060"},{"taxonomy":"product_tag","embeddable":true,"href":"https:\/\/dcobys.com\/es\/wp-json\/wp\/v2\/product_tag?post=7060"}],"curies":[{"name":"wp","href":"https:\/\/api.w.org\/{rel}","templated":true}]}}