{"id":7058,"date":"2025-12-15T13:03:22","date_gmt":"2025-12-15T18:03:22","guid":{"rendered":"https:\/\/dcobys.com\/services\/uncategorized\/luxury-tourism-and-6-7-star-hospitality-maldives-2\/"},"modified":"2026-01-30T21:36:09","modified_gmt":"2026-01-31T02:36:09","slug":"luxury-tourism-and-6-7-star-hospitality-maldives-2","status":"publish","type":"product","link":"https:\/\/dcobys.com\/es\/services\/misiones-comerciales\/turismo-premium-hospitality-y-mega-real-estate\/turismo-de-lujo-y-hospitality-6-7-estrellas\/luxury-tourism-and-6-7-star-hospitality-maldives-2\/","title":{"rendered":"Turismo de lujo y hospitality 6\u20137 estrellas  &#8211;  Maldivas"},"content":{"rendered":"<p>La Misi\u00f3n Comercial en Maldivas se centra en conocer un modelo de turismo ultra exclusivo donde los resorts 6\u20137 estrellas operan bajo esquemas de sostenibilidad, personalizaci\u00f3n absoluta y servicios de hospitality de clase mundial. El programa incluye visitas a Mal\u00e9 y Ari Atoll para interactuar con operadores de islas privadas, grupos hoteleros internacionales y compradores especializados en experiencias high-end, wellness inmersivo y viajes de lujo para HNW y UHNW. Es una oportunidad \u00fanica para posicionar soluciones diferenciadas en un mercado que demanda innovaci\u00f3n en dise\u00f1o, arquitectura, gastronom\u00eda y servicios premium. Fuentes: \u201cLuxury Travel Market Maldives\u201d, \u201cHospitality Leaders Summit\u201d.<\/p>\n","protected":false},"excerpt":{"rendered":"<p>La Misi\u00f3n Comercial en Maldivas se centra en conocer un modelo de turismo ultra exclusivo donde los resorts 6\u20137 estrellas operan bajo esquemas de sostenibilidad, personalizaci\u00f3n absoluta y servicios de hospitality de clase mundial. El programa incluye visitas a Mal\u00e9 y Ari Atoll para interactuar con operadores de islas privadas, grupos hoteleros internacionales y compradores [&hellip;]<\/p>\n","protected":false},"featured_media":7672,"template":"","meta":{"_acf_changed":false},"country":[940],"product_brand":[],"product_cat":[893,1032,1031],"product_tag":[924],"class_list":{"0":"post-7058","1":"product","2":"type-product","3":"status-publish","4":"has-post-thumbnail","6":"country-maldivas","7":"product_cat-misiones-comerciales","8":"product_cat-turismo-de-lujo-y-hospitality-6-7-estrellas","9":"product_cat-turismo-premium-hospitality-y-mega-real-estate","10":"product_tag-misiones-comerciales","12":"first","13":"instock","14":"virtual","15":"product-type-simple"},"acf":[],"_links":{"self":[{"href":"https:\/\/dcobys.com\/es\/wp-json\/wp\/v2\/product\/7058","targetHints":{"allow":["GET"]}}],"collection":[{"href":"https:\/\/dcobys.com\/es\/wp-json\/wp\/v2\/product"}],"about":[{"href":"https:\/\/dcobys.com\/es\/wp-json\/wp\/v2\/types\/product"}],"version-history":[{"count":0,"href":"https:\/\/dcobys.com\/es\/wp-json\/wp\/v2\/product\/7058\/revisions"}],"wp:featuredmedia":[{"embeddable":true,"href":"https:\/\/dcobys.com\/es\/wp-json\/wp\/v2\/media\/7672"}],"wp:attachment":[{"href":"https:\/\/dcobys.com\/es\/wp-json\/wp\/v2\/media?parent=7058"}],"wp:term":[{"taxonomy":"country","embeddable":true,"href":"https:\/\/dcobys.com\/es\/wp-json\/wp\/v2\/country?post=7058"},{"taxonomy":"product_brand","embeddable":true,"href":"https:\/\/dcobys.com\/es\/wp-json\/wp\/v2\/product_brand?post=7058"},{"taxonomy":"product_cat","embeddable":true,"href":"https:\/\/dcobys.com\/es\/wp-json\/wp\/v2\/product_cat?post=7058"},{"taxonomy":"product_tag","embeddable":true,"href":"https:\/\/dcobys.com\/es\/wp-json\/wp\/v2\/product_tag?post=7058"}],"curies":[{"name":"wp","href":"https:\/\/api.w.org\/{rel}","templated":true}]}}