{"id":7056,"date":"2025-12-15T13:03:22","date_gmt":"2025-12-15T18:03:22","guid":{"rendered":"https:\/\/dcobys.com\/services\/uncategorized\/luxury-tourism-and-6-7-star-hospitality-france-2\/"},"modified":"2026-01-30T21:36:09","modified_gmt":"2026-01-31T02:36:09","slug":"luxury-tourism-and-6-7-star-hospitality-france-2","status":"publish","type":"product","link":"https:\/\/dcobys.com\/es\/services\/misiones-comerciales\/turismo-premium-hospitality-y-mega-real-estate\/turismo-de-lujo-y-hospitality-6-7-estrellas\/luxury-tourism-and-6-7-star-hospitality-france-2\/","title":{"rendered":"Turismo de lujo y hospitality 6\u20137 estrellas  &#8211;  Francia"},"content":{"rendered":"<p>La Misi\u00f3n Comercial en Francia abre acceso directo al coraz\u00f3n del turismo de lujo europeo, integrando visitas a Par\u00eds, Niza y Cannes para conocer tendencias en hoteles palaciegos, experiencias curadas y desarrollos lifestyle operados por cadenas globales de alta gama. El recorrido facilita reuniones con compradores de hospitalidad boutique, grupos hoteleros, operadores de gastronom\u00eda Michelin y desarrolladores de real estate tur\u00edstico premium. Francia, capital global del lujo, permite validar propuestas de valor, identificar socios comerciales y entender c\u00f3mo se construyen experiencias que atraen a viajeros con gasto superior al promedio mundial. Fuentes: \u201cILTM Cannes\u201d, \u201cMAPIC\u201d, \u201cLuxury Hospitality Summit\u201d.<\/p>\n","protected":false},"excerpt":{"rendered":"<p>La Misi\u00f3n Comercial en Francia abre acceso directo al coraz\u00f3n del turismo de lujo europeo, integrando visitas a Par\u00eds, Niza y Cannes para conocer tendencias en hoteles palaciegos, experiencias curadas y desarrollos lifestyle operados por cadenas globales de alta gama. El recorrido facilita reuniones con compradores de hospitalidad boutique, grupos hoteleros, operadores de gastronom\u00eda Michelin [&hellip;]<\/p>\n","protected":false},"featured_media":7672,"template":"","meta":{"_acf_changed":false},"country":[933],"product_brand":[],"product_cat":[893,1032,1031],"product_tag":[924],"class_list":{"0":"post-7056","1":"product","2":"type-product","3":"status-publish","4":"has-post-thumbnail","6":"country-francia","7":"product_cat-misiones-comerciales","8":"product_cat-turismo-de-lujo-y-hospitality-6-7-estrellas","9":"product_cat-turismo-premium-hospitality-y-mega-real-estate","10":"product_tag-misiones-comerciales","12":"first","13":"instock","14":"virtual","15":"product-type-simple"},"acf":[],"_links":{"self":[{"href":"https:\/\/dcobys.com\/es\/wp-json\/wp\/v2\/product\/7056","targetHints":{"allow":["GET"]}}],"collection":[{"href":"https:\/\/dcobys.com\/es\/wp-json\/wp\/v2\/product"}],"about":[{"href":"https:\/\/dcobys.com\/es\/wp-json\/wp\/v2\/types\/product"}],"version-history":[{"count":0,"href":"https:\/\/dcobys.com\/es\/wp-json\/wp\/v2\/product\/7056\/revisions"}],"wp:featuredmedia":[{"embeddable":true,"href":"https:\/\/dcobys.com\/es\/wp-json\/wp\/v2\/media\/7672"}],"wp:attachment":[{"href":"https:\/\/dcobys.com\/es\/wp-json\/wp\/v2\/media?parent=7056"}],"wp:term":[{"taxonomy":"country","embeddable":true,"href":"https:\/\/dcobys.com\/es\/wp-json\/wp\/v2\/country?post=7056"},{"taxonomy":"product_brand","embeddable":true,"href":"https:\/\/dcobys.com\/es\/wp-json\/wp\/v2\/product_brand?post=7056"},{"taxonomy":"product_cat","embeddable":true,"href":"https:\/\/dcobys.com\/es\/wp-json\/wp\/v2\/product_cat?post=7056"},{"taxonomy":"product_tag","embeddable":true,"href":"https:\/\/dcobys.com\/es\/wp-json\/wp\/v2\/product_tag?post=7056"}],"curies":[{"name":"wp","href":"https:\/\/api.w.org\/{rel}","templated":true}]}}