{"id":7054,"date":"2025-12-15T13:03:22","date_gmt":"2025-12-15T18:03:22","guid":{"rendered":"https:\/\/dcobys.com\/services\/uncategorized\/luxury-tourism-and-6-7-star-hospitality-uae-2\/"},"modified":"2026-01-30T21:36:09","modified_gmt":"2026-01-31T02:36:09","slug":"luxury-tourism-and-6-7-star-hospitality-uae-2","status":"publish","type":"product","link":"https:\/\/dcobys.com\/es\/services\/misiones-comerciales\/turismo-premium-hospitality-y-mega-real-estate\/turismo-de-lujo-y-hospitality-6-7-estrellas\/luxury-tourism-and-6-7-star-hospitality-uae-2\/","title":{"rendered":"Turismo de lujo y hospitality 6\u20137 estrellas  &#8211;  Emiratos \u00c1rabes Unidos"},"content":{"rendered":"<p>La Misi\u00f3n Comercial en Emiratos \u00c1rabes Unidos conecta a las empresas con el ecosistema m\u00e1s exclusivo de turismo premium, donde Dub\u00e1i y Abu Dhabi concentran inversiones ic\u00f3nicas en hoteles 6\u20137 estrellas, mega-resorts, marinas y proyectos urbanos de ultra lujo. La agenda permite explorar la demanda real de compradores internacionales, DMCs de alto nivel, developers de branded residences y operadores de hospitality enfocados en experiencias personalizadas para viajeros de alto patrimonio. Adem\u00e1s, se incluyen reuniones estrat\u00e9gicas con stakeholders del Gulf Luxury Hub, generando oportunidades para posicionar servicios, productos y alianzas de largo plazo en el segmento m\u00e1s rentable del turismo mundial. Fuentes: \u201cArabian Travel Market\u201d, \u201cAHIC\u201d, \u201cILTM Arabia\u201d.<\/p>\n","protected":false},"excerpt":{"rendered":"<p>La Misi\u00f3n Comercial en Emiratos \u00c1rabes Unidos conecta a las empresas con el ecosistema m\u00e1s exclusivo de turismo premium, donde Dub\u00e1i y Abu Dhabi concentran inversiones ic\u00f3nicas en hoteles 6\u20137 estrellas, mega-resorts, marinas y proyectos urbanos de ultra lujo. La agenda permite explorar la demanda real de compradores internacionales, DMCs de alto nivel, developers de [&hellip;]<\/p>\n","protected":false},"featured_media":7672,"template":"","meta":{"_acf_changed":false},"country":[953],"product_brand":[],"product_cat":[893,1032,1031],"product_tag":[924],"class_list":{"0":"post-7054","1":"product","2":"type-product","3":"status-publish","4":"has-post-thumbnail","6":"country-emiratos-arabes-unidos","7":"product_cat-misiones-comerciales","8":"product_cat-turismo-de-lujo-y-hospitality-6-7-estrellas","9":"product_cat-turismo-premium-hospitality-y-mega-real-estate","10":"product_tag-misiones-comerciales","12":"first","13":"instock","14":"virtual","15":"product-type-simple"},"acf":[],"_links":{"self":[{"href":"https:\/\/dcobys.com\/es\/wp-json\/wp\/v2\/product\/7054","targetHints":{"allow":["GET"]}}],"collection":[{"href":"https:\/\/dcobys.com\/es\/wp-json\/wp\/v2\/product"}],"about":[{"href":"https:\/\/dcobys.com\/es\/wp-json\/wp\/v2\/types\/product"}],"version-history":[{"count":0,"href":"https:\/\/dcobys.com\/es\/wp-json\/wp\/v2\/product\/7054\/revisions"}],"wp:featuredmedia":[{"embeddable":true,"href":"https:\/\/dcobys.com\/es\/wp-json\/wp\/v2\/media\/7672"}],"wp:attachment":[{"href":"https:\/\/dcobys.com\/es\/wp-json\/wp\/v2\/media?parent=7054"}],"wp:term":[{"taxonomy":"country","embeddable":true,"href":"https:\/\/dcobys.com\/es\/wp-json\/wp\/v2\/country?post=7054"},{"taxonomy":"product_brand","embeddable":true,"href":"https:\/\/dcobys.com\/es\/wp-json\/wp\/v2\/product_brand?post=7054"},{"taxonomy":"product_cat","embeddable":true,"href":"https:\/\/dcobys.com\/es\/wp-json\/wp\/v2\/product_cat?post=7054"},{"taxonomy":"product_tag","embeddable":true,"href":"https:\/\/dcobys.com\/es\/wp-json\/wp\/v2\/product_tag?post=7054"}],"curies":[{"name":"wp","href":"https:\/\/api.w.org\/{rel}","templated":true}]}}