{"id":7052,"date":"2025-12-15T13:03:22","date_gmt":"2025-12-15T18:03:22","guid":{"rendered":"https:\/\/dcobys.com\/services\/uncategorized\/wealth-management-and-business-formation-usa-2\/"},"modified":"2026-01-30T21:36:09","modified_gmt":"2026-01-31T02:36:09","slug":"wealth-management-and-business-formation-usa-2","status":"publish","type":"product","link":"https:\/\/dcobys.com\/es\/services\/misiones-comerciales\/finanzas-inversiones-y-capital-privado\/wealth-management-y-creacion-de-empresas\/wealth-management-and-business-formation-usa-2\/","title":{"rendered":"Wealth Management y creaci\u00f3n de empresas  &#8211;  EE.UU."},"content":{"rendered":"<p>La Misi\u00f3n Comercial en Estados Unidos conecta a los participantes con los centros financieros m\u00e1s influyentes del hemisferio: Nueva York, Miami y San Francisco. La iniciativa abre oportunidades con gestores de patrimonio, fondos de inversi\u00f3n, aceleradoras y plataformas de innovaci\u00f3n enfocadas en escalamiento empresarial y gesti\u00f3n de capital a gran escala. La misi\u00f3n combina sesiones ejecutivas, encuentros con l\u00edderes del ecosistema financiero y participaci\u00f3n en los principales foros de inversi\u00f3n y crecimiento global, potenciando la entrada a un mercado de alta competencia y sofisticaci\u00f3n.<br \/>\nFuentes: \u201cSALT Conference \u00b7 Milken Institute Global Conference\u201d.<\/p>\n","protected":false},"excerpt":{"rendered":"<p>La Misi\u00f3n Comercial en Estados Unidos conecta a los participantes con los centros financieros m\u00e1s influyentes del hemisferio: Nueva York, Miami y San Francisco. La iniciativa abre oportunidades con gestores de patrimonio, fondos de inversi\u00f3n, aceleradoras y plataformas de innovaci\u00f3n enfocadas en escalamiento empresarial y gesti\u00f3n de capital a gran escala. La misi\u00f3n combina sesiones [&hellip;]<\/p>\n","protected":false},"featured_media":8774,"template":"","meta":{"_acf_changed":false},"country":[954],"product_brand":[],"product_cat":[992,893,994],"product_tag":[924],"class_list":{"0":"post-7052","1":"product","2":"type-product","3":"status-publish","4":"has-post-thumbnail","6":"country-ee-uu","7":"product_cat-finanzas-inversiones-y-capital-privado","8":"product_cat-misiones-comerciales","9":"product_cat-wealth-management-y-creacion-de-empresas","10":"product_tag-misiones-comerciales","12":"first","13":"instock","14":"virtual","15":"product-type-simple"},"acf":[],"_links":{"self":[{"href":"https:\/\/dcobys.com\/es\/wp-json\/wp\/v2\/product\/7052","targetHints":{"allow":["GET"]}}],"collection":[{"href":"https:\/\/dcobys.com\/es\/wp-json\/wp\/v2\/product"}],"about":[{"href":"https:\/\/dcobys.com\/es\/wp-json\/wp\/v2\/types\/product"}],"version-history":[{"count":0,"href":"https:\/\/dcobys.com\/es\/wp-json\/wp\/v2\/product\/7052\/revisions"}],"wp:featuredmedia":[{"embeddable":true,"href":"https:\/\/dcobys.com\/es\/wp-json\/wp\/v2\/media\/8774"}],"wp:attachment":[{"href":"https:\/\/dcobys.com\/es\/wp-json\/wp\/v2\/media?parent=7052"}],"wp:term":[{"taxonomy":"country","embeddable":true,"href":"https:\/\/dcobys.com\/es\/wp-json\/wp\/v2\/country?post=7052"},{"taxonomy":"product_brand","embeddable":true,"href":"https:\/\/dcobys.com\/es\/wp-json\/wp\/v2\/product_brand?post=7052"},{"taxonomy":"product_cat","embeddable":true,"href":"https:\/\/dcobys.com\/es\/wp-json\/wp\/v2\/product_cat?post=7052"},{"taxonomy":"product_tag","embeddable":true,"href":"https:\/\/dcobys.com\/es\/wp-json\/wp\/v2\/product_tag?post=7052"}],"curies":[{"name":"wp","href":"https:\/\/api.w.org\/{rel}","templated":true}]}}