{"id":7050,"date":"2025-12-15T13:03:22","date_gmt":"2025-12-15T18:03:22","guid":{"rendered":"https:\/\/dcobys.com\/services\/uncategorized\/wealth-management-and-business-formation-switzerland-2\/"},"modified":"2026-01-30T21:36:09","modified_gmt":"2026-01-31T02:36:09","slug":"wealth-management-and-business-formation-switzerland-2","status":"publish","type":"product","link":"https:\/\/dcobys.com\/es\/services\/misiones-comerciales\/finanzas-inversiones-y-capital-privado\/wealth-management-y-creacion-de-empresas\/wealth-management-and-business-formation-switzerland-2\/","title":{"rendered":"Wealth Management y creaci\u00f3n de empresas  &#8211;  Suiza"},"content":{"rendered":"<p>La Misi\u00f3n Comercial en Suiza permite adentrarse en el mercado de gesti\u00f3n patrimonial m\u00e1s prestigioso del mundo, con acceso a firmas especializadas en banca privada, wealthtech y estructuraci\u00f3n financiera internacional. La agenda facilita reuniones con expertos en gesti\u00f3n de activos, innovaci\u00f3n en servicios financieros y modelos de inversi\u00f3n sostenible que caracterizan a Z\u00farich y Ginebra. Las empresas participantes podr\u00e1n explorar alianzas en tecnolog\u00eda financiera, gesti\u00f3n patrimonial avanzada y nuevas plataformas de administraci\u00f3n de capital.<br \/>\nFuentes: \u201cGeneva WealthTech Forum \u00b7 Swiss Wealth Management Summit\u201d.<\/p>\n","protected":false},"excerpt":{"rendered":"<p>La Misi\u00f3n Comercial en Suiza permite adentrarse en el mercado de gesti\u00f3n patrimonial m\u00e1s prestigioso del mundo, con acceso a firmas especializadas en banca privada, wealthtech y estructuraci\u00f3n financiera internacional. La agenda facilita reuniones con expertos en gesti\u00f3n de activos, innovaci\u00f3n en servicios financieros y modelos de inversi\u00f3n sostenible que caracterizan a Z\u00farich y Ginebra. [&hellip;]<\/p>\n","protected":false},"featured_media":8772,"template":"","meta":{"_acf_changed":false},"country":[950],"product_brand":[],"product_cat":[992,893,994],"product_tag":[924],"class_list":{"0":"post-7050","1":"product","2":"type-product","3":"status-publish","4":"has-post-thumbnail","6":"country-suiza","7":"product_cat-finanzas-inversiones-y-capital-privado","8":"product_cat-misiones-comerciales","9":"product_cat-wealth-management-y-creacion-de-empresas","10":"product_tag-misiones-comerciales","12":"first","13":"instock","14":"virtual","15":"product-type-simple"},"acf":[],"_links":{"self":[{"href":"https:\/\/dcobys.com\/es\/wp-json\/wp\/v2\/product\/7050","targetHints":{"allow":["GET"]}}],"collection":[{"href":"https:\/\/dcobys.com\/es\/wp-json\/wp\/v2\/product"}],"about":[{"href":"https:\/\/dcobys.com\/es\/wp-json\/wp\/v2\/types\/product"}],"version-history":[{"count":0,"href":"https:\/\/dcobys.com\/es\/wp-json\/wp\/v2\/product\/7050\/revisions"}],"wp:featuredmedia":[{"embeddable":true,"href":"https:\/\/dcobys.com\/es\/wp-json\/wp\/v2\/media\/8772"}],"wp:attachment":[{"href":"https:\/\/dcobys.com\/es\/wp-json\/wp\/v2\/media?parent=7050"}],"wp:term":[{"taxonomy":"country","embeddable":true,"href":"https:\/\/dcobys.com\/es\/wp-json\/wp\/v2\/country?post=7050"},{"taxonomy":"product_brand","embeddable":true,"href":"https:\/\/dcobys.com\/es\/wp-json\/wp\/v2\/product_brand?post=7050"},{"taxonomy":"product_cat","embeddable":true,"href":"https:\/\/dcobys.com\/es\/wp-json\/wp\/v2\/product_cat?post=7050"},{"taxonomy":"product_tag","embeddable":true,"href":"https:\/\/dcobys.com\/es\/wp-json\/wp\/v2\/product_tag?post=7050"}],"curies":[{"name":"wp","href":"https:\/\/api.w.org\/{rel}","templated":true}]}}