{"id":7048,"date":"2025-12-15T13:03:22","date_gmt":"2025-12-15T18:03:22","guid":{"rendered":"https:\/\/dcobys.com\/services\/uncategorized\/wealth-management-and-business-formation-uae-2\/"},"modified":"2026-01-30T21:36:09","modified_gmt":"2026-01-31T02:36:09","slug":"wealth-management-and-business-formation-uae-2","status":"publish","type":"product","link":"https:\/\/dcobys.com\/es\/services\/misiones-comerciales\/finanzas-inversiones-y-capital-privado\/wealth-management-y-creacion-de-empresas\/wealth-management-and-business-formation-uae-2\/","title":{"rendered":"Wealth Management y creaci\u00f3n de empresas  &#8211;  Emiratos \u00c1rabes Unidos"},"content":{"rendered":"<p>La Misi\u00f3n Comercial en Emiratos \u00c1rabes Unidos acerca a los participantes al coraz\u00f3n del wealth management regional, con acceso a gestores patrimoniales, asesores financieros y plataformas especializadas en creaci\u00f3n de empresas y estructuraci\u00f3n corporativa. En Dub\u00e1i y Abu Dhabi se exploran modelos avanzados de planificaci\u00f3n patrimonial, inversiones globales y oportunidades para instalar veh\u00edculos corporativos en zonas francas altamente competitivas. La misi\u00f3n integra espacios de networking estrat\u00e9gico, charlas con expertos en mercados financieros y participaci\u00f3n en foros clave para el desarrollo empresarial.<br \/>\nFuentes: \u201cDIFC Wealth Management Forum \u00b7 Investopia\u201d.<\/p>\n","protected":false},"excerpt":{"rendered":"<p>La Misi\u00f3n Comercial en Emiratos \u00c1rabes Unidos acerca a los participantes al coraz\u00f3n del wealth management regional, con acceso a gestores patrimoniales, asesores financieros y plataformas especializadas en creaci\u00f3n de empresas y estructuraci\u00f3n corporativa. En Dub\u00e1i y Abu Dhabi se exploran modelos avanzados de planificaci\u00f3n patrimonial, inversiones globales y oportunidades para instalar veh\u00edculos corporativos en [&hellip;]<\/p>\n","protected":false},"featured_media":7432,"template":"","meta":{"_acf_changed":false},"country":[953],"product_brand":[],"product_cat":[992,893,994],"product_tag":[924],"class_list":{"0":"post-7048","1":"product","2":"type-product","3":"status-publish","4":"has-post-thumbnail","6":"country-emiratos-arabes-unidos","7":"product_cat-finanzas-inversiones-y-capital-privado","8":"product_cat-misiones-comerciales","9":"product_cat-wealth-management-y-creacion-de-empresas","10":"product_tag-misiones-comerciales","12":"first","13":"instock","14":"virtual","15":"product-type-simple"},"acf":[],"_links":{"self":[{"href":"https:\/\/dcobys.com\/es\/wp-json\/wp\/v2\/product\/7048","targetHints":{"allow":["GET"]}}],"collection":[{"href":"https:\/\/dcobys.com\/es\/wp-json\/wp\/v2\/product"}],"about":[{"href":"https:\/\/dcobys.com\/es\/wp-json\/wp\/v2\/types\/product"}],"version-history":[{"count":0,"href":"https:\/\/dcobys.com\/es\/wp-json\/wp\/v2\/product\/7048\/revisions"}],"wp:featuredmedia":[{"embeddable":true,"href":"https:\/\/dcobys.com\/es\/wp-json\/wp\/v2\/media\/7432"}],"wp:attachment":[{"href":"https:\/\/dcobys.com\/es\/wp-json\/wp\/v2\/media?parent=7048"}],"wp:term":[{"taxonomy":"country","embeddable":true,"href":"https:\/\/dcobys.com\/es\/wp-json\/wp\/v2\/country?post=7048"},{"taxonomy":"product_brand","embeddable":true,"href":"https:\/\/dcobys.com\/es\/wp-json\/wp\/v2\/product_brand?post=7048"},{"taxonomy":"product_cat","embeddable":true,"href":"https:\/\/dcobys.com\/es\/wp-json\/wp\/v2\/product_cat?post=7048"},{"taxonomy":"product_tag","embeddable":true,"href":"https:\/\/dcobys.com\/es\/wp-json\/wp\/v2\/product_tag?post=7048"}],"curies":[{"name":"wp","href":"https:\/\/api.w.org\/{rel}","templated":true}]}}