{"id":7046,"date":"2025-12-15T13:03:22","date_gmt":"2025-12-15T18:03:22","guid":{"rendered":"https:\/\/dcobys.com\/services\/uncategorized\/family-offices-vc-pe-hong-kong-2\/"},"modified":"2026-01-30T21:36:09","modified_gmt":"2026-01-31T02:36:09","slug":"family-offices-vc-pe-hong-kong-2","status":"publish","type":"product","link":"https:\/\/dcobys.com\/es\/services\/misiones-comerciales\/finanzas-inversiones-y-capital-privado\/family-offices-venture-capital-private-equity\/family-offices-vc-pe-hong-kong-2\/","title":{"rendered":"Family offices, Venture Capital, Private Equity  &#8211;  Hong Kong"},"content":{"rendered":"<p>La Misi\u00f3n Comercial en Hong Kong facilita la conexi\u00f3n con uno de los mercados de inversi\u00f3n m\u00e1s sofisticados de Asia, donde operan family offices internacionales, fondos de venture capital y actores clave del private equity. Los participantes acceden a tendencias emergentes en tecnolog\u00eda financiera, estructuras de inversi\u00f3n transfronteriza y oportunidades de expansi\u00f3n hacia China continental y el Sudeste Asi\u00e1tico. La misi\u00f3n incluye reuniones seleccionadas con gestores de capital, visitas a centros financieros y participaci\u00f3n en los principales foros de innovaci\u00f3n y gesti\u00f3n patrimonial de la regi\u00f3n.<br \/>\nFuentes: \u201cHong Kong FinTech Week \u00b7 Family Office &#038; Investment Forum\u201d.<\/p>\n","protected":false},"excerpt":{"rendered":"<p>La Misi\u00f3n Comercial en Hong Kong facilita la conexi\u00f3n con uno de los mercados de inversi\u00f3n m\u00e1s sofisticados de Asia, donde operan family offices internacionales, fondos de venture capital y actores clave del private equity. Los participantes acceden a tendencias emergentes en tecnolog\u00eda financiera, estructuras de inversi\u00f3n transfronteriza y oportunidades de expansi\u00f3n hacia China continental [&hellip;]<\/p>\n","protected":false},"featured_media":8768,"template":"","meta":{"_acf_changed":false},"country":[935],"product_brand":[],"product_cat":[993,992,893],"product_tag":[924],"class_list":{"0":"post-7046","1":"product","2":"type-product","3":"status-publish","4":"has-post-thumbnail","6":"country-hong-kong","7":"product_cat-family-offices-venture-capital-private-equity","8":"product_cat-finanzas-inversiones-y-capital-privado","9":"product_cat-misiones-comerciales","10":"product_tag-misiones-comerciales","12":"first","13":"instock","14":"virtual","15":"product-type-simple"},"acf":[],"_links":{"self":[{"href":"https:\/\/dcobys.com\/es\/wp-json\/wp\/v2\/product\/7046","targetHints":{"allow":["GET"]}}],"collection":[{"href":"https:\/\/dcobys.com\/es\/wp-json\/wp\/v2\/product"}],"about":[{"href":"https:\/\/dcobys.com\/es\/wp-json\/wp\/v2\/types\/product"}],"version-history":[{"count":0,"href":"https:\/\/dcobys.com\/es\/wp-json\/wp\/v2\/product\/7046\/revisions"}],"wp:featuredmedia":[{"embeddable":true,"href":"https:\/\/dcobys.com\/es\/wp-json\/wp\/v2\/media\/8768"}],"wp:attachment":[{"href":"https:\/\/dcobys.com\/es\/wp-json\/wp\/v2\/media?parent=7046"}],"wp:term":[{"taxonomy":"country","embeddable":true,"href":"https:\/\/dcobys.com\/es\/wp-json\/wp\/v2\/country?post=7046"},{"taxonomy":"product_brand","embeddable":true,"href":"https:\/\/dcobys.com\/es\/wp-json\/wp\/v2\/product_brand?post=7046"},{"taxonomy":"product_cat","embeddable":true,"href":"https:\/\/dcobys.com\/es\/wp-json\/wp\/v2\/product_cat?post=7046"},{"taxonomy":"product_tag","embeddable":true,"href":"https:\/\/dcobys.com\/es\/wp-json\/wp\/v2\/product_tag?post=7046"}],"curies":[{"name":"wp","href":"https:\/\/api.w.org\/{rel}","templated":true}]}}