{"id":7044,"date":"2025-12-15T13:03:22","date_gmt":"2025-12-15T18:03:22","guid":{"rendered":"https:\/\/dcobys.com\/services\/uncategorized\/family-offices-vc-pe-singapore-2\/"},"modified":"2026-01-30T21:36:09","modified_gmt":"2026-01-31T02:36:09","slug":"family-offices-vc-pe-singapore-2","status":"publish","type":"product","link":"https:\/\/dcobys.com\/es\/services\/misiones-comerciales\/finanzas-inversiones-y-capital-privado\/family-offices-venture-capital-private-equity\/family-offices-vc-pe-singapore-2\/","title":{"rendered":"Family offices, Venture Capital, Private Equity  &#8211;  Singapur"},"content":{"rendered":"<p>La Misi\u00f3n Comercial en Singapur abre acceso al centro financiero m\u00e1s avanzado del Sudeste Asi\u00e1tico, donde convergen family offices globales y fondos l\u00edderes de venture capital y private equity. La iniciativa permite que empresas latinoamericanas exploren oportunidades de escalamiento, estructuraci\u00f3n de capital y alianzas estrat\u00e9gicas dentro de un mercado caracterizado por su alto nivel regulatorio y enfoque tecnol\u00f3gico. La experiencia incluye participaci\u00f3n en plataformas de innovaci\u00f3n financiera, espacios de networking con inversores regionales y sesiones de inteligencia sobre hubs de inversi\u00f3n en la regi\u00f3n ASEAN.<br \/>\nFuentes: \u201cSingapore FinTech Festival \u00b7 Asia PE-VC Summit\u201d.<\/p>\n","protected":false},"excerpt":{"rendered":"<p>La Misi\u00f3n Comercial en Singapur abre acceso al centro financiero m\u00e1s avanzado del Sudeste Asi\u00e1tico, donde convergen family offices globales y fondos l\u00edderes de venture capital y private equity. La iniciativa permite que empresas latinoamericanas exploren oportunidades de escalamiento, estructuraci\u00f3n de capital y alianzas estrat\u00e9gicas dentro de un mercado caracterizado por su alto nivel regulatorio [&hellip;]<\/p>\n","protected":false},"featured_media":8766,"template":"","meta":{"_acf_changed":false},"country":[947],"product_brand":[],"product_cat":[993,992,893],"product_tag":[924],"class_list":{"0":"post-7044","1":"product","2":"type-product","3":"status-publish","4":"has-post-thumbnail","6":"country-singapur","7":"product_cat-family-offices-venture-capital-private-equity","8":"product_cat-finanzas-inversiones-y-capital-privado","9":"product_cat-misiones-comerciales","10":"product_tag-misiones-comerciales","12":"first","13":"instock","14":"virtual","15":"product-type-simple"},"acf":[],"_links":{"self":[{"href":"https:\/\/dcobys.com\/es\/wp-json\/wp\/v2\/product\/7044","targetHints":{"allow":["GET"]}}],"collection":[{"href":"https:\/\/dcobys.com\/es\/wp-json\/wp\/v2\/product"}],"about":[{"href":"https:\/\/dcobys.com\/es\/wp-json\/wp\/v2\/types\/product"}],"version-history":[{"count":0,"href":"https:\/\/dcobys.com\/es\/wp-json\/wp\/v2\/product\/7044\/revisions"}],"wp:featuredmedia":[{"embeddable":true,"href":"https:\/\/dcobys.com\/es\/wp-json\/wp\/v2\/media\/8766"}],"wp:attachment":[{"href":"https:\/\/dcobys.com\/es\/wp-json\/wp\/v2\/media?parent=7044"}],"wp:term":[{"taxonomy":"country","embeddable":true,"href":"https:\/\/dcobys.com\/es\/wp-json\/wp\/v2\/country?post=7044"},{"taxonomy":"product_brand","embeddable":true,"href":"https:\/\/dcobys.com\/es\/wp-json\/wp\/v2\/product_brand?post=7044"},{"taxonomy":"product_cat","embeddable":true,"href":"https:\/\/dcobys.com\/es\/wp-json\/wp\/v2\/product_cat?post=7044"},{"taxonomy":"product_tag","embeddable":true,"href":"https:\/\/dcobys.com\/es\/wp-json\/wp\/v2\/product_tag?post=7044"}],"curies":[{"name":"wp","href":"https:\/\/api.w.org\/{rel}","templated":true}]}}