{"id":7042,"date":"2025-12-15T13:03:22","date_gmt":"2025-12-15T18:03:22","guid":{"rendered":"https:\/\/dcobys.com\/services\/uncategorized\/family-offices-vc-pe-uae-2\/"},"modified":"2026-01-30T21:36:09","modified_gmt":"2026-01-31T02:36:09","slug":"family-offices-vc-pe-uae-2","status":"publish","type":"product","link":"https:\/\/dcobys.com\/es\/services\/misiones-comerciales\/finanzas-inversiones-y-capital-privado\/family-offices-venture-capital-private-equity\/family-offices-vc-pe-uae-2\/","title":{"rendered":"Family offices, Venture Capital, Private Equity  &#8211;  Emiratos \u00c1rabes Unidos"},"content":{"rendered":"<p>La Misi\u00f3n Comercial en Emiratos \u00c1rabes Unidos impulsa a las empresas a integrarse en uno de los ecosistemas de inversi\u00f3n m\u00e1s din\u00e1micos del mundo, conectando directamente con family offices, fondos de venture capital y gestores de private equity establecidos en Dub\u00e1i y Abu Dhabi. La agenda permite explorar oportunidades de coinversi\u00f3n, acceso a capital regional y modelos de expansi\u00f3n hacia mercados del Golfo, \u00c1frica y Asia. Los participantes podr\u00e1n conocer plataformas de innovaci\u00f3n financiera, tendencias de diversificaci\u00f3n patrimonial y estrategias de crecimiento respaldadas por inversionistas institucionales. La misi\u00f3n incluye participaci\u00f3n en foros estrat\u00e9gicos, reuniones B2B y sesiones de aceleraci\u00f3n enfocadas en inversi\u00f3n extranjera.<br \/>\nFuentes: \u201cDubai Investment Week \u00b7 Investopia\u201d.<\/p>\n","protected":false},"excerpt":{"rendered":"<p>La Misi\u00f3n Comercial en Emiratos \u00c1rabes Unidos impulsa a las empresas a integrarse en uno de los ecosistemas de inversi\u00f3n m\u00e1s din\u00e1micos del mundo, conectando directamente con family offices, fondos de venture capital y gestores de private equity establecidos en Dub\u00e1i y Abu Dhabi. La agenda permite explorar oportunidades de coinversi\u00f3n, acceso a capital regional [&hellip;]<\/p>\n","protected":false},"featured_media":7428,"template":"","meta":{"_acf_changed":false},"country":[953],"product_brand":[],"product_cat":[993,992,893],"product_tag":[924],"class_list":{"0":"post-7042","1":"product","2":"type-product","3":"status-publish","4":"has-post-thumbnail","6":"country-emiratos-arabes-unidos","7":"product_cat-family-offices-venture-capital-private-equity","8":"product_cat-finanzas-inversiones-y-capital-privado","9":"product_cat-misiones-comerciales","10":"product_tag-misiones-comerciales","12":"first","13":"instock","14":"virtual","15":"product-type-simple"},"acf":[],"_links":{"self":[{"href":"https:\/\/dcobys.com\/es\/wp-json\/wp\/v2\/product\/7042","targetHints":{"allow":["GET"]}}],"collection":[{"href":"https:\/\/dcobys.com\/es\/wp-json\/wp\/v2\/product"}],"about":[{"href":"https:\/\/dcobys.com\/es\/wp-json\/wp\/v2\/types\/product"}],"version-history":[{"count":0,"href":"https:\/\/dcobys.com\/es\/wp-json\/wp\/v2\/product\/7042\/revisions"}],"wp:featuredmedia":[{"embeddable":true,"href":"https:\/\/dcobys.com\/es\/wp-json\/wp\/v2\/media\/7428"}],"wp:attachment":[{"href":"https:\/\/dcobys.com\/es\/wp-json\/wp\/v2\/media?parent=7042"}],"wp:term":[{"taxonomy":"country","embeddable":true,"href":"https:\/\/dcobys.com\/es\/wp-json\/wp\/v2\/country?post=7042"},{"taxonomy":"product_brand","embeddable":true,"href":"https:\/\/dcobys.com\/es\/wp-json\/wp\/v2\/product_brand?post=7042"},{"taxonomy":"product_cat","embeddable":true,"href":"https:\/\/dcobys.com\/es\/wp-json\/wp\/v2\/product_cat?post=7042"},{"taxonomy":"product_tag","embeddable":true,"href":"https:\/\/dcobys.com\/es\/wp-json\/wp\/v2\/product_tag?post=7042"}],"curies":[{"name":"wp","href":"https:\/\/api.w.org\/{rel}","templated":true}]}}