{"id":7040,"date":"2025-12-15T13:03:22","date_gmt":"2025-12-15T18:03:22","guid":{"rendered":"https:\/\/dcobys.com\/services\/uncategorized\/ports-and-free-zones-netherlands-2\/"},"modified":"2026-01-30T21:36:09","modified_gmt":"2026-01-31T02:36:09","slug":"ports-and-free-zones-netherlands-2","status":"publish","type":"product","link":"https:\/\/dcobys.com\/es\/services\/misiones-comerciales\/aviacion-aeronautica-y-logistica\/puertos-y-zonas-francas-dp-world-jebel-ali-port\/ports-and-free-zones-netherlands-2\/","title":{"rendered":"Puertos y zonas francas (DP World, Jebel Ali Port)  &#8211;  Pa\u00edses Bajos"},"content":{"rendered":"<p>La Misi\u00f3n Comercial en los Pa\u00edses Bajos conecta a las empresas con el ecosistema log\u00edstico y portuario m\u00e1s influyente de Europa, liderado por el Puerto de R\u00f3terdam, referente global en sostenibilidad, digitalizaci\u00f3n y transporte multimodal. El programa incluye visitas t\u00e9cnicas, sesiones con operadores especializados, autoridades portuarias y proveedores tecnol\u00f3gicos en \u00c1msterdam y R\u00f3terdam. Los participantes exploran soluciones avanzadas en energ\u00eda, cadena fr\u00eda, carga a gran escala y automatizaci\u00f3n, adem\u00e1s de oportunidades para integrarse a rutas comerciales europeas. La misi\u00f3n impulsa la creaci\u00f3n de alianzas estrat\u00e9gicas y facilita el acceso a eventos de alto impacto. Fuentes: \u201cEuroport Rotterdam \u00b7 Breakbulk Europe\u201d.<\/p>\n","protected":false},"excerpt":{"rendered":"<p>La Misi\u00f3n Comercial en los Pa\u00edses Bajos conecta a las empresas con el ecosistema log\u00edstico y portuario m\u00e1s influyente de Europa, liderado por el Puerto de R\u00f3terdam, referente global en sostenibilidad, digitalizaci\u00f3n y transporte multimodal. El programa incluye visitas t\u00e9cnicas, sesiones con operadores especializados, autoridades portuarias y proveedores tecnol\u00f3gicos en \u00c1msterdam y R\u00f3terdam. Los participantes [&hellip;]<\/p>\n","protected":false},"featured_media":8578,"template":"","meta":{"_acf_changed":false},"country":[942],"product_brand":[],"product_cat":[971,893,973],"product_tag":[924],"class_list":{"0":"post-7040","1":"product","2":"type-product","3":"status-publish","4":"has-post-thumbnail","6":"country-paises-bajos","7":"product_cat-aviacion-aeronautica-y-logistica","8":"product_cat-misiones-comerciales","9":"product_cat-puertos-y-zonas-francas-dp-world-jebel-ali-port","10":"product_tag-misiones-comerciales","12":"first","13":"instock","14":"virtual","15":"product-type-simple"},"acf":[],"_links":{"self":[{"href":"https:\/\/dcobys.com\/es\/wp-json\/wp\/v2\/product\/7040","targetHints":{"allow":["GET"]}}],"collection":[{"href":"https:\/\/dcobys.com\/es\/wp-json\/wp\/v2\/product"}],"about":[{"href":"https:\/\/dcobys.com\/es\/wp-json\/wp\/v2\/types\/product"}],"version-history":[{"count":0,"href":"https:\/\/dcobys.com\/es\/wp-json\/wp\/v2\/product\/7040\/revisions"}],"wp:featuredmedia":[{"embeddable":true,"href":"https:\/\/dcobys.com\/es\/wp-json\/wp\/v2\/media\/8578"}],"wp:attachment":[{"href":"https:\/\/dcobys.com\/es\/wp-json\/wp\/v2\/media?parent=7040"}],"wp:term":[{"taxonomy":"country","embeddable":true,"href":"https:\/\/dcobys.com\/es\/wp-json\/wp\/v2\/country?post=7040"},{"taxonomy":"product_brand","embeddable":true,"href":"https:\/\/dcobys.com\/es\/wp-json\/wp\/v2\/product_brand?post=7040"},{"taxonomy":"product_cat","embeddable":true,"href":"https:\/\/dcobys.com\/es\/wp-json\/wp\/v2\/product_cat?post=7040"},{"taxonomy":"product_tag","embeddable":true,"href":"https:\/\/dcobys.com\/es\/wp-json\/wp\/v2\/product_tag?post=7040"}],"curies":[{"name":"wp","href":"https:\/\/api.w.org\/{rel}","templated":true}]}}