{"id":7036,"date":"2025-12-15T13:03:15","date_gmt":"2025-12-15T18:03:15","guid":{"rendered":"https:\/\/dcobys.com\/services\/uncategorized\/ports-and-free-zones-uae-2\/"},"modified":"2026-01-30T21:36:09","modified_gmt":"2026-01-31T02:36:09","slug":"ports-and-free-zones-uae-2","status":"publish","type":"product","link":"https:\/\/dcobys.com\/es\/services\/misiones-comerciales\/aviacion-aeronautica-y-logistica\/puertos-y-zonas-francas-dp-world-jebel-ali-port\/ports-and-free-zones-uae-2\/","title":{"rendered":"Puertos y zonas francas (DP World, Jebel Ali Port)  &#8211;  Emiratos \u00c1rabes Unidos"},"content":{"rendered":"<p>La Misi\u00f3n Comercial en Emiratos \u00c1rabes Unidos facilita el ingreso directo al ecosistema mar\u00edtimo y log\u00edstico l\u00edder del Golfo, anclado por DP World y el puerto de Jebel Ali, uno de los puertos m\u00e1s eficientes y grandes del mundo. La iniciativa permite explorar zonas francas de alto rendimiento, plataformas multimodales, soluciones de comercio internacional y estrategias de expansi\u00f3n portuaria digitalizada. Las empresas participantes pueden identificar oportunidades de integraci\u00f3n a cadenas globales, proveedores de tecnolog\u00eda log\u00edstica y operadores especializados en movimientos de gran escala. Adem\u00e1s, se accede a conferencias y exhibiciones que concentran a los tomadores de decisi\u00f3n regionales. Fuentes: \u201cSeatrade Maritime Middle East \u00b7 Dubai Maritime Summit\u201d.<\/p>\n","protected":false},"excerpt":{"rendered":"<p>La Misi\u00f3n Comercial en Emiratos \u00c1rabes Unidos facilita el ingreso directo al ecosistema mar\u00edtimo y log\u00edstico l\u00edder del Golfo, anclado por DP World y el puerto de Jebel Ali, uno de los puertos m\u00e1s eficientes y grandes del mundo. La iniciativa permite explorar zonas francas de alto rendimiento, plataformas multimodales, soluciones de comercio internacional y [&hellip;]<\/p>\n","protected":false},"featured_media":7342,"template":"","meta":{"_acf_changed":false},"country":[953],"product_brand":[],"product_cat":[971,893,973],"product_tag":[924],"class_list":{"0":"post-7036","1":"product","2":"type-product","3":"status-publish","4":"has-post-thumbnail","6":"country-emiratos-arabes-unidos","7":"product_cat-aviacion-aeronautica-y-logistica","8":"product_cat-misiones-comerciales","9":"product_cat-puertos-y-zonas-francas-dp-world-jebel-ali-port","10":"product_tag-misiones-comerciales","12":"first","13":"instock","14":"virtual","15":"product-type-simple"},"acf":[],"_links":{"self":[{"href":"https:\/\/dcobys.com\/es\/wp-json\/wp\/v2\/product\/7036","targetHints":{"allow":["GET"]}}],"collection":[{"href":"https:\/\/dcobys.com\/es\/wp-json\/wp\/v2\/product"}],"about":[{"href":"https:\/\/dcobys.com\/es\/wp-json\/wp\/v2\/types\/product"}],"version-history":[{"count":0,"href":"https:\/\/dcobys.com\/es\/wp-json\/wp\/v2\/product\/7036\/revisions"}],"wp:featuredmedia":[{"embeddable":true,"href":"https:\/\/dcobys.com\/es\/wp-json\/wp\/v2\/media\/7342"}],"wp:attachment":[{"href":"https:\/\/dcobys.com\/es\/wp-json\/wp\/v2\/media?parent=7036"}],"wp:term":[{"taxonomy":"country","embeddable":true,"href":"https:\/\/dcobys.com\/es\/wp-json\/wp\/v2\/country?post=7036"},{"taxonomy":"product_brand","embeddable":true,"href":"https:\/\/dcobys.com\/es\/wp-json\/wp\/v2\/product_brand?post=7036"},{"taxonomy":"product_cat","embeddable":true,"href":"https:\/\/dcobys.com\/es\/wp-json\/wp\/v2\/product_cat?post=7036"},{"taxonomy":"product_tag","embeddable":true,"href":"https:\/\/dcobys.com\/es\/wp-json\/wp\/v2\/product_tag?post=7036"}],"curies":[{"name":"wp","href":"https:\/\/api.w.org\/{rel}","templated":true}]}}