{"id":7034,"date":"2025-12-15T13:03:15","date_gmt":"2025-12-15T18:03:15","guid":{"rendered":"https:\/\/dcobys.com\/services\/uncategorized\/international-airlines-turkey-2\/"},"modified":"2026-01-30T21:36:09","modified_gmt":"2026-01-31T02:36:09","slug":"international-airlines-turkey-2","status":"publish","type":"product","link":"https:\/\/dcobys.com\/es\/services\/misiones-comerciales\/aviacion-aeronautica-y-logistica\/aerolineas-internacionales-emirates-etihad\/international-airlines-turkey-2\/","title":{"rendered":"Aerol\u00edneas internacionales (Emirates, Etihad)  &#8211;  Turqu\u00eda"},"content":{"rendered":"<p>La Misi\u00f3n Comercial en Turqu\u00eda permite comprender la transformaci\u00f3n acelerada del sector aeron\u00e1utico turco, donde Estambul emerge como uno de los hubs internacionales m\u00e1s din\u00e1micos y conectados del mundo. El programa abre oportunidades para conocer nuevos desarrollos en movilidad a\u00e9rea, infraestructura aeroportuaria, integraci\u00f3n log\u00edstica y expansi\u00f3n de rutas estrat\u00e9gicas entre Europa, Asia y Medio Oriente. Las empresas participantes acceden a an\u00e1lisis de mercado, reuniones con operadores y actores tecnol\u00f3gicos, as\u00ed como espacios de colaboraci\u00f3n en innovaci\u00f3n aplicada a MRO y operaciones aeroportuarias. La misi\u00f3n permite conectar con l\u00edderes regionales en pol\u00edticas de transporte a\u00e9reo y crecimiento de redes globales. Fuentes: \u201cEurasia Airshow \u00b7 Turkish Aviation Conference\u201d.<\/p>\n","protected":false},"excerpt":{"rendered":"<p>La Misi\u00f3n Comercial en Turqu\u00eda permite comprender la transformaci\u00f3n acelerada del sector aeron\u00e1utico turco, donde Estambul emerge como uno de los hubs internacionales m\u00e1s din\u00e1micos y conectados del mundo. El programa abre oportunidades para conocer nuevos desarrollos en movilidad a\u00e9rea, infraestructura aeroportuaria, integraci\u00f3n log\u00edstica y expansi\u00f3n de rutas estrat\u00e9gicas entre Europa, Asia y Medio Oriente. [&hellip;]<\/p>\n","protected":false},"featured_media":8575,"template":"","meta":{"_acf_changed":false},"country":[952],"product_brand":[],"product_cat":[972,971,893],"product_tag":[924],"class_list":{"0":"post-7034","1":"product","2":"type-product","3":"status-publish","4":"has-post-thumbnail","6":"country-turquia","7":"product_cat-aerolineas-internacionales-emirates-etihad","8":"product_cat-aviacion-aeronautica-y-logistica","9":"product_cat-misiones-comerciales","10":"product_tag-misiones-comerciales","12":"first","13":"instock","14":"virtual","15":"product-type-simple"},"acf":[],"_links":{"self":[{"href":"https:\/\/dcobys.com\/es\/wp-json\/wp\/v2\/product\/7034","targetHints":{"allow":["GET"]}}],"collection":[{"href":"https:\/\/dcobys.com\/es\/wp-json\/wp\/v2\/product"}],"about":[{"href":"https:\/\/dcobys.com\/es\/wp-json\/wp\/v2\/types\/product"}],"version-history":[{"count":0,"href":"https:\/\/dcobys.com\/es\/wp-json\/wp\/v2\/product\/7034\/revisions"}],"wp:featuredmedia":[{"embeddable":true,"href":"https:\/\/dcobys.com\/es\/wp-json\/wp\/v2\/media\/8575"}],"wp:attachment":[{"href":"https:\/\/dcobys.com\/es\/wp-json\/wp\/v2\/media?parent=7034"}],"wp:term":[{"taxonomy":"country","embeddable":true,"href":"https:\/\/dcobys.com\/es\/wp-json\/wp\/v2\/country?post=7034"},{"taxonomy":"product_brand","embeddable":true,"href":"https:\/\/dcobys.com\/es\/wp-json\/wp\/v2\/product_brand?post=7034"},{"taxonomy":"product_cat","embeddable":true,"href":"https:\/\/dcobys.com\/es\/wp-json\/wp\/v2\/product_cat?post=7034"},{"taxonomy":"product_tag","embeddable":true,"href":"https:\/\/dcobys.com\/es\/wp-json\/wp\/v2\/product_tag?post=7034"}],"curies":[{"name":"wp","href":"https:\/\/api.w.org\/{rel}","templated":true}]}}