{"id":7032,"date":"2025-12-15T13:03:15","date_gmt":"2025-12-15T18:03:15","guid":{"rendered":"https:\/\/dcobys.com\/services\/uncategorized\/international-airlines-qatar-2\/"},"modified":"2026-01-30T21:36:09","modified_gmt":"2026-01-31T02:36:09","slug":"international-airlines-qatar-2","status":"publish","type":"product","link":"https:\/\/dcobys.com\/es\/services\/misiones-comerciales\/aviacion-aeronautica-y-logistica\/aerolineas-internacionales-emirates-etihad\/international-airlines-qatar-2\/","title":{"rendered":"Aerol\u00edneas internacionales (Emirates, Etihad)  &#8211;  Qatar"},"content":{"rendered":"<p>La Misi\u00f3n Comercial en Qatar ofrece una inmersi\u00f3n estrat\u00e9gica en el creciente ecosistema aeron\u00e1utico de Doha, epicentro de inversiones tecnol\u00f3gicas y de infraestructura a\u00e9rea de \u00faltima generaci\u00f3n. La experiencia permite explorar oportunidades con actores regionales integrados en rutas globales, adem\u00e1s de analizar los modelos avanzados de eficiencia operativa adoptados en el Golfo. Las empresas participantes acceden a contenido especializado sobre mantenimiento MRO, digitalizaci\u00f3n aeroportuaria y log\u00edstica a\u00e9rea estrat\u00e9gica. El programa facilita conexiones con ejecutivos, organismos reguladores y proveedores clave que impulsan la competitividad a\u00e9rea de la regi\u00f3n. Se incluyen actividades de relacionamiento empresarial en conferencias de alto nivel. Fuentes: \u201cQatar Aviation Conference \u00b7 MRO Middle East\u201d.<\/p>\n","protected":false},"excerpt":{"rendered":"<p>La Misi\u00f3n Comercial en Qatar ofrece una inmersi\u00f3n estrat\u00e9gica en el creciente ecosistema aeron\u00e1utico de Doha, epicentro de inversiones tecnol\u00f3gicas y de infraestructura a\u00e9rea de \u00faltima generaci\u00f3n. La experiencia permite explorar oportunidades con actores regionales integrados en rutas globales, adem\u00e1s de analizar los modelos avanzados de eficiencia operativa adoptados en el Golfo. Las empresas participantes [&hellip;]<\/p>\n","protected":false},"featured_media":8572,"template":"","meta":{"_acf_changed":false},"country":[945],"product_brand":[],"product_cat":[972,971,893],"product_tag":[924],"class_list":{"0":"post-7032","1":"product","2":"type-product","3":"status-publish","4":"has-post-thumbnail","6":"country-qatar","7":"product_cat-aerolineas-internacionales-emirates-etihad","8":"product_cat-aviacion-aeronautica-y-logistica","9":"product_cat-misiones-comerciales","10":"product_tag-misiones-comerciales","12":"first","13":"instock","14":"virtual","15":"product-type-simple"},"acf":[],"_links":{"self":[{"href":"https:\/\/dcobys.com\/es\/wp-json\/wp\/v2\/product\/7032","targetHints":{"allow":["GET"]}}],"collection":[{"href":"https:\/\/dcobys.com\/es\/wp-json\/wp\/v2\/product"}],"about":[{"href":"https:\/\/dcobys.com\/es\/wp-json\/wp\/v2\/types\/product"}],"version-history":[{"count":0,"href":"https:\/\/dcobys.com\/es\/wp-json\/wp\/v2\/product\/7032\/revisions"}],"wp:featuredmedia":[{"embeddable":true,"href":"https:\/\/dcobys.com\/es\/wp-json\/wp\/v2\/media\/8572"}],"wp:attachment":[{"href":"https:\/\/dcobys.com\/es\/wp-json\/wp\/v2\/media?parent=7032"}],"wp:term":[{"taxonomy":"country","embeddable":true,"href":"https:\/\/dcobys.com\/es\/wp-json\/wp\/v2\/country?post=7032"},{"taxonomy":"product_brand","embeddable":true,"href":"https:\/\/dcobys.com\/es\/wp-json\/wp\/v2\/product_brand?post=7032"},{"taxonomy":"product_cat","embeddable":true,"href":"https:\/\/dcobys.com\/es\/wp-json\/wp\/v2\/product_cat?post=7032"},{"taxonomy":"product_tag","embeddable":true,"href":"https:\/\/dcobys.com\/es\/wp-json\/wp\/v2\/product_tag?post=7032"}],"curies":[{"name":"wp","href":"https:\/\/api.w.org\/{rel}","templated":true}]}}