{"id":7030,"date":"2025-12-15T13:03:15","date_gmt":"2025-12-15T18:03:15","guid":{"rendered":"https:\/\/dcobys.com\/services\/uncategorized\/international-airlines-uae-2\/"},"modified":"2026-01-30T21:36:09","modified_gmt":"2026-01-31T02:36:09","slug":"international-airlines-uae-2","status":"publish","type":"product","link":"https:\/\/dcobys.com\/es\/services\/misiones-comerciales\/aviacion-aeronautica-y-logistica\/aerolineas-internacionales-emirates-etihad\/international-airlines-uae-2\/","title":{"rendered":"Aerol\u00edneas internacionales (Emirates, Etihad)  &#8211;  Emiratos \u00c1rabes Unidos"},"content":{"rendered":"<p>La Misi\u00f3n Comercial en Emiratos \u00c1rabes Unidos impulsa el acercamiento estrat\u00e9gico al ecosistema aeron\u00e1utico m\u00e1s avanzado del Golfo, permitiendo a las empresas conectar directamente con las operaciones de Emirates y Etihad, l\u00edderes globales en aviaci\u00f3n premium e innovaci\u00f3n operacional. El programa considera visitas a hubs de clase mundial en Dub\u00e1i y Abu Dhabi, donde se concentran nuevos modelos de expansi\u00f3n a\u00e9rea, digitalizaci\u00f3n de flotas y servicios aeroportuarios inteligentes. Los participantes acceden a espacios de networking de alto nivel, an\u00e1lisis de tendencias de movilidad a\u00e9rea y oportunidades de integraci\u00f3n en cadenas globales de suministro. La misi\u00f3n incluye asistencia a plataformas especializadas que impulsan alianzas tecnol\u00f3gicas, mantenimiento aeron\u00e1utico y modelos de eficiencia operativa. Fuentes: \u201cDubai Airshow \u00b7 Aviation Business Summit\u201d.<\/p>\n","protected":false},"excerpt":{"rendered":"<p>La Misi\u00f3n Comercial en Emiratos \u00c1rabes Unidos impulsa el acercamiento estrat\u00e9gico al ecosistema aeron\u00e1utico m\u00e1s avanzado del Golfo, permitiendo a las empresas conectar directamente con las operaciones de Emirates y Etihad, l\u00edderes globales en aviaci\u00f3n premium e innovaci\u00f3n operacional. El programa considera visitas a hubs de clase mundial en Dub\u00e1i y Abu Dhabi, donde se [&hellip;]<\/p>\n","protected":false},"featured_media":7338,"template":"","meta":{"_acf_changed":false},"country":[953],"product_brand":[],"product_cat":[972,971,893],"product_tag":[924],"class_list":{"0":"post-7030","1":"product","2":"type-product","3":"status-publish","4":"has-post-thumbnail","6":"country-emiratos-arabes-unidos","7":"product_cat-aerolineas-internacionales-emirates-etihad","8":"product_cat-aviacion-aeronautica-y-logistica","9":"product_cat-misiones-comerciales","10":"product_tag-misiones-comerciales","12":"first","13":"instock","14":"virtual","15":"product-type-simple"},"acf":[],"_links":{"self":[{"href":"https:\/\/dcobys.com\/es\/wp-json\/wp\/v2\/product\/7030","targetHints":{"allow":["GET"]}}],"collection":[{"href":"https:\/\/dcobys.com\/es\/wp-json\/wp\/v2\/product"}],"about":[{"href":"https:\/\/dcobys.com\/es\/wp-json\/wp\/v2\/types\/product"}],"version-history":[{"count":0,"href":"https:\/\/dcobys.com\/es\/wp-json\/wp\/v2\/product\/7030\/revisions"}],"wp:featuredmedia":[{"embeddable":true,"href":"https:\/\/dcobys.com\/es\/wp-json\/wp\/v2\/media\/7338"}],"wp:attachment":[{"href":"https:\/\/dcobys.com\/es\/wp-json\/wp\/v2\/media?parent=7030"}],"wp:term":[{"taxonomy":"country","embeddable":true,"href":"https:\/\/dcobys.com\/es\/wp-json\/wp\/v2\/country?post=7030"},{"taxonomy":"product_brand","embeddable":true,"href":"https:\/\/dcobys.com\/es\/wp-json\/wp\/v2\/product_brand?post=7030"},{"taxonomy":"product_cat","embeddable":true,"href":"https:\/\/dcobys.com\/es\/wp-json\/wp\/v2\/product_cat?post=7030"},{"taxonomy":"product_tag","embeddable":true,"href":"https:\/\/dcobys.com\/es\/wp-json\/wp\/v2\/product_tag?post=7030"}],"curies":[{"name":"wp","href":"https:\/\/api.w.org\/{rel}","templated":true}]}}