{"id":7028,"date":"2025-12-15T13:03:15","date_gmt":"2025-12-15T18:03:15","guid":{"rendered":"https:\/\/dcobys.com\/services\/uncategorized\/renewable-energy-masdar-solar-china-2\/"},"modified":"2026-01-30T21:36:09","modified_gmt":"2026-01-31T02:36:09","slug":"renewable-energy-masdar-solar-china-2","status":"publish","type":"product","link":"https:\/\/dcobys.com\/es\/services\/misiones-comerciales\/energia-y-petroquimica\/energias-renovables-masdar-city-energia-solar\/renewable-energy-masdar-solar-china-2\/","title":{"rendered":"Energ\u00edas renovables (Masdar City, energ\u00eda solar)  &#8211;  China"},"content":{"rendered":"<p>La Misi\u00f3n Comercial en China permite acceder al mayor ecosistema mundial de producci\u00f3n solar, innovaci\u00f3n fotovoltaica y supply chain energ\u00e9tico en Shangh\u00e1i, Shenzhen y Pek\u00edn. Las empresas participan en encuentros con fabricantes, desarrolladores, centros tecnol\u00f3gicos y plataformas de inversi\u00f3n que impulsan la energ\u00eda renovable a escala global. Fuentes: SNEC PV Power Expo \u00b7 China Renewable Energy Forum<\/p>\n","protected":false},"excerpt":{"rendered":"<p>La Misi\u00f3n Comercial en China permite acceder al mayor ecosistema mundial de producci\u00f3n solar, innovaci\u00f3n fotovoltaica y supply chain energ\u00e9tico en Shangh\u00e1i, Shenzhen y Pek\u00edn. Las empresas participan en encuentros con fabricantes, desarrolladores, centros tecnol\u00f3gicos y plataformas de inversi\u00f3n que impulsan la energ\u00eda renovable a escala global. Fuentes: SNEC PV Power Expo \u00b7 China Renewable [&hellip;]<\/p>\n","protected":false},"featured_media":8760,"template":"","meta":{"_acf_changed":false},"country":[928],"product_brand":[],"product_cat":[988,991,893],"product_tag":[924],"class_list":{"0":"post-7028","1":"product","2":"type-product","3":"status-publish","4":"has-post-thumbnail","6":"country-china","7":"product_cat-energia-y-petroquimica","8":"product_cat-energias-renovables-masdar-city-energia-solar","9":"product_cat-misiones-comerciales","10":"product_tag-misiones-comerciales","12":"first","13":"instock","14":"virtual","15":"product-type-simple"},"acf":[],"_links":{"self":[{"href":"https:\/\/dcobys.com\/es\/wp-json\/wp\/v2\/product\/7028","targetHints":{"allow":["GET"]}}],"collection":[{"href":"https:\/\/dcobys.com\/es\/wp-json\/wp\/v2\/product"}],"about":[{"href":"https:\/\/dcobys.com\/es\/wp-json\/wp\/v2\/types\/product"}],"version-history":[{"count":0,"href":"https:\/\/dcobys.com\/es\/wp-json\/wp\/v2\/product\/7028\/revisions"}],"wp:featuredmedia":[{"embeddable":true,"href":"https:\/\/dcobys.com\/es\/wp-json\/wp\/v2\/media\/8760"}],"wp:attachment":[{"href":"https:\/\/dcobys.com\/es\/wp-json\/wp\/v2\/media?parent=7028"}],"wp:term":[{"taxonomy":"country","embeddable":true,"href":"https:\/\/dcobys.com\/es\/wp-json\/wp\/v2\/country?post=7028"},{"taxonomy":"product_brand","embeddable":true,"href":"https:\/\/dcobys.com\/es\/wp-json\/wp\/v2\/product_brand?post=7028"},{"taxonomy":"product_cat","embeddable":true,"href":"https:\/\/dcobys.com\/es\/wp-json\/wp\/v2\/product_cat?post=7028"},{"taxonomy":"product_tag","embeddable":true,"href":"https:\/\/dcobys.com\/es\/wp-json\/wp\/v2\/product_tag?post=7028"}],"curies":[{"name":"wp","href":"https:\/\/api.w.org\/{rel}","templated":true}]}}