{"id":7026,"date":"2025-12-15T13:03:15","date_gmt":"2025-12-15T18:03:15","guid":{"rendered":"https:\/\/dcobys.com\/services\/uncategorized\/renewable-energy-masdar-solar-germany-2\/"},"modified":"2026-01-30T21:36:09","modified_gmt":"2026-01-31T02:36:09","slug":"renewable-energy-masdar-solar-germany-2","status":"publish","type":"product","link":"https:\/\/dcobys.com\/es\/services\/misiones-comerciales\/energia-y-petroquimica\/energias-renovables-masdar-city-energia-solar\/renewable-energy-masdar-solar-germany-2\/","title":{"rendered":"Energ\u00edas renovables (Masdar City, energ\u00eda solar)  &#8211;  Alemania"},"content":{"rendered":"<p>La Misi\u00f3n Comercial en Alemania facilita la conexi\u00f3n con el mercado europeo m\u00e1s sofisticado en energ\u00eda solar, almacenamiento y transici\u00f3n energ\u00e9tica, visitando Berl\u00edn, Hamburgo y Fr\u00e1ncfort. La agenda incluye interacci\u00f3n con fabricantes, integradores de sistemas, centros tecnol\u00f3gicos y operadores de redes, con oportunidades para transferencia tecnol\u00f3gica, alianzas comerciales y participaci\u00f3n en proyectos piloto. Fuentes: Intersolar Europe \u00b7 Energy Storage Europe<\/p>\n","protected":false},"excerpt":{"rendered":"<p>La Misi\u00f3n Comercial en Alemania facilita la conexi\u00f3n con el mercado europeo m\u00e1s sofisticado en energ\u00eda solar, almacenamiento y transici\u00f3n energ\u00e9tica, visitando Berl\u00edn, Hamburgo y Fr\u00e1ncfort. La agenda incluye interacci\u00f3n con fabricantes, integradores de sistemas, centros tecnol\u00f3gicos y operadores de redes, con oportunidades para transferencia tecnol\u00f3gica, alianzas comerciales y participaci\u00f3n en proyectos piloto. Fuentes: Intersolar [&hellip;]<\/p>\n","protected":false},"featured_media":8762,"template":"","meta":{"_acf_changed":false},"country":[934],"product_brand":[],"product_cat":[988,991,893],"product_tag":[924],"class_list":{"0":"post-7026","1":"product","2":"type-product","3":"status-publish","4":"has-post-thumbnail","6":"country-alemania","7":"product_cat-energia-y-petroquimica","8":"product_cat-energias-renovables-masdar-city-energia-solar","9":"product_cat-misiones-comerciales","10":"product_tag-misiones-comerciales","12":"first","13":"instock","14":"virtual","15":"product-type-simple"},"acf":[],"_links":{"self":[{"href":"https:\/\/dcobys.com\/es\/wp-json\/wp\/v2\/product\/7026","targetHints":{"allow":["GET"]}}],"collection":[{"href":"https:\/\/dcobys.com\/es\/wp-json\/wp\/v2\/product"}],"about":[{"href":"https:\/\/dcobys.com\/es\/wp-json\/wp\/v2\/types\/product"}],"version-history":[{"count":0,"href":"https:\/\/dcobys.com\/es\/wp-json\/wp\/v2\/product\/7026\/revisions"}],"wp:featuredmedia":[{"embeddable":true,"href":"https:\/\/dcobys.com\/es\/wp-json\/wp\/v2\/media\/8762"}],"wp:attachment":[{"href":"https:\/\/dcobys.com\/es\/wp-json\/wp\/v2\/media?parent=7026"}],"wp:term":[{"taxonomy":"country","embeddable":true,"href":"https:\/\/dcobys.com\/es\/wp-json\/wp\/v2\/country?post=7026"},{"taxonomy":"product_brand","embeddable":true,"href":"https:\/\/dcobys.com\/es\/wp-json\/wp\/v2\/product_brand?post=7026"},{"taxonomy":"product_cat","embeddable":true,"href":"https:\/\/dcobys.com\/es\/wp-json\/wp\/v2\/product_cat?post=7026"},{"taxonomy":"product_tag","embeddable":true,"href":"https:\/\/dcobys.com\/es\/wp-json\/wp\/v2\/product_tag?post=7026"}],"curies":[{"name":"wp","href":"https:\/\/api.w.org\/{rel}","templated":true}]}}