{"id":7024,"date":"2025-12-15T13:03:15","date_gmt":"2025-12-15T18:03:15","guid":{"rendered":"https:\/\/dcobys.com\/services\/uncategorized\/renewable-energy-masdar-solar-uae-2\/"},"modified":"2026-01-30T21:36:09","modified_gmt":"2026-01-31T02:36:09","slug":"renewable-energy-masdar-solar-uae-2","status":"publish","type":"product","link":"https:\/\/dcobys.com\/es\/services\/misiones-comerciales\/energia-y-petroquimica\/energias-renovables-masdar-city-energia-solar\/renewable-energy-masdar-solar-uae-2\/","title":{"rendered":"Energ\u00edas renovables (Masdar City, energ\u00eda solar)  &#8211;  Emiratos \u00c1rabes Unidos"},"content":{"rendered":"<p>La Misi\u00f3n Comercial en Emiratos \u00c1rabes Unidos introduce a las empresas en el hub global de energ\u00edas renovables ubicado en Masdar City y Dub\u00e1i, donde convergen proyectos solares, almacenamiento energ\u00e9tico y soluciones de eficiencia de \u00faltima generaci\u00f3n. La misi\u00f3n fortalece la vinculaci\u00f3n con desarrolladores, fondos y centros de innovaci\u00f3n, adem\u00e1s de visitas t\u00e9cnicas a zonas de energ\u00eda limpia e instituciones gubernamentales. Fuentes: World Future Energy Summit \u00b7 WETEX \u00b7 Masdar Clean Energy Week<\/p>\n","protected":false},"excerpt":{"rendered":"<p>La Misi\u00f3n Comercial en Emiratos \u00c1rabes Unidos introduce a las empresas en el hub global de energ\u00edas renovables ubicado en Masdar City y Dub\u00e1i, donde convergen proyectos solares, almacenamiento energ\u00e9tico y soluciones de eficiencia de \u00faltima generaci\u00f3n. La misi\u00f3n fortalece la vinculaci\u00f3n con desarrolladores, fondos y centros de innovaci\u00f3n, adem\u00e1s de visitas t\u00e9cnicas a zonas [&hellip;]<\/p>\n","protected":false},"featured_media":7424,"template":"","meta":{"_acf_changed":false},"country":[953],"product_brand":[],"product_cat":[988,991,893],"product_tag":[924],"class_list":{"0":"post-7024","1":"product","2":"type-product","3":"status-publish","4":"has-post-thumbnail","6":"country-emiratos-arabes-unidos","7":"product_cat-energia-y-petroquimica","8":"product_cat-energias-renovables-masdar-city-energia-solar","9":"product_cat-misiones-comerciales","10":"product_tag-misiones-comerciales","12":"first","13":"instock","14":"virtual","15":"product-type-simple"},"acf":[],"_links":{"self":[{"href":"https:\/\/dcobys.com\/es\/wp-json\/wp\/v2\/product\/7024","targetHints":{"allow":["GET"]}}],"collection":[{"href":"https:\/\/dcobys.com\/es\/wp-json\/wp\/v2\/product"}],"about":[{"href":"https:\/\/dcobys.com\/es\/wp-json\/wp\/v2\/types\/product"}],"version-history":[{"count":0,"href":"https:\/\/dcobys.com\/es\/wp-json\/wp\/v2\/product\/7024\/revisions"}],"wp:featuredmedia":[{"embeddable":true,"href":"https:\/\/dcobys.com\/es\/wp-json\/wp\/v2\/media\/7424"}],"wp:attachment":[{"href":"https:\/\/dcobys.com\/es\/wp-json\/wp\/v2\/media?parent=7024"}],"wp:term":[{"taxonomy":"country","embeddable":true,"href":"https:\/\/dcobys.com\/es\/wp-json\/wp\/v2\/country?post=7024"},{"taxonomy":"product_brand","embeddable":true,"href":"https:\/\/dcobys.com\/es\/wp-json\/wp\/v2\/product_brand?post=7024"},{"taxonomy":"product_cat","embeddable":true,"href":"https:\/\/dcobys.com\/es\/wp-json\/wp\/v2\/product_cat?post=7024"},{"taxonomy":"product_tag","embeddable":true,"href":"https:\/\/dcobys.com\/es\/wp-json\/wp\/v2\/product_tag?post=7024"}],"curies":[{"name":"wp","href":"https:\/\/api.w.org\/{rel}","templated":true}]}}