{"id":7022,"date":"2025-12-15T13:03:15","date_gmt":"2025-12-15T18:03:15","guid":{"rendered":"https:\/\/dcobys.com\/services\/uncategorized\/oil-and-gas-production-qatar-2\/"},"modified":"2026-01-30T21:36:08","modified_gmt":"2026-01-31T02:36:08","slug":"oil-and-gas-production-qatar-2","status":"publish","type":"product","link":"https:\/\/dcobys.com\/es\/services\/misiones-comerciales\/energia-y-petroquimica\/produccion-y-exportacion-de-petroleo-y-gas\/oil-and-gas-production-qatar-2\/","title":{"rendered":"Producci\u00f3n y exportaci\u00f3n de petr\u00f3leo y gas  &#8211;  Qatar"},"content":{"rendered":"<p>La Misi\u00f3n Comercial en Qatar permite a las empresas integrarse al pa\u00eds l\u00edder en producci\u00f3n de LNG y expansi\u00f3n del Gas North Field, con acceso estrat\u00e9gico a Doha y Ras Laffan. La agenda facilita reuniones con QatarEnergy, operadores de gas, zonas industriales y proveedores t\u00e9cnicos, impulsando oportunidades en ingenier\u00eda, equipos especializados y servicios avanzados para gas natural y petroqu\u00edmica. Fuentes: Qatar Energy Forum \u00b7 Gastech<\/p>\n","protected":false},"excerpt":{"rendered":"<p>La Misi\u00f3n Comercial en Qatar permite a las empresas integrarse al pa\u00eds l\u00edder en producci\u00f3n de LNG y expansi\u00f3n del Gas North Field, con acceso estrat\u00e9gico a Doha y Ras Laffan. La agenda facilita reuniones con QatarEnergy, operadores de gas, zonas industriales y proveedores t\u00e9cnicos, impulsando oportunidades en ingenier\u00eda, equipos especializados y servicios avanzados para [&hellip;]<\/p>\n","protected":false},"featured_media":8756,"template":"","meta":{"_acf_changed":false},"country":[945],"product_brand":[],"product_cat":[988,893,990],"product_tag":[924],"class_list":{"0":"post-7022","1":"product","2":"type-product","3":"status-publish","4":"has-post-thumbnail","6":"country-qatar","7":"product_cat-energia-y-petroquimica","8":"product_cat-misiones-comerciales","9":"product_cat-produccion-y-exportacion-de-petroleo-y-gas","10":"product_tag-misiones-comerciales","12":"first","13":"instock","14":"virtual","15":"product-type-simple"},"acf":[],"_links":{"self":[{"href":"https:\/\/dcobys.com\/es\/wp-json\/wp\/v2\/product\/7022","targetHints":{"allow":["GET"]}}],"collection":[{"href":"https:\/\/dcobys.com\/es\/wp-json\/wp\/v2\/product"}],"about":[{"href":"https:\/\/dcobys.com\/es\/wp-json\/wp\/v2\/types\/product"}],"version-history":[{"count":0,"href":"https:\/\/dcobys.com\/es\/wp-json\/wp\/v2\/product\/7022\/revisions"}],"wp:featuredmedia":[{"embeddable":true,"href":"https:\/\/dcobys.com\/es\/wp-json\/wp\/v2\/media\/8756"}],"wp:attachment":[{"href":"https:\/\/dcobys.com\/es\/wp-json\/wp\/v2\/media?parent=7022"}],"wp:term":[{"taxonomy":"country","embeddable":true,"href":"https:\/\/dcobys.com\/es\/wp-json\/wp\/v2\/country?post=7022"},{"taxonomy":"product_brand","embeddable":true,"href":"https:\/\/dcobys.com\/es\/wp-json\/wp\/v2\/product_brand?post=7022"},{"taxonomy":"product_cat","embeddable":true,"href":"https:\/\/dcobys.com\/es\/wp-json\/wp\/v2\/product_cat?post=7022"},{"taxonomy":"product_tag","embeddable":true,"href":"https:\/\/dcobys.com\/es\/wp-json\/wp\/v2\/product_tag?post=7022"}],"curies":[{"name":"wp","href":"https:\/\/api.w.org\/{rel}","templated":true}]}}