{"id":7020,"date":"2025-12-15T13:03:15","date_gmt":"2025-12-15T18:03:15","guid":{"rendered":"https:\/\/dcobys.com\/services\/uncategorized\/oil-and-gas-production-saudi-arabia-2\/"},"modified":"2026-01-30T21:36:08","modified_gmt":"2026-01-31T02:36:08","slug":"oil-and-gas-production-saudi-arabia-2","status":"publish","type":"product","link":"https:\/\/dcobys.com\/es\/services\/misiones-comerciales\/energia-y-petroquimica\/produccion-y-exportacion-de-petroleo-y-gas\/oil-and-gas-production-saudi-arabia-2\/","title":{"rendered":"Producci\u00f3n y exportaci\u00f3n de petr\u00f3leo y gas  &#8211;  Arabia Saudita"},"content":{"rendered":"<p>La Misi\u00f3n Comercial en Arabia Saudita posiciona a las empresas dentro del mayor productor mundial de crudo y un mercado en r\u00e1pida transformaci\u00f3n bajo Visi\u00f3n 2030. En Riad, Dammam y Yeda, la misi\u00f3n permite relacionamiento directo con Saudi Aramco, clusters tecnol\u00f3gicos y proyectos de expansi\u00f3n energ\u00e9tica. Se promueven oportunidades para soluciones industriales, digitalizaci\u00f3n, log\u00edstica, mantenimiento especializado y tecnolog\u00edas para downstream y petroqu\u00edmica. Fuentes: Future Investment Initiative \u00b7 Saudi Energy Conference<\/p>\n","protected":false},"excerpt":{"rendered":"<p>La Misi\u00f3n Comercial en Arabia Saudita posiciona a las empresas dentro del mayor productor mundial de crudo y un mercado en r\u00e1pida transformaci\u00f3n bajo Visi\u00f3n 2030. En Riad, Dammam y Yeda, la misi\u00f3n permite relacionamiento directo con Saudi Aramco, clusters tecnol\u00f3gicos y proyectos de expansi\u00f3n energ\u00e9tica. Se promueven oportunidades para soluciones industriales, digitalizaci\u00f3n, log\u00edstica, mantenimiento [&hellip;]<\/p>\n","protected":false},"featured_media":8754,"template":"","meta":{"_acf_changed":false},"country":[946],"product_brand":[],"product_cat":[988,893,990],"product_tag":[924],"class_list":{"0":"post-7020","1":"product","2":"type-product","3":"status-publish","4":"has-post-thumbnail","6":"country-arabia-saudita","7":"product_cat-energia-y-petroquimica","8":"product_cat-misiones-comerciales","9":"product_cat-produccion-y-exportacion-de-petroleo-y-gas","10":"product_tag-misiones-comerciales","12":"first","13":"instock","14":"virtual","15":"product-type-simple"},"acf":[],"_links":{"self":[{"href":"https:\/\/dcobys.com\/es\/wp-json\/wp\/v2\/product\/7020","targetHints":{"allow":["GET"]}}],"collection":[{"href":"https:\/\/dcobys.com\/es\/wp-json\/wp\/v2\/product"}],"about":[{"href":"https:\/\/dcobys.com\/es\/wp-json\/wp\/v2\/types\/product"}],"version-history":[{"count":0,"href":"https:\/\/dcobys.com\/es\/wp-json\/wp\/v2\/product\/7020\/revisions"}],"wp:featuredmedia":[{"embeddable":true,"href":"https:\/\/dcobys.com\/es\/wp-json\/wp\/v2\/media\/8754"}],"wp:attachment":[{"href":"https:\/\/dcobys.com\/es\/wp-json\/wp\/v2\/media?parent=7020"}],"wp:term":[{"taxonomy":"country","embeddable":true,"href":"https:\/\/dcobys.com\/es\/wp-json\/wp\/v2\/country?post=7020"},{"taxonomy":"product_brand","embeddable":true,"href":"https:\/\/dcobys.com\/es\/wp-json\/wp\/v2\/product_brand?post=7020"},{"taxonomy":"product_cat","embeddable":true,"href":"https:\/\/dcobys.com\/es\/wp-json\/wp\/v2\/product_cat?post=7020"},{"taxonomy":"product_tag","embeddable":true,"href":"https:\/\/dcobys.com\/es\/wp-json\/wp\/v2\/product_tag?post=7020"}],"curies":[{"name":"wp","href":"https:\/\/api.w.org\/{rel}","templated":true}]}}