{"id":7018,"date":"2025-12-15T13:03:15","date_gmt":"2025-12-15T18:03:15","guid":{"rendered":"https:\/\/dcobys.com\/services\/uncategorized\/oil-and-gas-production-uae-2\/"},"modified":"2026-01-30T21:36:08","modified_gmt":"2026-01-31T02:36:08","slug":"oil-and-gas-production-uae-2","status":"publish","type":"product","link":"https:\/\/dcobys.com\/es\/services\/misiones-comerciales\/energia-y-petroquimica\/produccion-y-exportacion-de-petroleo-y-gas\/oil-and-gas-production-uae-2\/","title":{"rendered":"Producci\u00f3n y exportaci\u00f3n de petr\u00f3leo y gas  &#8211;  Emiratos \u00c1rabes Unidos"},"content":{"rendered":"<p>La Misi\u00f3n Comercial en Emiratos \u00c1rabes Unidos acerca a las empresas al centro decisivo de la producci\u00f3n y exportaci\u00f3n de petr\u00f3leo y gas del Golfo, con acceso directo al ecosistema de Abu Dhabi y Dub\u00e1i liderado por ADNOC, puertos estrat\u00e9gicos y operadores globales. La misi\u00f3n permite explorar oportunidades tecnol\u00f3gicas, proveedur\u00eda especializada, infraestructura upstream\u2013midstream y servicios avanzados para energ\u00edas f\u00f3siles en transici\u00f3n. Se fortalecen agendas estrat\u00e9gicas con contratistas EPC, zonas econ\u00f3micas y entidades regulatorias del pa\u00eds. Fuentes: ADIPEC \u00b7 Offshore &#038; LNG Summit<\/p>\n","protected":false},"excerpt":{"rendered":"<p>La Misi\u00f3n Comercial en Emiratos \u00c1rabes Unidos acerca a las empresas al centro decisivo de la producci\u00f3n y exportaci\u00f3n de petr\u00f3leo y gas del Golfo, con acceso directo al ecosistema de Abu Dhabi y Dub\u00e1i liderado por ADNOC, puertos estrat\u00e9gicos y operadores globales. La misi\u00f3n permite explorar oportunidades tecnol\u00f3gicas, proveedur\u00eda especializada, infraestructura upstream\u2013midstream y servicios [&hellip;]<\/p>\n","protected":false},"featured_media":7420,"template":"","meta":{"_acf_changed":false},"country":[953],"product_brand":[],"product_cat":[988,893,990],"product_tag":[924],"class_list":{"0":"post-7018","1":"product","2":"type-product","3":"status-publish","4":"has-post-thumbnail","6":"country-emiratos-arabes-unidos","7":"product_cat-energia-y-petroquimica","8":"product_cat-misiones-comerciales","9":"product_cat-produccion-y-exportacion-de-petroleo-y-gas","10":"product_tag-misiones-comerciales","12":"first","13":"instock","14":"virtual","15":"product-type-simple"},"acf":[],"_links":{"self":[{"href":"https:\/\/dcobys.com\/es\/wp-json\/wp\/v2\/product\/7018","targetHints":{"allow":["GET"]}}],"collection":[{"href":"https:\/\/dcobys.com\/es\/wp-json\/wp\/v2\/product"}],"about":[{"href":"https:\/\/dcobys.com\/es\/wp-json\/wp\/v2\/types\/product"}],"version-history":[{"count":0,"href":"https:\/\/dcobys.com\/es\/wp-json\/wp\/v2\/product\/7018\/revisions"}],"wp:featuredmedia":[{"embeddable":true,"href":"https:\/\/dcobys.com\/es\/wp-json\/wp\/v2\/media\/7420"}],"wp:attachment":[{"href":"https:\/\/dcobys.com\/es\/wp-json\/wp\/v2\/media?parent=7018"}],"wp:term":[{"taxonomy":"country","embeddable":true,"href":"https:\/\/dcobys.com\/es\/wp-json\/wp\/v2\/country?post=7018"},{"taxonomy":"product_brand","embeddable":true,"href":"https:\/\/dcobys.com\/es\/wp-json\/wp\/v2\/product_brand?post=7018"},{"taxonomy":"product_cat","embeddable":true,"href":"https:\/\/dcobys.com\/es\/wp-json\/wp\/v2\/product_cat?post=7018"},{"taxonomy":"product_tag","embeddable":true,"href":"https:\/\/dcobys.com\/es\/wp-json\/wp\/v2\/product_tag?post=7018"}],"curies":[{"name":"wp","href":"https:\/\/api.w.org\/{rel}","templated":true}]}}