{"id":7016,"date":"2025-12-15T13:03:15","date_gmt":"2025-12-15T18:03:15","guid":{"rendered":"https:\/\/dcobys.com\/services\/uncategorized\/energy-transition-and-green-hydrogen-usa-2\/"},"modified":"2026-01-30T21:36:08","modified_gmt":"2026-01-31T02:36:08","slug":"energy-transition-and-green-hydrogen-usa-2","status":"publish","type":"product","link":"https:\/\/dcobys.com\/es\/services\/misiones-comerciales\/energia-y-petroquimica\/transicion-energetica-hidrogeno-verde-captura-de-carbono\/energy-transition-and-green-hydrogen-usa-2\/","title":{"rendered":"Transici\u00f3n energ\u00e9tica, hidr\u00f3geno verde, captura de carbono  &#8211;  EE.UU."},"content":{"rendered":"<p>La Misi\u00f3n Comercial en Estados Unidos conecta a las empresas con el mayor mercado mundial de tecnolog\u00edas limpias, donde Houston, Denver y San Francisco concentran innovaci\u00f3n en hidr\u00f3geno, captura de carbono, energ\u00edas renovables y descarbonizaci\u00f3n industrial. La agenda permite vincularse con compa\u00f1\u00edas energ\u00e9ticas, fondos de inversi\u00f3n clim\u00e1tica, laboratorios nacionales y scale-ups que impulsan proyectos a escala. La misi\u00f3n incluye visitas t\u00e9cnicas, ruedas de negocio y tendencias regulatorias clave que afectan la transici\u00f3n energ\u00e9tica global. Fuentes: CERAWeek \u00b7 RE+ \u00b7 VERGE Clean Energy Summit<\/p>\n","protected":false},"excerpt":{"rendered":"<p>La Misi\u00f3n Comercial en Estados Unidos conecta a las empresas con el mayor mercado mundial de tecnolog\u00edas limpias, donde Houston, Denver y San Francisco concentran innovaci\u00f3n en hidr\u00f3geno, captura de carbono, energ\u00edas renovables y descarbonizaci\u00f3n industrial. La agenda permite vincularse con compa\u00f1\u00edas energ\u00e9ticas, fondos de inversi\u00f3n clim\u00e1tica, laboratorios nacionales y scale-ups que impulsan proyectos a [&hellip;]<\/p>\n","protected":false},"featured_media":8748,"template":"","meta":{"_acf_changed":false},"country":[954],"product_brand":[],"product_cat":[988,893,989],"product_tag":[924],"class_list":{"0":"post-7016","1":"product","2":"type-product","3":"status-publish","4":"has-post-thumbnail","6":"country-ee-uu","7":"product_cat-energia-y-petroquimica","8":"product_cat-misiones-comerciales","9":"product_cat-transicion-energetica-hidrogeno-verde-captura-de-carbono","10":"product_tag-misiones-comerciales","12":"first","13":"instock","14":"virtual","15":"product-type-simple"},"acf":[],"_links":{"self":[{"href":"https:\/\/dcobys.com\/es\/wp-json\/wp\/v2\/product\/7016","targetHints":{"allow":["GET"]}}],"collection":[{"href":"https:\/\/dcobys.com\/es\/wp-json\/wp\/v2\/product"}],"about":[{"href":"https:\/\/dcobys.com\/es\/wp-json\/wp\/v2\/types\/product"}],"version-history":[{"count":0,"href":"https:\/\/dcobys.com\/es\/wp-json\/wp\/v2\/product\/7016\/revisions"}],"wp:featuredmedia":[{"embeddable":true,"href":"https:\/\/dcobys.com\/es\/wp-json\/wp\/v2\/media\/8748"}],"wp:attachment":[{"href":"https:\/\/dcobys.com\/es\/wp-json\/wp\/v2\/media?parent=7016"}],"wp:term":[{"taxonomy":"country","embeddable":true,"href":"https:\/\/dcobys.com\/es\/wp-json\/wp\/v2\/country?post=7016"},{"taxonomy":"product_brand","embeddable":true,"href":"https:\/\/dcobys.com\/es\/wp-json\/wp\/v2\/product_brand?post=7016"},{"taxonomy":"product_cat","embeddable":true,"href":"https:\/\/dcobys.com\/es\/wp-json\/wp\/v2\/product_cat?post=7016"},{"taxonomy":"product_tag","embeddable":true,"href":"https:\/\/dcobys.com\/es\/wp-json\/wp\/v2\/product_tag?post=7016"}],"curies":[{"name":"wp","href":"https:\/\/api.w.org\/{rel}","templated":true}]}}