{"id":7014,"date":"2025-12-15T13:03:15","date_gmt":"2025-12-15T18:03:15","guid":{"rendered":"https:\/\/dcobys.com\/services\/uncategorized\/energy-transition-and-green-hydrogen-norway-2\/"},"modified":"2026-01-30T21:36:08","modified_gmt":"2026-01-31T02:36:08","slug":"energy-transition-and-green-hydrogen-norway-2","status":"publish","type":"product","link":"https:\/\/dcobys.com\/es\/services\/misiones-comerciales\/energia-y-petroquimica\/transicion-energetica-hidrogeno-verde-captura-de-carbono\/energy-transition-and-green-hydrogen-norway-2\/","title":{"rendered":"Transici\u00f3n energ\u00e9tica, hidr\u00f3geno verde, captura de carbono  &#8211;  Noruega"},"content":{"rendered":"<p>La Misi\u00f3n Comercial en Noruega permite a las empresas acceder al pa\u00eds l\u00edder europeo en hidr\u00f3geno azul y verde, electrificaci\u00f3n avanzada y captura y almacenamiento de carbono (CCS), con interacci\u00f3n directa en Stavanger, Bergen y Oslo. El mercado noruego combina industria offshore, ingenier\u00eda especializada y pol\u00edticas clim\u00e1ticas pioneras que impulsan soluciones energ\u00e9ticas replicables globalmente. La agenda incluye reuniones con clusters mar\u00edtimos, operadores offshore y centros de investigaci\u00f3n que transforman la infraestructura energ\u00e9tica del Mar del Norte. Fuentes: ONS Offshore Northern Seas \u00b7 Hydrogen Norway Conference<\/p>\n","protected":false},"excerpt":{"rendered":"<p>La Misi\u00f3n Comercial en Noruega permite a las empresas acceder al pa\u00eds l\u00edder europeo en hidr\u00f3geno azul y verde, electrificaci\u00f3n avanzada y captura y almacenamiento de carbono (CCS), con interacci\u00f3n directa en Stavanger, Bergen y Oslo. El mercado noruego combina industria offshore, ingenier\u00eda especializada y pol\u00edticas clim\u00e1ticas pioneras que impulsan soluciones energ\u00e9ticas replicables globalmente. La [&hellip;]<\/p>\n","protected":false},"featured_media":8750,"template":"","meta":{"_acf_changed":false},"country":[943],"product_brand":[],"product_cat":[988,893,989],"product_tag":[924],"class_list":{"0":"post-7014","1":"product","2":"type-product","3":"status-publish","4":"has-post-thumbnail","6":"country-noruega","7":"product_cat-energia-y-petroquimica","8":"product_cat-misiones-comerciales","9":"product_cat-transicion-energetica-hidrogeno-verde-captura-de-carbono","10":"product_tag-misiones-comerciales","12":"first","13":"instock","14":"virtual","15":"product-type-simple"},"acf":[],"_links":{"self":[{"href":"https:\/\/dcobys.com\/es\/wp-json\/wp\/v2\/product\/7014","targetHints":{"allow":["GET"]}}],"collection":[{"href":"https:\/\/dcobys.com\/es\/wp-json\/wp\/v2\/product"}],"about":[{"href":"https:\/\/dcobys.com\/es\/wp-json\/wp\/v2\/types\/product"}],"version-history":[{"count":0,"href":"https:\/\/dcobys.com\/es\/wp-json\/wp\/v2\/product\/7014\/revisions"}],"wp:featuredmedia":[{"embeddable":true,"href":"https:\/\/dcobys.com\/es\/wp-json\/wp\/v2\/media\/8750"}],"wp:attachment":[{"href":"https:\/\/dcobys.com\/es\/wp-json\/wp\/v2\/media?parent=7014"}],"wp:term":[{"taxonomy":"country","embeddable":true,"href":"https:\/\/dcobys.com\/es\/wp-json\/wp\/v2\/country?post=7014"},{"taxonomy":"product_brand","embeddable":true,"href":"https:\/\/dcobys.com\/es\/wp-json\/wp\/v2\/product_brand?post=7014"},{"taxonomy":"product_cat","embeddable":true,"href":"https:\/\/dcobys.com\/es\/wp-json\/wp\/v2\/product_cat?post=7014"},{"taxonomy":"product_tag","embeddable":true,"href":"https:\/\/dcobys.com\/es\/wp-json\/wp\/v2\/product_tag?post=7014"}],"curies":[{"name":"wp","href":"https:\/\/api.w.org\/{rel}","templated":true}]}}