{"id":7012,"date":"2025-12-15T13:03:15","date_gmt":"2025-12-15T18:03:15","guid":{"rendered":"https:\/\/dcobys.com\/services\/uncategorized\/energy-transition-and-green-hydrogen-uae-2\/"},"modified":"2026-01-30T21:36:08","modified_gmt":"2026-01-31T02:36:08","slug":"energy-transition-and-green-hydrogen-uae-2","status":"publish","type":"product","link":"https:\/\/dcobys.com\/es\/services\/misiones-comerciales\/energia-y-petroquimica\/transicion-energetica-hidrogeno-verde-captura-de-carbono\/energy-transition-and-green-hydrogen-uae-2\/","title":{"rendered":"Transici\u00f3n energ\u00e9tica, hidr\u00f3geno verde, captura de carbono  &#8211;  Emiratos \u00c1rabes Unidos (Abu Dhabi)"},"content":{"rendered":"<p>La Misi\u00f3n Comercial en Emiratos \u00c1rabes Unidos concentra a las empresas en el epicentro global de la descarbonizaci\u00f3n y las tecnolog\u00edas limpias, conect\u00e1ndolas con tomadores de decisi\u00f3n en Abu Dhabi y Dub\u00e1i donde se desarrollan los mayores proyectos de hidr\u00f3geno verde, captura de carbono y transici\u00f3n energ\u00e9tica. El ecosistema liderado por ADNOC, Masdar y los hubs de innovaci\u00f3n energ\u00e9tica permite explorar inversiones, pilotos y alianzas comerciales con operadores, proveedores tecnol\u00f3gicos y entidades gubernamentales. La misi\u00f3n potencia agendas B2B, visitas a zonas de innovaci\u00f3n y actualizaci\u00f3n estrat\u00e9gica sobre pol\u00edticas energ\u00e9ticas del Golfo que marcan est\u00e1ndares internacionales. Fuentes: ADIPEC \u00b7 World Future Energy Summit \u00b7 Abu Dhabi Sustainability Week<\/p>\n","protected":false},"excerpt":{"rendered":"<p>La Misi\u00f3n Comercial en Emiratos \u00c1rabes Unidos concentra a las empresas en el epicentro global de la descarbonizaci\u00f3n y las tecnolog\u00edas limpias, conect\u00e1ndolas con tomadores de decisi\u00f3n en Abu Dhabi y Dub\u00e1i donde se desarrollan los mayores proyectos de hidr\u00f3geno verde, captura de carbono y transici\u00f3n energ\u00e9tica. El ecosistema liderado por ADNOC, Masdar y los [&hellip;]<\/p>\n","protected":false},"featured_media":7416,"template":"","meta":{"_acf_changed":false},"country":[953],"product_brand":[],"product_cat":[988,893,989],"product_tag":[924],"class_list":{"0":"post-7012","1":"product","2":"type-product","3":"status-publish","4":"has-post-thumbnail","6":"country-emiratos-arabes-unidos","7":"product_cat-energia-y-petroquimica","8":"product_cat-misiones-comerciales","9":"product_cat-transicion-energetica-hidrogeno-verde-captura-de-carbono","10":"product_tag-misiones-comerciales","12":"first","13":"instock","14":"virtual","15":"product-type-simple"},"acf":[],"_links":{"self":[{"href":"https:\/\/dcobys.com\/es\/wp-json\/wp\/v2\/product\/7012","targetHints":{"allow":["GET"]}}],"collection":[{"href":"https:\/\/dcobys.com\/es\/wp-json\/wp\/v2\/product"}],"about":[{"href":"https:\/\/dcobys.com\/es\/wp-json\/wp\/v2\/types\/product"}],"version-history":[{"count":0,"href":"https:\/\/dcobys.com\/es\/wp-json\/wp\/v2\/product\/7012\/revisions"}],"wp:featuredmedia":[{"embeddable":true,"href":"https:\/\/dcobys.com\/es\/wp-json\/wp\/v2\/media\/7416"}],"wp:attachment":[{"href":"https:\/\/dcobys.com\/es\/wp-json\/wp\/v2\/media?parent=7012"}],"wp:term":[{"taxonomy":"country","embeddable":true,"href":"https:\/\/dcobys.com\/es\/wp-json\/wp\/v2\/country?post=7012"},{"taxonomy":"product_brand","embeddable":true,"href":"https:\/\/dcobys.com\/es\/wp-json\/wp\/v2\/product_brand?post=7012"},{"taxonomy":"product_cat","embeddable":true,"href":"https:\/\/dcobys.com\/es\/wp-json\/wp\/v2\/product_cat?post=7012"},{"taxonomy":"product_tag","embeddable":true,"href":"https:\/\/dcobys.com\/es\/wp-json\/wp\/v2\/product_tag?post=7012"}],"curies":[{"name":"wp","href":"https:\/\/api.w.org\/{rel}","templated":true}]}}