{"id":7010,"date":"2025-12-15T13:03:15","date_gmt":"2025-12-15T18:03:15","guid":{"rendered":"https:\/\/dcobys.com\/services\/uncategorized\/luxury-hospitality-uae-2\/"},"modified":"2026-01-30T21:36:08","modified_gmt":"2026-01-31T02:36:08","slug":"luxury-hospitality-uae-2","status":"publish","type":"product","link":"https:\/\/dcobys.com\/es\/services\/misiones-comerciales\/turismo-y-servicios-de-viaje\/hospitalidad-de-lujo\/luxury-hospitality-uae-2\/","title":{"rendered":"Hospitalidad de lujo &#8211; Emiratos \u00c1rabes Unidos"},"content":{"rendered":"<p>La Misi\u00f3n Comercial en Emiratos \u00c1rabes Unidos proporciona acceso directo al ecosistema de turismo de lujo m\u00e1s din\u00e1mico del mundo en Dub\u00e1i. La agenda incluye reuniones con hoteles ultralujosos, desarrolladores de experiencias \u00fanicas, DMCs premium y marcas de lifestyle de categor\u00eda mundial. Los participantes podr\u00e1n identificar innovaciones en hospitalidad futurista, experiencias hiperpersonalizadas, turismo de compras de \u00e9lite y segmentos de lujo emergentes. La misi\u00f3n facilita alianzas estrat\u00e9gicas y oportunidades para elevar est\u00e1ndares de servicio y posicionamiento global.<br \/>\nFuentes: Arabian Travel Market luxury segments; Dubai Luxury Week<\/p>\n","protected":false},"excerpt":{"rendered":"<p>La Misi\u00f3n Comercial en Emiratos \u00c1rabes Unidos proporciona acceso directo al ecosistema de turismo de lujo m\u00e1s din\u00e1mico del mundo en Dub\u00e1i. La agenda incluye reuniones con hoteles ultralujosos, desarrolladores de experiencias \u00fanicas, DMCs premium y marcas de lifestyle de categor\u00eda mundial. Los participantes podr\u00e1n identificar innovaciones en hospitalidad futurista, experiencias hiperpersonalizadas, turismo de compras [&hellip;]<\/p>\n","protected":false},"featured_media":7748,"template":"","meta":{"_acf_changed":false},"country":[953],"product_brand":[],"product_cat":[1047,893,1043],"product_tag":[924],"class_list":{"0":"post-7010","1":"product","2":"type-product","3":"status-publish","4":"has-post-thumbnail","6":"country-emiratos-arabes-unidos","7":"product_cat-hospitalidad-de-lujo","8":"product_cat-misiones-comerciales","9":"product_cat-turismo-y-servicios-de-viaje","10":"product_tag-misiones-comerciales","12":"first","13":"instock","14":"virtual","15":"product-type-simple"},"acf":[],"_links":{"self":[{"href":"https:\/\/dcobys.com\/es\/wp-json\/wp\/v2\/product\/7010","targetHints":{"allow":["GET"]}}],"collection":[{"href":"https:\/\/dcobys.com\/es\/wp-json\/wp\/v2\/product"}],"about":[{"href":"https:\/\/dcobys.com\/es\/wp-json\/wp\/v2\/types\/product"}],"version-history":[{"count":0,"href":"https:\/\/dcobys.com\/es\/wp-json\/wp\/v2\/product\/7010\/revisions"}],"wp:featuredmedia":[{"embeddable":true,"href":"https:\/\/dcobys.com\/es\/wp-json\/wp\/v2\/media\/7748"}],"wp:attachment":[{"href":"https:\/\/dcobys.com\/es\/wp-json\/wp\/v2\/media?parent=7010"}],"wp:term":[{"taxonomy":"country","embeddable":true,"href":"https:\/\/dcobys.com\/es\/wp-json\/wp\/v2\/country?post=7010"},{"taxonomy":"product_brand","embeddable":true,"href":"https:\/\/dcobys.com\/es\/wp-json\/wp\/v2\/product_brand?post=7010"},{"taxonomy":"product_cat","embeddable":true,"href":"https:\/\/dcobys.com\/es\/wp-json\/wp\/v2\/product_cat?post=7010"},{"taxonomy":"product_tag","embeddable":true,"href":"https:\/\/dcobys.com\/es\/wp-json\/wp\/v2\/product_tag?post=7010"}],"curies":[{"name":"wp","href":"https:\/\/api.w.org\/{rel}","templated":true}]}}