{"id":7006,"date":"2025-12-15T13:03:15","date_gmt":"2025-12-15T18:03:15","guid":{"rendered":"https:\/\/dcobys.com\/services\/uncategorized\/luxury-hospitality-thailand-2\/"},"modified":"2026-01-30T21:36:08","modified_gmt":"2026-01-31T02:36:08","slug":"luxury-hospitality-thailand-2","status":"publish","type":"product","link":"https:\/\/dcobys.com\/es\/services\/misiones-comerciales\/turismo-y-servicios-de-viaje\/hospitalidad-de-lujo\/luxury-hospitality-thailand-2\/","title":{"rendered":"Hospitalidad de lujo &#8211; Tailandia"},"content":{"rendered":"<p>La Misi\u00f3n Comercial en Tailandia posiciona a las empresas en Phuket, un polo internacional de lujo asi\u00e1tico, wellness resort y experiencias boutique. El programa conecta con cadenas premium, DMCs de lujo, operadores de bienestar, spas de clase mundial y especialistas en turismo experiencial. La misi\u00f3n impulsa desarrollo de productos exclusivos, alianzas estrat\u00e9gicas y oportunidades de expansi\u00f3n hacia el mercado asi\u00e1tico, uno de los de mayor crecimiento en el segmento high-end.<br \/>\nFuentes: ILTM Asia; luxury travel events<\/p>\n","protected":false},"excerpt":{"rendered":"<p>La Misi\u00f3n Comercial en Tailandia posiciona a las empresas en Phuket, un polo internacional de lujo asi\u00e1tico, wellness resort y experiencias boutique. El programa conecta con cadenas premium, DMCs de lujo, operadores de bienestar, spas de clase mundial y especialistas en turismo experiencial. La misi\u00f3n impulsa desarrollo de productos exclusivos, alianzas estrat\u00e9gicas y oportunidades de [&hellip;]<\/p>\n","protected":false},"featured_media":7748,"template":"","meta":{"_acf_changed":false},"country":[951],"product_brand":[],"product_cat":[1047,893,1043],"product_tag":[924],"class_list":{"0":"post-7006","1":"product","2":"type-product","3":"status-publish","4":"has-post-thumbnail","6":"country-tailandia","7":"product_cat-hospitalidad-de-lujo","8":"product_cat-misiones-comerciales","9":"product_cat-turismo-y-servicios-de-viaje","10":"product_tag-misiones-comerciales","12":"first","13":"instock","14":"virtual","15":"product-type-simple"},"acf":[],"_links":{"self":[{"href":"https:\/\/dcobys.com\/es\/wp-json\/wp\/v2\/product\/7006","targetHints":{"allow":["GET"]}}],"collection":[{"href":"https:\/\/dcobys.com\/es\/wp-json\/wp\/v2\/product"}],"about":[{"href":"https:\/\/dcobys.com\/es\/wp-json\/wp\/v2\/types\/product"}],"version-history":[{"count":0,"href":"https:\/\/dcobys.com\/es\/wp-json\/wp\/v2\/product\/7006\/revisions"}],"wp:featuredmedia":[{"embeddable":true,"href":"https:\/\/dcobys.com\/es\/wp-json\/wp\/v2\/media\/7748"}],"wp:attachment":[{"href":"https:\/\/dcobys.com\/es\/wp-json\/wp\/v2\/media?parent=7006"}],"wp:term":[{"taxonomy":"country","embeddable":true,"href":"https:\/\/dcobys.com\/es\/wp-json\/wp\/v2\/country?post=7006"},{"taxonomy":"product_brand","embeddable":true,"href":"https:\/\/dcobys.com\/es\/wp-json\/wp\/v2\/product_brand?post=7006"},{"taxonomy":"product_cat","embeddable":true,"href":"https:\/\/dcobys.com\/es\/wp-json\/wp\/v2\/product_cat?post=7006"},{"taxonomy":"product_tag","embeddable":true,"href":"https:\/\/dcobys.com\/es\/wp-json\/wp\/v2\/product_tag?post=7006"}],"curies":[{"name":"wp","href":"https:\/\/api.w.org\/{rel}","templated":true}]}}