{"id":7004,"date":"2025-12-15T13:03:15","date_gmt":"2025-12-15T18:03:15","guid":{"rendered":"https:\/\/dcobys.com\/services\/uncategorized\/luxury-hospitality-mexico-2\/"},"modified":"2026-01-30T21:36:08","modified_gmt":"2026-01-31T02:36:08","slug":"luxury-hospitality-mexico-2","status":"publish","type":"product","link":"https:\/\/dcobys.com\/es\/services\/misiones-comerciales\/turismo-y-servicios-de-viaje\/hospitalidad-de-lujo\/luxury-hospitality-mexico-2\/","title":{"rendered":"Hospitalidad de lujo &#8211; M\u00e9xico"},"content":{"rendered":"<p>La Misi\u00f3n Comercial en M\u00e9xico facilita una inmersi\u00f3n en el ecosistema tur\u00edstico de lujo de Los Cabos, reconocido globalmente por su hoteler\u00eda cinco estrellas y experiencias exclusivas. La visita permite conectar con operadores premium, resorts ic\u00f3nicos, clusters de wellness, marinas, experiencias n\u00e1uticas y proveedores especializados en turismo high-end. Asimismo, abre oportunidades para innovaci\u00f3n en hospitalidad, dise\u00f1o de experiencias VIP y expansi\u00f3n de oferta para mercados norteamericanos y latinoamericanos.<br \/>\nFuentes: Luxury travel fairs; Tianguis Tur\u00edstico luxury tracks<\/p>\n","protected":false},"excerpt":{"rendered":"<p>La Misi\u00f3n Comercial en M\u00e9xico facilita una inmersi\u00f3n en el ecosistema tur\u00edstico de lujo de Los Cabos, reconocido globalmente por su hoteler\u00eda cinco estrellas y experiencias exclusivas. La visita permite conectar con operadores premium, resorts ic\u00f3nicos, clusters de wellness, marinas, experiencias n\u00e1uticas y proveedores especializados en turismo high-end. Asimismo, abre oportunidades para innovaci\u00f3n en hospitalidad, [&hellip;]<\/p>\n","protected":false},"featured_media":7748,"template":"","meta":{"_acf_changed":false},"country":[941],"product_brand":[],"product_cat":[1047,893,1043],"product_tag":[924],"class_list":{"0":"post-7004","1":"product","2":"type-product","3":"status-publish","4":"has-post-thumbnail","6":"country-mexico","7":"product_cat-hospitalidad-de-lujo","8":"product_cat-misiones-comerciales","9":"product_cat-turismo-y-servicios-de-viaje","10":"product_tag-misiones-comerciales","12":"first","13":"instock","14":"virtual","15":"product-type-simple"},"acf":[],"_links":{"self":[{"href":"https:\/\/dcobys.com\/es\/wp-json\/wp\/v2\/product\/7004","targetHints":{"allow":["GET"]}}],"collection":[{"href":"https:\/\/dcobys.com\/es\/wp-json\/wp\/v2\/product"}],"about":[{"href":"https:\/\/dcobys.com\/es\/wp-json\/wp\/v2\/types\/product"}],"version-history":[{"count":0,"href":"https:\/\/dcobys.com\/es\/wp-json\/wp\/v2\/product\/7004\/revisions"}],"wp:featuredmedia":[{"embeddable":true,"href":"https:\/\/dcobys.com\/es\/wp-json\/wp\/v2\/media\/7748"}],"wp:attachment":[{"href":"https:\/\/dcobys.com\/es\/wp-json\/wp\/v2\/media?parent=7004"}],"wp:term":[{"taxonomy":"country","embeddable":true,"href":"https:\/\/dcobys.com\/es\/wp-json\/wp\/v2\/country?post=7004"},{"taxonomy":"product_brand","embeddable":true,"href":"https:\/\/dcobys.com\/es\/wp-json\/wp\/v2\/product_brand?post=7004"},{"taxonomy":"product_cat","embeddable":true,"href":"https:\/\/dcobys.com\/es\/wp-json\/wp\/v2\/product_cat?post=7004"},{"taxonomy":"product_tag","embeddable":true,"href":"https:\/\/dcobys.com\/es\/wp-json\/wp\/v2\/product_tag?post=7004"}],"curies":[{"name":"wp","href":"https:\/\/api.w.org\/{rel}","templated":true}]}}