{"id":7000,"date":"2025-12-15T13:03:15","date_gmt":"2025-12-15T18:03:15","guid":{"rendered":"https:\/\/dcobys.com\/services\/uncategorized\/luxury-hospitality-france-2\/"},"modified":"2026-01-30T21:36:08","modified_gmt":"2026-01-31T02:36:08","slug":"luxury-hospitality-france-2","status":"publish","type":"product","link":"https:\/\/dcobys.com\/es\/services\/misiones-comerciales\/turismo-y-servicios-de-viaje\/hospitalidad-de-lujo\/luxury-hospitality-france-2\/","title":{"rendered":"Hospitalidad de lujo &#8211; Francia"},"content":{"rendered":"<p>La Misi\u00f3n Comercial en Francia brinda un acceso privilegiado al coraz\u00f3n del turismo de lujo europeo mediante la participaci\u00f3n en Cannes, sede de eventos globales donde confluyen hoteler\u00eda premium, destinos \u00e9lite y marcas lifestyle. Las empresas podr\u00e1n conectarse con compradores internacionales, tour operadores high-end y curadores de experiencias exclusivas. La agenda genera an\u00e1lisis de tendencias, reuniones estrat\u00e9gicas, vitrinas de innovaci\u00f3n hotelera y oportunidades para alianzas transcontinentales. Es un espacio ideal para posicionar productos de valor superior, experiencias de autor y estrategias de lujo sostenible.<br \/>\nFuentes: ILTM (Cannes edition); luxury travel events<\/p>\n","protected":false},"excerpt":{"rendered":"<p>La Misi\u00f3n Comercial en Francia brinda un acceso privilegiado al coraz\u00f3n del turismo de lujo europeo mediante la participaci\u00f3n en Cannes, sede de eventos globales donde confluyen hoteler\u00eda premium, destinos \u00e9lite y marcas lifestyle. Las empresas podr\u00e1n conectarse con compradores internacionales, tour operadores high-end y curadores de experiencias exclusivas. La agenda genera an\u00e1lisis de tendencias, [&hellip;]<\/p>\n","protected":false},"featured_media":7748,"template":"","meta":{"_acf_changed":false},"country":[933],"product_brand":[],"product_cat":[1047,893,1043],"product_tag":[924],"class_list":{"0":"post-7000","1":"product","2":"type-product","3":"status-publish","4":"has-post-thumbnail","6":"country-francia","7":"product_cat-hospitalidad-de-lujo","8":"product_cat-misiones-comerciales","9":"product_cat-turismo-y-servicios-de-viaje","10":"product_tag-misiones-comerciales","12":"first","13":"instock","14":"virtual","15":"product-type-simple"},"acf":[],"_links":{"self":[{"href":"https:\/\/dcobys.com\/es\/wp-json\/wp\/v2\/product\/7000","targetHints":{"allow":["GET"]}}],"collection":[{"href":"https:\/\/dcobys.com\/es\/wp-json\/wp\/v2\/product"}],"about":[{"href":"https:\/\/dcobys.com\/es\/wp-json\/wp\/v2\/types\/product"}],"version-history":[{"count":0,"href":"https:\/\/dcobys.com\/es\/wp-json\/wp\/v2\/product\/7000\/revisions"}],"wp:featuredmedia":[{"embeddable":true,"href":"https:\/\/dcobys.com\/es\/wp-json\/wp\/v2\/media\/7748"}],"wp:attachment":[{"href":"https:\/\/dcobys.com\/es\/wp-json\/wp\/v2\/media?parent=7000"}],"wp:term":[{"taxonomy":"country","embeddable":true,"href":"https:\/\/dcobys.com\/es\/wp-json\/wp\/v2\/country?post=7000"},{"taxonomy":"product_brand","embeddable":true,"href":"https:\/\/dcobys.com\/es\/wp-json\/wp\/v2\/product_brand?post=7000"},{"taxonomy":"product_cat","embeddable":true,"href":"https:\/\/dcobys.com\/es\/wp-json\/wp\/v2\/product_cat?post=7000"},{"taxonomy":"product_tag","embeddable":true,"href":"https:\/\/dcobys.com\/es\/wp-json\/wp\/v2\/product_tag?post=7000"}],"curies":[{"name":"wp","href":"https:\/\/api.w.org\/{rel}","templated":true}]}}