{"id":6998,"date":"2025-12-15T13:03:15","date_gmt":"2025-12-15T18:03:15","guid":{"rendered":"https:\/\/dcobys.com\/services\/uncategorized\/luxury-hospitality-spain-2\/"},"modified":"2026-01-30T21:36:08","modified_gmt":"2026-01-31T02:36:08","slug":"luxury-hospitality-spain-2","status":"publish","type":"product","link":"https:\/\/dcobys.com\/es\/services\/misiones-comerciales\/turismo-y-servicios-de-viaje\/hospitalidad-de-lujo\/luxury-hospitality-spain-2\/","title":{"rendered":"Hospitalidad de lujo &#8211; Espa\u00f1a"},"content":{"rendered":"<p>La Misi\u00f3n Comercial en Espa\u00f1a permitir\u00e1 a las empresas conectar con los principales actores del turismo premium en Marbella, un destino l\u00edder en hospitalidad de lujo del Mediterr\u00e1neo. La visita posiciona a los participantes frente a cadenas hoteleras, DMCs especializados, operadores de lujo y clusters tur\u00edsticos enfocados en viajero de alto poder adquisitivo. El entorno facilita explorar tendencias globales como ultra-personalizaci\u00f3n, wellness de \u00e9lite, experiencias sensoriales y turismo boutique. Adem\u00e1s, ofrece oportunidades para reuniones B2B, recorridos t\u00e9cnicos y alianzas con hoteles insignia. La misi\u00f3n impulsa estrategias para incrementar oferta de lujo, sofisticar servicios y elevar el est\u00e1ndar de experiencia del cliente.<br \/>\nFuentes: Luxury hospitality summits; ILTM (International Luxury Travel Market\u2014Cannes\/Miami\/Asia editions)<\/p>\n","protected":false},"excerpt":{"rendered":"<p>La Misi\u00f3n Comercial en Espa\u00f1a permitir\u00e1 a las empresas conectar con los principales actores del turismo premium en Marbella, un destino l\u00edder en hospitalidad de lujo del Mediterr\u00e1neo. La visita posiciona a los participantes frente a cadenas hoteleras, DMCs especializados, operadores de lujo y clusters tur\u00edsticos enfocados en viajero de alto poder adquisitivo. El entorno [&hellip;]<\/p>\n","protected":false},"featured_media":7748,"template":"","meta":{"_acf_changed":false},"country":[949],"product_brand":[],"product_cat":[1047,893,1043],"product_tag":[924],"class_list":{"0":"post-6998","1":"product","2":"type-product","3":"status-publish","4":"has-post-thumbnail","6":"country-espana","7":"product_cat-hospitalidad-de-lujo","8":"product_cat-misiones-comerciales","9":"product_cat-turismo-y-servicios-de-viaje","10":"product_tag-misiones-comerciales","12":"first","13":"instock","14":"virtual","15":"product-type-simple"},"acf":[],"_links":{"self":[{"href":"https:\/\/dcobys.com\/es\/wp-json\/wp\/v2\/product\/6998","targetHints":{"allow":["GET"]}}],"collection":[{"href":"https:\/\/dcobys.com\/es\/wp-json\/wp\/v2\/product"}],"about":[{"href":"https:\/\/dcobys.com\/es\/wp-json\/wp\/v2\/types\/product"}],"version-history":[{"count":0,"href":"https:\/\/dcobys.com\/es\/wp-json\/wp\/v2\/product\/6998\/revisions"}],"wp:featuredmedia":[{"embeddable":true,"href":"https:\/\/dcobys.com\/es\/wp-json\/wp\/v2\/media\/7748"}],"wp:attachment":[{"href":"https:\/\/dcobys.com\/es\/wp-json\/wp\/v2\/media?parent=6998"}],"wp:term":[{"taxonomy":"country","embeddable":true,"href":"https:\/\/dcobys.com\/es\/wp-json\/wp\/v2\/country?post=6998"},{"taxonomy":"product_brand","embeddable":true,"href":"https:\/\/dcobys.com\/es\/wp-json\/wp\/v2\/product_brand?post=6998"},{"taxonomy":"product_cat","embeddable":true,"href":"https:\/\/dcobys.com\/es\/wp-json\/wp\/v2\/product_cat?post=6998"},{"taxonomy":"product_tag","embeddable":true,"href":"https:\/\/dcobys.com\/es\/wp-json\/wp\/v2\/product_tag?post=6998"}],"curies":[{"name":"wp","href":"https:\/\/api.w.org\/{rel}","templated":true}]}}