{"id":6996,"date":"2025-12-15T13:03:07","date_gmt":"2025-12-15T18:03:07","guid":{"rendered":"https:\/\/dcobys.com\/services\/uncategorized\/business-tourism-mice-uae-2\/"},"modified":"2026-01-30T21:36:08","modified_gmt":"2026-01-31T02:36:08","slug":"business-tourism-mice-uae-2","status":"publish","type":"product","link":"https:\/\/dcobys.com\/es\/services\/misiones-comerciales\/turismo-y-servicios-de-viaje\/turismo-de-negocios\/business-tourism-mice-uae-2\/","title":{"rendered":"Turismo de negocios &#8211; Emiratos \u00c1rabes Unidos"},"content":{"rendered":"<p>La Misi\u00f3n Comercial en Emiratos \u00c1rabes Unidos facilita la entrada al din\u00e1mico mercado MICE de Dub\u00e1i, reconocido por sus magn\u00edficos recintos, ferias multinacionales y capacidad de atraer al ecosistema global de negocios. La misi\u00f3n conecta con entidades gubernamentales, organizadores de congresos, operadores tur\u00edsticos corporativos y empresas multinacionales que celebran eventos anuales en la regi\u00f3n. Dub\u00e1i destaca como hub estrat\u00e9gico entre Asia, Europa y \u00c1frica, lo que permite crear redes comerciales de alcance global. Una misi\u00f3n que impulsa posicionamiento, alianzas y oportunidades de expansi\u00f3n empresarial. Fuentes: Arabian Travel Market; Dubai MICE summits<\/p>\n","protected":false},"excerpt":{"rendered":"<p>La Misi\u00f3n Comercial en Emiratos \u00c1rabes Unidos facilita la entrada al din\u00e1mico mercado MICE de Dub\u00e1i, reconocido por sus magn\u00edficos recintos, ferias multinacionales y capacidad de atraer al ecosistema global de negocios. La misi\u00f3n conecta con entidades gubernamentales, organizadores de congresos, operadores tur\u00edsticos corporativos y empresas multinacionales que celebran eventos anuales en la regi\u00f3n. Dub\u00e1i [&hellip;]<\/p>\n","protected":false},"featured_media":7740,"template":"","meta":{"_acf_changed":false},"country":[953],"product_brand":[],"product_cat":[893,1046,1043],"product_tag":[924],"class_list":{"0":"post-6996","1":"product","2":"type-product","3":"status-publish","4":"has-post-thumbnail","6":"country-emiratos-arabes-unidos","7":"product_cat-misiones-comerciales","8":"product_cat-turismo-de-negocios","9":"product_cat-turismo-y-servicios-de-viaje","10":"product_tag-misiones-comerciales","12":"first","13":"instock","14":"virtual","15":"product-type-simple"},"acf":[],"_links":{"self":[{"href":"https:\/\/dcobys.com\/es\/wp-json\/wp\/v2\/product\/6996","targetHints":{"allow":["GET"]}}],"collection":[{"href":"https:\/\/dcobys.com\/es\/wp-json\/wp\/v2\/product"}],"about":[{"href":"https:\/\/dcobys.com\/es\/wp-json\/wp\/v2\/types\/product"}],"version-history":[{"count":0,"href":"https:\/\/dcobys.com\/es\/wp-json\/wp\/v2\/product\/6996\/revisions"}],"wp:featuredmedia":[{"embeddable":true,"href":"https:\/\/dcobys.com\/es\/wp-json\/wp\/v2\/media\/7740"}],"wp:attachment":[{"href":"https:\/\/dcobys.com\/es\/wp-json\/wp\/v2\/media?parent=6996"}],"wp:term":[{"taxonomy":"country","embeddable":true,"href":"https:\/\/dcobys.com\/es\/wp-json\/wp\/v2\/country?post=6996"},{"taxonomy":"product_brand","embeddable":true,"href":"https:\/\/dcobys.com\/es\/wp-json\/wp\/v2\/product_brand?post=6996"},{"taxonomy":"product_cat","embeddable":true,"href":"https:\/\/dcobys.com\/es\/wp-json\/wp\/v2\/product_cat?post=6996"},{"taxonomy":"product_tag","embeddable":true,"href":"https:\/\/dcobys.com\/es\/wp-json\/wp\/v2\/product_tag?post=6996"}],"curies":[{"name":"wp","href":"https:\/\/api.w.org\/{rel}","templated":true}]}}