{"id":6994,"date":"2025-12-15T13:03:07","date_gmt":"2025-12-15T18:03:07","guid":{"rendered":"https:\/\/dcobys.com\/services\/uncategorized\/business-tourism-mice-usa-2\/"},"modified":"2026-01-30T21:36:08","modified_gmt":"2026-01-31T02:36:08","slug":"business-tourism-mice-usa-2","status":"publish","type":"product","link":"https:\/\/dcobys.com\/es\/services\/misiones-comerciales\/turismo-y-servicios-de-viaje\/turismo-de-negocios\/business-tourism-mice-usa-2\/","title":{"rendered":"Turismo de negocios &#8211; EE. UU."},"content":{"rendered":"<p>La Misi\u00f3n Comercial en Estados Unidos ofrece acceso al ecosistema MICE m\u00e1s grande del mundo, con foco en Nueva York como puerta de entrada a los principales actores del sector. La misi\u00f3n permite conectar con organizadores de ferias internacionales, venues corporativos, agencias de incentivos y asociaciones que lideran congresos globales. Adem\u00e1s, facilita exploraci\u00f3n de tendencias que dominan el mercado estadounidense: hiperpersonalizaci\u00f3n, tecnolog\u00eda para eventos, sostenibilidad y grandes shows multisectoriales. Ideal para empresas que buscan escala internacional y nuevas cadenas de valor. Fuentes: IMEX America (Las Vegas\/US); regional MICE shows<\/p>\n","protected":false},"excerpt":{"rendered":"<p>La Misi\u00f3n Comercial en Estados Unidos ofrece acceso al ecosistema MICE m\u00e1s grande del mundo, con foco en Nueva York como puerta de entrada a los principales actores del sector. La misi\u00f3n permite conectar con organizadores de ferias internacionales, venues corporativos, agencias de incentivos y asociaciones que lideran congresos globales. Adem\u00e1s, facilita exploraci\u00f3n de tendencias [&hellip;]<\/p>\n","protected":false},"featured_media":7740,"template":"","meta":{"_acf_changed":false},"country":[954],"product_brand":[],"product_cat":[893,1046,1043],"product_tag":[924],"class_list":{"0":"post-6994","1":"product","2":"type-product","3":"status-publish","4":"has-post-thumbnail","6":"country-ee-uu","7":"product_cat-misiones-comerciales","8":"product_cat-turismo-de-negocios","9":"product_cat-turismo-y-servicios-de-viaje","10":"product_tag-misiones-comerciales","12":"first","13":"instock","14":"virtual","15":"product-type-simple"},"acf":[],"_links":{"self":[{"href":"https:\/\/dcobys.com\/es\/wp-json\/wp\/v2\/product\/6994","targetHints":{"allow":["GET"]}}],"collection":[{"href":"https:\/\/dcobys.com\/es\/wp-json\/wp\/v2\/product"}],"about":[{"href":"https:\/\/dcobys.com\/es\/wp-json\/wp\/v2\/types\/product"}],"version-history":[{"count":0,"href":"https:\/\/dcobys.com\/es\/wp-json\/wp\/v2\/product\/6994\/revisions"}],"wp:featuredmedia":[{"embeddable":true,"href":"https:\/\/dcobys.com\/es\/wp-json\/wp\/v2\/media\/7740"}],"wp:attachment":[{"href":"https:\/\/dcobys.com\/es\/wp-json\/wp\/v2\/media?parent=6994"}],"wp:term":[{"taxonomy":"country","embeddable":true,"href":"https:\/\/dcobys.com\/es\/wp-json\/wp\/v2\/country?post=6994"},{"taxonomy":"product_brand","embeddable":true,"href":"https:\/\/dcobys.com\/es\/wp-json\/wp\/v2\/product_brand?post=6994"},{"taxonomy":"product_cat","embeddable":true,"href":"https:\/\/dcobys.com\/es\/wp-json\/wp\/v2\/product_cat?post=6994"},{"taxonomy":"product_tag","embeddable":true,"href":"https:\/\/dcobys.com\/es\/wp-json\/wp\/v2\/product_tag?post=6994"}],"curies":[{"name":"wp","href":"https:\/\/api.w.org\/{rel}","templated":true}]}}