{"id":6986,"date":"2025-12-15T13:03:07","date_gmt":"2025-12-15T18:03:07","guid":{"rendered":"https:\/\/dcobys.com\/services\/uncategorized\/business-tourism-mice-france-2\/"},"modified":"2026-01-30T21:36:08","modified_gmt":"2026-01-31T02:36:08","slug":"business-tourism-mice-france-2","status":"publish","type":"product","link":"https:\/\/dcobys.com\/es\/services\/misiones-comerciales\/turismo-y-servicios-de-viaje\/turismo-de-negocios\/business-tourism-mice-france-2\/","title":{"rendered":"Turismo de negocios &#8211; Francia"},"content":{"rendered":"<p>La Misi\u00f3n Comercial en Francia posiciona a las empresas dentro del sofisticado mercado MICE parisino, reconocido por su infraestructura premium para reuniones, incentivos y ferias internacionales. Durante la misi\u00f3n, se facilita el contacto con organizadores de eventos, venues corporativos ic\u00f3nicos y operadores que gestionan congresos globales. Par\u00eds, como capital europea de la diplomacia y la innovaci\u00f3n, ofrece oportunidades para crear alianzas en sectores como tecnolog\u00eda, lujo, finanzas y energ\u00eda. La agenda contempla visitas t\u00e9cnicas, espacios de networking y an\u00e1lisis de tendencias que mueven al mercado franc\u00e9s del turismo de negocios. Todo ello impulsa conexiones estrat\u00e9gicas y visibilidad internacional. Fuentes: MEETINGS &#038; incentives events; trade show calendar (Paris)<\/p>\n","protected":false},"excerpt":{"rendered":"<p>La Misi\u00f3n Comercial en Francia posiciona a las empresas dentro del sofisticado mercado MICE parisino, reconocido por su infraestructura premium para reuniones, incentivos y ferias internacionales. Durante la misi\u00f3n, se facilita el contacto con organizadores de eventos, venues corporativos ic\u00f3nicos y operadores que gestionan congresos globales. Par\u00eds, como capital europea de la diplomacia y la [&hellip;]<\/p>\n","protected":false},"featured_media":7740,"template":"","meta":{"_acf_changed":false},"country":[933],"product_brand":[],"product_cat":[893,1046,1043],"product_tag":[924],"class_list":{"0":"post-6986","1":"product","2":"type-product","3":"status-publish","4":"has-post-thumbnail","6":"country-francia","7":"product_cat-misiones-comerciales","8":"product_cat-turismo-de-negocios","9":"product_cat-turismo-y-servicios-de-viaje","10":"product_tag-misiones-comerciales","12":"first","13":"instock","14":"virtual","15":"product-type-simple"},"acf":[],"_links":{"self":[{"href":"https:\/\/dcobys.com\/es\/wp-json\/wp\/v2\/product\/6986","targetHints":{"allow":["GET"]}}],"collection":[{"href":"https:\/\/dcobys.com\/es\/wp-json\/wp\/v2\/product"}],"about":[{"href":"https:\/\/dcobys.com\/es\/wp-json\/wp\/v2\/types\/product"}],"version-history":[{"count":0,"href":"https:\/\/dcobys.com\/es\/wp-json\/wp\/v2\/product\/6986\/revisions"}],"wp:featuredmedia":[{"embeddable":true,"href":"https:\/\/dcobys.com\/es\/wp-json\/wp\/v2\/media\/7740"}],"wp:attachment":[{"href":"https:\/\/dcobys.com\/es\/wp-json\/wp\/v2\/media?parent=6986"}],"wp:term":[{"taxonomy":"country","embeddable":true,"href":"https:\/\/dcobys.com\/es\/wp-json\/wp\/v2\/country?post=6986"},{"taxonomy":"product_brand","embeddable":true,"href":"https:\/\/dcobys.com\/es\/wp-json\/wp\/v2\/product_brand?post=6986"},{"taxonomy":"product_cat","embeddable":true,"href":"https:\/\/dcobys.com\/es\/wp-json\/wp\/v2\/product_cat?post=6986"},{"taxonomy":"product_tag","embeddable":true,"href":"https:\/\/dcobys.com\/es\/wp-json\/wp\/v2\/product_tag?post=6986"}],"curies":[{"name":"wp","href":"https:\/\/api.w.org\/{rel}","templated":true}]}}