{"id":6984,"date":"2025-12-15T13:03:07","date_gmt":"2025-12-15T18:03:07","guid":{"rendered":"https:\/\/dcobys.com\/services\/uncategorized\/business-tourism-mice-spain-2\/"},"modified":"2026-01-30T21:36:07","modified_gmt":"2026-01-31T02:36:07","slug":"business-tourism-mice-spain-2","status":"publish","type":"product","link":"https:\/\/dcobys.com\/es\/services\/misiones-comerciales\/turismo-y-servicios-de-viaje\/turismo-de-negocios\/business-tourism-mice-spain-2\/","title":{"rendered":"Turismo de negocios &#8211; Espa\u00f1a"},"content":{"rendered":"<p>La Misi\u00f3n Comercial en Espa\u00f1a permite a las empresas conectar con el ecosistema MICE m\u00e1s din\u00e1mico de Europa, impulsado por Madrid como hub de ferias internacionales y negocios corporativos. Esta misi\u00f3n facilita reuniones con organizadores de eventos, convention bureaus y recintos feriales que lideran congresos globales de alto impacto. Adem\u00e1s, se accede a oportunidades para alianzas estrat\u00e9gicas con compa\u00f1\u00edas que operan en turismo de negocios, incentivos y eventos corporativos. Las sesiones incluyen recorridos por espacios emblem\u00e1ticos gestionados por IFEMA y networking con actores que atraen grandes ferias tecnol\u00f3gicas, m\u00e9dicas y financieras. La propuesta potencia visibilidad en calendarios internacionales, genera nuevas rutas de negocios y abre puertas a colaboraciones con operadores especializados. Una misi\u00f3n ideal para organizaciones que buscan ampliar operaciones en el segmento MICE. Fuentes: IBTM World \/ MICE fairs (IBTM usually Barcelona\/Madrid partner); IFEMA events<\/p>\n","protected":false},"excerpt":{"rendered":"<p>La Misi\u00f3n Comercial en Espa\u00f1a permite a las empresas conectar con el ecosistema MICE m\u00e1s din\u00e1mico de Europa, impulsado por Madrid como hub de ferias internacionales y negocios corporativos. Esta misi\u00f3n facilita reuniones con organizadores de eventos, convention bureaus y recintos feriales que lideran congresos globales de alto impacto. Adem\u00e1s, se accede a oportunidades para [&hellip;]<\/p>\n","protected":false},"featured_media":7740,"template":"","meta":{"_acf_changed":false},"country":[949],"product_brand":[],"product_cat":[893,1046,1043],"product_tag":[924],"class_list":{"0":"post-6984","1":"product","2":"type-product","3":"status-publish","4":"has-post-thumbnail","6":"country-espana","7":"product_cat-misiones-comerciales","8":"product_cat-turismo-de-negocios","9":"product_cat-turismo-y-servicios-de-viaje","10":"product_tag-misiones-comerciales","12":"first","13":"instock","14":"virtual","15":"product-type-simple"},"acf":[],"_links":{"self":[{"href":"https:\/\/dcobys.com\/es\/wp-json\/wp\/v2\/product\/6984","targetHints":{"allow":["GET"]}}],"collection":[{"href":"https:\/\/dcobys.com\/es\/wp-json\/wp\/v2\/product"}],"about":[{"href":"https:\/\/dcobys.com\/es\/wp-json\/wp\/v2\/types\/product"}],"version-history":[{"count":0,"href":"https:\/\/dcobys.com\/es\/wp-json\/wp\/v2\/product\/6984\/revisions"}],"wp:featuredmedia":[{"embeddable":true,"href":"https:\/\/dcobys.com\/es\/wp-json\/wp\/v2\/media\/7740"}],"wp:attachment":[{"href":"https:\/\/dcobys.com\/es\/wp-json\/wp\/v2\/media?parent=6984"}],"wp:term":[{"taxonomy":"country","embeddable":true,"href":"https:\/\/dcobys.com\/es\/wp-json\/wp\/v2\/country?post=6984"},{"taxonomy":"product_brand","embeddable":true,"href":"https:\/\/dcobys.com\/es\/wp-json\/wp\/v2\/product_brand?post=6984"},{"taxonomy":"product_cat","embeddable":true,"href":"https:\/\/dcobys.com\/es\/wp-json\/wp\/v2\/product_cat?post=6984"},{"taxonomy":"product_tag","embeddable":true,"href":"https:\/\/dcobys.com\/es\/wp-json\/wp\/v2\/product_tag?post=6984"}],"curies":[{"name":"wp","href":"https:\/\/api.w.org\/{rel}","templated":true}]}}