{"id":6982,"date":"2025-12-15T13:03:07","date_gmt":"2025-12-15T18:03:07","guid":{"rendered":"https:\/\/dcobys.com\/services\/uncategorized\/educational-tourism-uae-2\/"},"modified":"2026-01-30T21:36:07","modified_gmt":"2026-01-31T02:36:07","slug":"educational-tourism-uae-2","status":"publish","type":"product","link":"https:\/\/dcobys.com\/es\/services\/misiones-comerciales\/turismo-y-servicios-de-viaje\/turismo-educativo\/educational-tourism-uae-2\/","title":{"rendered":"Turismo educativo &#8211; Emiratos \u00c1rabes Unidos"},"content":{"rendered":"<p>La Misi\u00f3n Comercial en Emiratos \u00c1rabes Unidos se desarrolla en Abu Dabi, un centro emergente de educaci\u00f3n internacional que impulsa grandes inversiones en universidades globales, innovaci\u00f3n y movilidad estudiantil. Esta misi\u00f3n permite conectar con instituciones que lideran alianzas entre Oriente Medio, Europa, Asia y Am\u00e9rica, abriendo oportunidades para programas conjuntos, dobles titulaciones y formaci\u00f3n internacional. Los participantes podr\u00e1n explorar ecosistemas educativos altamente tecnol\u00f3gicos, modelos de campus internacionales y ferias que re\u00fanen a actores globales del sector. La misi\u00f3n posiciona a las instituciones en un mercado en expansi\u00f3n con gran demanda de alianzas internacionales. Fuentes: Global education summit \/ university partnership events<\/p>\n","protected":false},"excerpt":{"rendered":"<p>La Misi\u00f3n Comercial en Emiratos \u00c1rabes Unidos se desarrolla en Abu Dabi, un centro emergente de educaci\u00f3n internacional que impulsa grandes inversiones en universidades globales, innovaci\u00f3n y movilidad estudiantil. Esta misi\u00f3n permite conectar con instituciones que lideran alianzas entre Oriente Medio, Europa, Asia y Am\u00e9rica, abriendo oportunidades para programas conjuntos, dobles titulaciones y formaci\u00f3n internacional. [&hellip;]<\/p>\n","protected":false},"featured_media":7732,"template":"","meta":{"_acf_changed":false},"country":[953],"product_brand":[],"product_cat":[893,1045,1043],"product_tag":[924],"class_list":{"0":"post-6982","1":"product","2":"type-product","3":"status-publish","4":"has-post-thumbnail","6":"country-emiratos-arabes-unidos","7":"product_cat-misiones-comerciales","8":"product_cat-turismo-educativo","9":"product_cat-turismo-y-servicios-de-viaje","10":"product_tag-misiones-comerciales","12":"first","13":"instock","14":"virtual","15":"product-type-simple"},"acf":[],"_links":{"self":[{"href":"https:\/\/dcobys.com\/es\/wp-json\/wp\/v2\/product\/6982","targetHints":{"allow":["GET"]}}],"collection":[{"href":"https:\/\/dcobys.com\/es\/wp-json\/wp\/v2\/product"}],"about":[{"href":"https:\/\/dcobys.com\/es\/wp-json\/wp\/v2\/types\/product"}],"version-history":[{"count":0,"href":"https:\/\/dcobys.com\/es\/wp-json\/wp\/v2\/product\/6982\/revisions"}],"wp:featuredmedia":[{"embeddable":true,"href":"https:\/\/dcobys.com\/es\/wp-json\/wp\/v2\/media\/7732"}],"wp:attachment":[{"href":"https:\/\/dcobys.com\/es\/wp-json\/wp\/v2\/media?parent=6982"}],"wp:term":[{"taxonomy":"country","embeddable":true,"href":"https:\/\/dcobys.com\/es\/wp-json\/wp\/v2\/country?post=6982"},{"taxonomy":"product_brand","embeddable":true,"href":"https:\/\/dcobys.com\/es\/wp-json\/wp\/v2\/product_brand?post=6982"},{"taxonomy":"product_cat","embeddable":true,"href":"https:\/\/dcobys.com\/es\/wp-json\/wp\/v2\/product_cat?post=6982"},{"taxonomy":"product_tag","embeddable":true,"href":"https:\/\/dcobys.com\/es\/wp-json\/wp\/v2\/product_tag?post=6982"}],"curies":[{"name":"wp","href":"https:\/\/api.w.org\/{rel}","templated":true}]}}