{"id":6980,"date":"2025-12-15T13:03:07","date_gmt":"2025-12-15T18:03:07","guid":{"rendered":"https:\/\/dcobys.com\/services\/uncategorized\/educational-tourism-usa-2\/"},"modified":"2026-01-30T21:36:07","modified_gmt":"2026-01-31T02:36:07","slug":"educational-tourism-usa-2","status":"publish","type":"product","link":"https:\/\/dcobys.com\/es\/services\/misiones-comerciales\/turismo-y-servicios-de-viaje\/turismo-educativo\/educational-tourism-usa-2\/","title":{"rendered":"Turismo educativo &#8211; EE. UU."},"content":{"rendered":"<p>La Misi\u00f3n Comercial en Estados Unidos lleva a las organizaciones a Boston, una de las capitales educativas del mundo, donde convergen universidades de \u00e9lite, centros internacionales y ferias especializadas en educaci\u00f3n global. La misi\u00f3n facilita el acercamiento a instituciones que buscan alianzas acad\u00e9micas, programas de movilidad, proyectos de investigaci\u00f3n y formaci\u00f3n internacional. Boston ofrece un entorno ideal para comprender tendencias de internacionalizaci\u00f3n, modelos de cooperaci\u00f3n estructurada y nuevas oportunidades en estudio en el extranjero. Adem\u00e1s, los participantes podr\u00e1n fortalecer redes con actores clave que influyen en la atracci\u00f3n de estudiantes globales. Fuentes: NAFSA regional events; study abroad fairs<\/p>\n","protected":false},"excerpt":{"rendered":"<p>La Misi\u00f3n Comercial en Estados Unidos lleva a las organizaciones a Boston, una de las capitales educativas del mundo, donde convergen universidades de \u00e9lite, centros internacionales y ferias especializadas en educaci\u00f3n global. La misi\u00f3n facilita el acercamiento a instituciones que buscan alianzas acad\u00e9micas, programas de movilidad, proyectos de investigaci\u00f3n y formaci\u00f3n internacional. Boston ofrece un [&hellip;]<\/p>\n","protected":false},"featured_media":7732,"template":"","meta":{"_acf_changed":false},"country":[954],"product_brand":[],"product_cat":[893,1045,1043],"product_tag":[924],"class_list":{"0":"post-6980","1":"product","2":"type-product","3":"status-publish","4":"has-post-thumbnail","6":"country-ee-uu","7":"product_cat-misiones-comerciales","8":"product_cat-turismo-educativo","9":"product_cat-turismo-y-servicios-de-viaje","10":"product_tag-misiones-comerciales","12":"first","13":"instock","14":"virtual","15":"product-type-simple"},"acf":[],"_links":{"self":[{"href":"https:\/\/dcobys.com\/es\/wp-json\/wp\/v2\/product\/6980","targetHints":{"allow":["GET"]}}],"collection":[{"href":"https:\/\/dcobys.com\/es\/wp-json\/wp\/v2\/product"}],"about":[{"href":"https:\/\/dcobys.com\/es\/wp-json\/wp\/v2\/types\/product"}],"version-history":[{"count":0,"href":"https:\/\/dcobys.com\/es\/wp-json\/wp\/v2\/product\/6980\/revisions"}],"wp:featuredmedia":[{"embeddable":true,"href":"https:\/\/dcobys.com\/es\/wp-json\/wp\/v2\/media\/7732"}],"wp:attachment":[{"href":"https:\/\/dcobys.com\/es\/wp-json\/wp\/v2\/media?parent=6980"}],"wp:term":[{"taxonomy":"country","embeddable":true,"href":"https:\/\/dcobys.com\/es\/wp-json\/wp\/v2\/country?post=6980"},{"taxonomy":"product_brand","embeddable":true,"href":"https:\/\/dcobys.com\/es\/wp-json\/wp\/v2\/product_brand?post=6980"},{"taxonomy":"product_cat","embeddable":true,"href":"https:\/\/dcobys.com\/es\/wp-json\/wp\/v2\/product_cat?post=6980"},{"taxonomy":"product_tag","embeddable":true,"href":"https:\/\/dcobys.com\/es\/wp-json\/wp\/v2\/product_tag?post=6980"}],"curies":[{"name":"wp","href":"https:\/\/api.w.org\/{rel}","templated":true}]}}