{"id":6976,"date":"2025-12-15T13:03:07","date_gmt":"2025-12-15T18:03:07","guid":{"rendered":"https:\/\/dcobys.com\/services\/uncategorized\/educational-tourism-mexico-2\/"},"modified":"2026-01-30T21:36:07","modified_gmt":"2026-01-31T02:36:07","slug":"educational-tourism-mexico-2","status":"publish","type":"product","link":"https:\/\/dcobys.com\/es\/services\/misiones-comerciales\/turismo-y-servicios-de-viaje\/turismo-educativo\/educational-tourism-mexico-2\/","title":{"rendered":"Turismo educativo &#8211; M\u00e9xico"},"content":{"rendered":"<p>La Misi\u00f3n Comercial en M\u00e9xico abre oportunidades para conectar con universidades y centros educativos de Puebla, una de las ciudades m\u00e1s din\u00e1micas del pa\u00eds en movilidad acad\u00e9mica y programas internacionales. Durante la misi\u00f3n, los participantes podr\u00e1n interactuar con instituciones que buscan alianzas para intercambios, formaci\u00f3n internacional, programas cortos y experiencias culturales para estudiantes extranjeros. M\u00e9xico se ha consolidado como destino acad\u00e9mico regional gracias a su infraestructura educativa, su conectividad y su creciente red de eventos de educaci\u00f3n internacional. La misi\u00f3n fortalece la construcci\u00f3n de acuerdos y presencia institucional en el mercado latinoamericano. Fuentes: University &#038; study abroad fairs; education exchange events<\/p>\n","protected":false},"excerpt":{"rendered":"<p>La Misi\u00f3n Comercial en M\u00e9xico abre oportunidades para conectar con universidades y centros educativos de Puebla, una de las ciudades m\u00e1s din\u00e1micas del pa\u00eds en movilidad acad\u00e9mica y programas internacionales. Durante la misi\u00f3n, los participantes podr\u00e1n interactuar con instituciones que buscan alianzas para intercambios, formaci\u00f3n internacional, programas cortos y experiencias culturales para estudiantes extranjeros. M\u00e9xico [&hellip;]<\/p>\n","protected":false},"featured_media":7732,"template":"","meta":{"_acf_changed":false},"country":[941],"product_brand":[],"product_cat":[893,1045,1043],"product_tag":[924],"class_list":{"0":"post-6976","1":"product","2":"type-product","3":"status-publish","4":"has-post-thumbnail","6":"country-mexico","7":"product_cat-misiones-comerciales","8":"product_cat-turismo-educativo","9":"product_cat-turismo-y-servicios-de-viaje","10":"product_tag-misiones-comerciales","12":"first","13":"instock","14":"virtual","15":"product-type-simple"},"acf":[],"_links":{"self":[{"href":"https:\/\/dcobys.com\/es\/wp-json\/wp\/v2\/product\/6976","targetHints":{"allow":["GET"]}}],"collection":[{"href":"https:\/\/dcobys.com\/es\/wp-json\/wp\/v2\/product"}],"about":[{"href":"https:\/\/dcobys.com\/es\/wp-json\/wp\/v2\/types\/product"}],"version-history":[{"count":0,"href":"https:\/\/dcobys.com\/es\/wp-json\/wp\/v2\/product\/6976\/revisions"}],"wp:featuredmedia":[{"embeddable":true,"href":"https:\/\/dcobys.com\/es\/wp-json\/wp\/v2\/media\/7732"}],"wp:attachment":[{"href":"https:\/\/dcobys.com\/es\/wp-json\/wp\/v2\/media?parent=6976"}],"wp:term":[{"taxonomy":"country","embeddable":true,"href":"https:\/\/dcobys.com\/es\/wp-json\/wp\/v2\/country?post=6976"},{"taxonomy":"product_brand","embeddable":true,"href":"https:\/\/dcobys.com\/es\/wp-json\/wp\/v2\/product_brand?post=6976"},{"taxonomy":"product_cat","embeddable":true,"href":"https:\/\/dcobys.com\/es\/wp-json\/wp\/v2\/product_cat?post=6976"},{"taxonomy":"product_tag","embeddable":true,"href":"https:\/\/dcobys.com\/es\/wp-json\/wp\/v2\/product_tag?post=6976"}],"curies":[{"name":"wp","href":"https:\/\/api.w.org\/{rel}","templated":true}]}}