{"id":6974,"date":"2025-12-15T13:03:07","date_gmt":"2025-12-15T18:03:07","guid":{"rendered":"https:\/\/dcobys.com\/services\/uncategorized\/educational-tourism-italy-2\/"},"modified":"2026-01-30T21:36:07","modified_gmt":"2026-01-31T02:36:07","slug":"educational-tourism-italy-2","status":"publish","type":"product","link":"https:\/\/dcobys.com\/es\/services\/misiones-comerciales\/turismo-y-servicios-de-viaje\/turismo-educativo\/educational-tourism-italy-2\/","title":{"rendered":"Turismo educativo &#8211; Italia"},"content":{"rendered":"<p>La Misi\u00f3n Comercial en Italia acerca a las empresas y entidades educativas a Roma, un hub internacional que combina patrimonio cultural con programas acad\u00e9micos globales y cooperaci\u00f3n universitaria. La misi\u00f3n permite establecer contacto con instituciones italianas que ofrecen study abroad, programas de investigaci\u00f3n conjunta y experiencias educativas con enfoque hist\u00f3rico-cultural. Adem\u00e1s, Italia concentra eventos que re\u00fanen a universidades, consultoras educativas, agencias especializadas y organismos internacionales que promueven la movilidad estudiantil. Los asistentes podr\u00e1n detectar demanda emergente, alianzas con facultades europeas y oportunidades para crear rutas educativas especializadas. Fuentes: University cooperation conferences; Edu fairs<\/p>\n","protected":false},"excerpt":{"rendered":"<p>La Misi\u00f3n Comercial en Italia acerca a las empresas y entidades educativas a Roma, un hub internacional que combina patrimonio cultural con programas acad\u00e9micos globales y cooperaci\u00f3n universitaria. La misi\u00f3n permite establecer contacto con instituciones italianas que ofrecen study abroad, programas de investigaci\u00f3n conjunta y experiencias educativas con enfoque hist\u00f3rico-cultural. Adem\u00e1s, Italia concentra eventos que [&hellip;]<\/p>\n","protected":false},"featured_media":7732,"template":"","meta":{"_acf_changed":false},"country":[938],"product_brand":[],"product_cat":[893,1045,1043],"product_tag":[924],"class_list":{"0":"post-6974","1":"product","2":"type-product","3":"status-publish","4":"has-post-thumbnail","6":"country-italia","7":"product_cat-misiones-comerciales","8":"product_cat-turismo-educativo","9":"product_cat-turismo-y-servicios-de-viaje","10":"product_tag-misiones-comerciales","12":"first","13":"instock","14":"virtual","15":"product-type-simple"},"acf":[],"_links":{"self":[{"href":"https:\/\/dcobys.com\/es\/wp-json\/wp\/v2\/product\/6974","targetHints":{"allow":["GET"]}}],"collection":[{"href":"https:\/\/dcobys.com\/es\/wp-json\/wp\/v2\/product"}],"about":[{"href":"https:\/\/dcobys.com\/es\/wp-json\/wp\/v2\/types\/product"}],"version-history":[{"count":0,"href":"https:\/\/dcobys.com\/es\/wp-json\/wp\/v2\/product\/6974\/revisions"}],"wp:featuredmedia":[{"embeddable":true,"href":"https:\/\/dcobys.com\/es\/wp-json\/wp\/v2\/media\/7732"}],"wp:attachment":[{"href":"https:\/\/dcobys.com\/es\/wp-json\/wp\/v2\/media?parent=6974"}],"wp:term":[{"taxonomy":"country","embeddable":true,"href":"https:\/\/dcobys.com\/es\/wp-json\/wp\/v2\/country?post=6974"},{"taxonomy":"product_brand","embeddable":true,"href":"https:\/\/dcobys.com\/es\/wp-json\/wp\/v2\/product_brand?post=6974"},{"taxonomy":"product_cat","embeddable":true,"href":"https:\/\/dcobys.com\/es\/wp-json\/wp\/v2\/product_cat?post=6974"},{"taxonomy":"product_tag","embeddable":true,"href":"https:\/\/dcobys.com\/es\/wp-json\/wp\/v2\/product_tag?post=6974"}],"curies":[{"name":"wp","href":"https:\/\/api.w.org\/{rel}","templated":true}]}}